{"id":208568,"date":"2023-07-17T10:57:09","date_gmt":"2023-07-17T09:57:09","guid":{"rendered":"https:\/\/freewaysocial.com\/?post_type=product&#038;p=208568"},"modified":"2023-08-15T11:40:13","modified_gmt":"2023-08-15T10:40:13","slug":"instagram-canli-goeruentueler","status":"publish","type":"product","link":"https:\/\/freewaysocial.com\/tr\/urun\/instagram-canli-goeruentueler\/","title":{"rendered":"Instagram Canl\u0131 G\u00f6r\u00fcnt\u00fcler"},"content":{"rendered":"","protected":false},"excerpt":{"rendered":"<p>Instagram Canl\u0131 G\u00f6r\u00fcnt\u00fcler<\/p>\n","protected":false},"featured_media":157712,"comment_status":"closed","ping_status":"closed","template":"","meta":{"site-sidebar-layout":"default","site-content-layout":"default","ast-site-content-layout":"default","site-content-style":"default","site-sidebar-style":"default","ast-global-header-display":"","ast-banner-title-visibility":"","ast-main-header-display":"","ast-hfb-above-header-display":"","ast-hfb-below-header-display":"","ast-hfb-mobile-header-display":"","site-post-title":"","ast-breadcrumbs-content":"","ast-featured-img":"","footer-sml-layout":"","ast-disable-related-posts":"","theme-transparent-header-meta":"default","adv-header-id-meta":"","stick-header-meta":"default","header-above-stick-meta":"","header-main-stick-meta":"","header-below-stick-meta":"","astra-migrate-meta-layouts":"default","ast-page-background-enabled":"default","ast-page-background-meta":{"desktop":{"background-color":"var(--ast-global-color-4)","background-image":"","background-repeat":"repeat","background-position":"center center","background-size":"auto","background-attachment":"scroll","background-type":"","background-media":"","overlay-type":"","overlay-color":"","overlay-opacity":"","overlay-gradient":""},"tablet":{"background-color":"","background-image":"","background-repeat":"repeat","background-position":"center center","background-size":"auto","background-attachment":"scroll","background-type":"","background-media":"","overlay-type":"","overlay-color":"","overlay-opacity":"","overlay-gradient":""},"mobile":{"background-color":"","background-image":"","background-repeat":"repeat","background-position":"center center","background-size":"auto","background-attachment":"scroll","background-type":"","background-media":"","overlay-type":"","overlay-color":"","overlay-opacity":"","overlay-gradient":""}},"ast-content-background-meta":{"desktop":{"background-color":"var(--ast-global-color-5)","background-image":"","background-repeat":"repeat","background-position":"center center","background-size":"auto","background-attachment":"scroll","background-type":"","background-media":"","overlay-type":"","overlay-color":"","overlay-opacity":"","overlay-gradient":""},"tablet":{"background-color":"var(--ast-global-color-5)","background-image":"","background-repeat":"repeat","background-position":"center center","background-size":"auto","background-attachment":"scroll","background-type":"","background-media":"","overlay-type":"","overlay-color":"","overlay-opacity":"","overlay-gradient":""},"mobile":{"background-color":"var(--ast-global-color-5)","background-image":"","background-repeat":"repeat","background-position":"center center","background-size":"auto","background-attachment":"scroll","background-type":"","background-media":"","overlay-type":"","overlay-color":"","overlay-opacity":"","overlay-gradient":""}}},"product_brand":[],"product_cat":[2737,2740],"product_tag":[],"class_list":{"0":"post-208568","1":"product","2":"type-product","3":"status-publish","4":"has-post-thumbnail","6":"product_cat-instagram-tr","7":"product_cat-instagram-goruntulemeleri","8":"desktop-align-left","9":"tablet-align-left","10":"mobile-align-left","11":"ast-product-gallery-layout-horizontal-slider","12":"ast-product-gallery-with-no-image","13":"ast-magnify-disabled","14":"ast-product-single-variable","15":"ast-product-tabs-layout-horizontal","17":"first","18":"instock","19":"sale","20":"taxable","21":"shipping-taxable","22":"purchasable","23":"product-type-variable"},"_links":{"self":[{"href":"https:\/\/freewaysocial.com\/tr\/wp-json\/wp\/v2\/product\/208568","targetHints":{"allow":["GET"]}}],"collection":[{"href":"https:\/\/freewaysocial.com\/tr\/wp-json\/wp\/v2\/product"}],"about":[{"href":"https:\/\/freewaysocial.com\/tr\/wp-json\/wp\/v2\/types\/product"}],"replies":[{"embeddable":true,"href":"https:\/\/freewaysocial.com\/tr\/wp-json\/wp\/v2\/comments?post=208568"}],"wp:featuredmedia":[{"embeddable":true,"href":"https:\/\/freewaysocial.com\/tr\/wp-json\/wp\/v2\/media\/157712"}],"wp:attachment":[{"href":"https:\/\/freewaysocial.com\/tr\/wp-json\/wp\/v2\/media?parent=208568"}],"wp:term":[{"taxonomy":"product_brand","embeddable":true,"href":"https:\/\/freewaysocial.com\/tr\/wp-json\/wp\/v2\/product_brand?post=208568"},{"taxonomy":"product_cat","embeddable":true,"href":"https:\/\/freewaysocial.com\/tr\/wp-json\/wp\/v2\/product_cat?post=208568"},{"taxonomy":"product_tag","embeddable":true,"href":"https:\/\/freewaysocial.com\/tr\/wp-json\/wp\/v2\/product_tag?post=208568"}],"curies":[{"name":"wp","href":"https:\/\/api.w.org\/{rel}","templated":true}]}}