{"id":158759,"date":"2023-01-02T08:32:59","date_gmt":"2023-01-02T07:32:59","guid":{"rendered":"https:\/\/freewaysocial.com\/sartlar-ve-kosullar\/"},"modified":"2025-07-08T09:59:39","modified_gmt":"2025-07-08T08:59:39","slug":"sartlar-ve-kosullar","status":"publish","type":"page","link":"https:\/\/freewaysocial.com\/tr\/sartlar-ve-kosullar\/","title":{"rendered":"\u015eartlar ve Ko\u015fullar"},"content":{"rendered":"\n<p><strong>\u015eartlar ve Ko\u015fullar FreewaySocial.com<\/strong><\/p>\n\n<p>\u00dcr\u00fcnlerimizi ve hizmetlerimizi (&#8220;Hizmetler&#8221;) kulland\u0131\u011f\u0131n\u0131z i\u00e7in te\u015fekk\u00fcr ederiz. Hizmetler Huge Upward LTD taraf\u0131ndan sa\u011flanmaktad\u0131r. Bu web sitesine eri\u015ferek, bu web sitesi Kullan\u0131m H\u00fck\u00fcm ve Ko\u015fullar\u0131na, y\u00fcr\u00fcrl\u00fckteki t\u00fcm yasa ve y\u00f6netmeliklere tabi olmay\u0131 ve y\u00fcr\u00fcrl\u00fckteki yerel yasalara uymaktan sorumlu oldu\u011funuzu kabul etmi\u015f olursunuz. Bu \u015fartlardan herhangi birini kabul etmiyorsan\u0131z, bu siteyi kullanman\u0131z veya bu siteye eri\u015fmeniz yasakt\u0131r. Bu web sitesinde yer alan materyaller y\u00fcr\u00fcrl\u00fckteki telif hakk\u0131 ve ticari marka kanunlar\u0131 taraf\u0131ndan korunmaktad\u0131r.<\/p>\n\n<p><strong>Kullan\u0131m Lisans\u0131<\/strong><\/p>\n\n<p>FreewaySocial&#8217;\u0131n web sitesindeki materyallerin (bilgi veya yaz\u0131l\u0131m) bir kopyas\u0131n\u0131 yaln\u0131zca ki\u015fisel, ticari olmayan ge\u00e7ici g\u00f6r\u00fcnt\u00fcleme i\u00e7in ge\u00e7ici olarak indirme izni verilir. Bu bir lisans verme i\u015flemidir, m\u00fclkiyet devri de\u011fildir ve bu lisans kapsam\u0131nda<\/p>\n\n<ul class=\"wp-block-list\">\n<li>materyalleri de\u011fi\u015ftirmek veya kopyalamak;<\/li>\n\n\n\n<li>materyalleri herhangi bir ticari ama\u00e7 i\u00e7in veya herhangi bir kamuya a\u00e7\u0131k g\u00f6sterim (ticari veya ticari olmayan) i\u00e7in kullanmak;<\/li>\n\n\n\n<li>FreewaySocial&#8217;\u0131n web sitesinde bulunan herhangi bir yaz\u0131l\u0131m\u0131 derlemeye veya tersine m\u00fchendislik yapmaya te\u015febb\u00fcs etmek;<\/li>\n\n\n\n<li>materyallerden herhangi bir telif hakk\u0131 veya di\u011fer tescilli notlar\u0131 kald\u0131rmak;<\/li>\n\n\n\n<li>veya materyalleri ba\u015fka bir ki\u015fiye aktarmak veya materyalleri ba\u015fka bir sunucuya &#8220;yans\u0131tmak&#8221;.<\/li>\n<\/ul>\n\n<p>Bu lisans, bu k\u0131s\u0131tlamalardan herhangi birini ihlal etmeniz halinde otomatik olarak sona erer ve FreewaySocial taraf\u0131ndan herhangi bir zamanda feshedilebilir. Bu materyalleri g\u00f6r\u00fcnt\u00fclemeniz sona erdi\u011finde veya bu lisans sona erdi\u011finde, elektronik veya bas\u0131l\u0131 formatta elinizde bulunan indirilmi\u015f materyalleri imha etmeniz gerekir.<\/p>\n\n<p><strong>Sorumluluk Reddi<\/strong><\/p>\n\n<p>FreewaySocial&#8217;\u0131n web sitesindeki materyaller &#8220;oldu\u011fu gibi&#8221; sa\u011flanmaktad\u0131r. FreewaySocial, a\u00e7\u0131k veya z\u0131mni hi\u00e7bir garanti vermez ve i\u015fbu belgeyle, z\u0131mni garantiler veya sat\u0131labilirlik ko\u015fullar\u0131, belirli bir amaca uygunluk veya fikri m\u00fclkiyetin ihlal edilmemesi veya di\u011fer hak ihlalleri dahil ancak bunlarla s\u0131n\u0131rl\u0131 olmamak \u00fczere di\u011fer t\u00fcm garantileri reddeder ve ge\u00e7ersiz k\u0131lar. Ayr\u0131ca, FreewaySocial, \u0130nternet web sitesindeki materyallerin kullan\u0131m\u0131n\u0131n do\u011frulu\u011fu, muhtemel sonu\u00e7lar\u0131 veya g\u00fcvenilirli\u011fi hakk\u0131nda veya bu t\u00fcr materyallerle veya bu siteyle ba\u011flant\u0131l\u0131 herhangi bir siteyle ilgili olarak herhangi bir garanti vermez veya beyanda bulunmaz.<\/p>\n\n<p><strong>S\u0131n\u0131rlamalar<\/strong><\/p>\n\n<p>FreewaySocial veya tedarik\u00e7ileri, FreewaySocial veya FreewaySocial&#8217;\u0131n yetkili bir temsilcisi bu t\u00fcr bir hasar olas\u0131l\u0131\u011f\u0131 hakk\u0131nda s\u00f6zl\u00fc veya yaz\u0131l\u0131 olarak bilgilendirilmi\u015f olsa bile, FreewaySocial&#8217;\u0131n \u0130nternet sitesindeki materyallerin kullan\u0131m\u0131ndan veya kullan\u0131lamamas\u0131ndan kaynaklanan herhangi bir zarardan (veri veya kar kayb\u0131 veya i\u015f kesintisi nedeniyle olu\u015fan zararlar dahil ancak bunlarla s\u0131n\u0131rl\u0131 olmamak \u00fczere) hi\u00e7bir durumda sorumlu olmayacakt\u0131r. Baz\u0131 yarg\u0131 b\u00f6lgeleri z\u0131mni garantilere ili\u015fkin s\u0131n\u0131rlamalara veya dolayl\u0131 veya ar\u0131zi zararlara ili\u015fkin sorumluluk s\u0131n\u0131rlamalar\u0131na izin vermedi\u011finden, bu s\u0131n\u0131rlamalar sizin i\u00e7in ge\u00e7erli olmayabilir.<\/p>\n\n<p><strong>Faturaland\u0131rma<\/strong><\/p>\n\n<p>FreewaySocial&#8217;daki \u00f6demeler, SSL \u015fifrelemesi kullan\u0131larak g\u00fcvenli \u00f6deme kabul etme y\u00f6ntemi kullan\u0131larak i\u015flenir. Hizmetlerimizi sat\u0131n alarak, ne sat\u0131n ald\u0131\u011f\u0131n\u0131z\u0131 a\u00e7\u0131k\u00e7a anlad\u0131\u011f\u0131n\u0131z\u0131 ve kabul etti\u011finizi ve kredi kart\u0131 veya banka kart\u0131 kurumu arac\u0131l\u0131\u011f\u0131yla hileli bir itirazda bulunmayaca\u011f\u0131n\u0131z\u0131 a\u00e7\u0131k\u00e7a kabul etmi\u015f olursunuz. Ayr\u0131ca, sat\u0131n alma i\u015flemini ger\u00e7ekle\u015ftirmek i\u00e7in kullan\u0131lan kredi kart\u0131n\u0131 veya banka kart\u0131n\u0131 ya da di\u011fer \u00f6deme kaynaklar\u0131n\u0131 kullanma yetkisine sahipsiniz. Hileli bir itiraz veya ters ibraz giri\u015fiminde bulunulmas\u0131 halinde, gerekirse t\u00fcm takip\u00e7i ve be\u011fenileri s\u0131f\u0131rlama, hesab\u0131n\u0131z\u0131 feshetme ve\/veya IP adresinizi kal\u0131c\u0131 olarak yasaklama hakk\u0131na sahibiz. Kullan\u0131c\u0131lar, durumu destek ekibimizle g\u00f6r\u00fc\u015fmeden \u00f6nce ters ibrazlar\u0131n, anla\u015fmazl\u0131klar\u0131n veya \u00f6deme iptallerinin ger\u00e7ekle\u015ftirilmeyece\u011fini kabul eder.<\/p>\n\n<p><strong>Revizyonlar ve Errata<\/strong><\/p>\n\n<p>FreewaySocial&#8217;\u0131n web sitesinde yer alan materyaller teknik, tipografik veya foto\u011frafik hatalar i\u00e7erebilir. FreewaySocial, web sitesindeki herhangi bir materyalin do\u011fru, eksiksiz veya g\u00fcncel oldu\u011funu garanti etmez. FreewaySocial, web sitesinde yer alan materyallerde herhangi bir zamanda bildirimde bulunmaks\u0131z\u0131n de\u011fi\u015fiklik yapabilir. Bununla birlikte, FreewaySocial materyalleri g\u00fcncellemek i\u00e7in herhangi bir taahh\u00fctte bulunmaz.<\/p>\n\n<p><strong>Ba\u011flant\u0131lar<\/strong><\/p>\n\n<p>FreewaySocial, \u0130nternet web sitesine ba\u011fl\u0131 t\u00fcm siteleri incelememi\u015ftir ve bu t\u00fcr ba\u011flant\u0131l\u0131 sitelerin i\u00e7eri\u011finden sorumlu de\u011fildir. Herhangi bir ba\u011flant\u0131n\u0131n dahil edilmesi, sitenin FreewaySocial taraf\u0131ndan onayland\u0131\u011f\u0131 anlam\u0131na gelmez. Bu t\u00fcr ba\u011flant\u0131l\u0131 web sitelerinin kullan\u0131m\u0131 kullan\u0131c\u0131n\u0131n kendi sorumlulu\u011fundad\u0131r.<\/p>\n\n<p><strong>Site Kullan\u0131m Ko\u015fullar\u0131 De\u011fi\u015fiklikleri<\/strong><\/p>\n\n<p>FreewaySocial, web sitesi i\u00e7in bu kullan\u0131m ko\u015fullar\u0131n\u0131 herhangi bir zamanda bildirimde bulunmaks\u0131z\u0131n revize edebilir. Bu web sitesini kullanarak, bu Kullan\u0131m H\u00fck\u00fcm ve Ko\u015fullar\u0131n\u0131n o zamanki g\u00fcncel s\u00fcr\u00fcm\u00fcne ba\u011fl\u0131 kalmay\u0131 kabul etmi\u015f olursunuz.<\/p>\n\n<p><strong>Ge\u00e7erli Kanun<\/strong><\/p>\n\n<p>FreewaySocial&#8217;\u0131n web sitesi ile ilgili her t\u00fcrl\u00fc talep, kanunlar ihtilaf\u0131 h\u00fck\u00fcmlerine bak\u0131lmaks\u0131z\u0131n Birle\u015fik Krall\u0131k kanunlar\u0131na tabi olacakt\u0131r. Genel H\u00fck\u00fcm ve Ko\u015fullar, bir Web Sitesinin Kullan\u0131m\u0131 i\u00e7in ge\u00e7erlidir.<\/p>\n\n<p><strong>Destek<\/strong><\/p>\n\n<p>Kullan\u0131c\u0131lar\u0131m\u0131za sekt\u00f6r lideri destek sa\u011flamak i\u00e7in \u00e7al\u0131\u015f\u0131yoruz. Sat\u0131\u015f veya teknik sorular\u0131n\u0131z i\u00e7in l\u00fctfen support@freewaysocial.com adresinden bize e-posta g\u00f6nderin.<\/p>\n\n<p><strong>Para \u0130adeleri<\/strong><\/p>\n\n<p>Hizmetlerimizden tamamen memnun kalmayan m\u00fc\u015fterilerimiz, sat\u0131n ald\u0131klar\u0131 ilk 30 g\u00fcn i\u00e7inde tam para iadesi talep edebilirler. Para iadeleri, support@freewaysocial.com adresinden ula\u015f\u0131labilen m\u00fc\u015fteri destek temsilcilerimiz arac\u0131l\u0131\u011f\u0131yla ger\u00e7ekle\u015ftirilecektir. Para iadeleri \u00fccretsiz krediler veya hizmetler i\u00e7in ge\u00e7erli de\u011fildir. FreewaySocial, m\u00fc\u015fteri memnuniyetini kar\u015f\u0131lama hakk\u0131n\u0131 sakl\u0131 tutar ve t\u00fcm geri \u00f6demeler gerekli \u00f6zen ve s\u00fcre\u00e7 i\u00e7inde yap\u0131lmal\u0131d\u0131r.<\/p>\n\n<p><strong>Hizmet<\/strong><\/p>\n\n<ol class=\"wp-block-list\">\n<li>FreewaySocial, Instagram, Facebook, TikTok, YouTube, Twitter, Twitch, Linkedin, Spotify, Soundcloud, Snapchat, Quora, Reddit, Pinterest, Telegram, Clubhouse veya \u00fc\u00e7\u00fcnc\u00fc taraf ortaklar\u0131ndan herhangi biri ile herhangi bir \u015fekilde ba\u011flant\u0131l\u0131 de\u011fildir.<\/li>\n\n\n\n<li>Instagram, Facebook, TikTok, YouTube, Twitter, Twitch, Linkedin, Spotify, Soundcloud, Snapchat, Quora, Reddit, Pinterest, Telegram ve\/veya Clubhouse kurallar\u0131na ve tabi oldu\u011funuz her t\u00fcrl\u00fc mevzuata uymak tamamen sizin sorumlulu\u011funuzdad\u0131r. FreewaySocial&#8217;\u0131 kendi sorumlulu\u011funuzda kullan\u0131rs\u0131n\u0131z.<\/li>\n\n\n\n<li>Eylemlerinizden ve bunlar\u0131n sonu\u00e7lar\u0131ndan biz sorumlu de\u011filiz. Instagram, Facebook, TikTok, YouTube, Twitter, Twitch, Linkedin, Spotify, Soundcloud, Snapchat, Quora, Reddit, Pinterest, Telegram, Clubhouse hesab\u0131n\u0131z herhangi bir nedenle yasaklan\u0131rsa bundan biz sorumlu de\u011filiz.<\/li>\n\n\n\n<li>Instagram, Facebook, TikTok, YouTube, Twitter, Twitch, Linkedin, Spotify, Soundcloud, Snapchat, Quora, Reddit, Pinterest, Telegram, Clubhouse API&#8217;si i\u00e7in gerekli bilgileri elde etmek i\u00e7in Instagram, Facebook, TikTok, YouTube, Twitter, Twitch, Linkedin, Spotify, Soundcloud, Snapchat, Quora, Reddit, Pinterest, Telegram, Clubhouse kullan\u0131c\u0131 ad\u0131n\u0131za ihtiyac\u0131m\u0131z var. Kullan\u0131c\u0131 ad\u0131n\u0131z\u0131 saklam\u0131yor, vermiyor veya ba\u015fka bir \u015fekilde \u00fc\u00e7\u00fcnc\u00fc taraflara da\u011f\u0131tm\u0131yoruz.<\/li>\n\n\n\n<li>Beklenen takip\u00e7i, be\u011feni ve g\u00f6r\u00fcnt\u00fcleme say\u0131s\u0131 size hi\u00e7bir \u015fekilde garanti edilmez.<\/li>\n\n\n\n<li>Hizmetlerin s\u00fcrekli, kesintisiz veya hatas\u0131z \u00e7al\u0131\u015fabilirli\u011fini garanti edemeyiz.<\/li>\n\n\n\n<li>FreewaySocial hizmetini kullan\u0131rken hesaplar\u0131n\u0131n &#8220;herkese a\u00e7\u0131k&#8221; olarak ayarland\u0131\u011f\u0131ndan emin olmak tamamen m\u00fc\u015fterilerin sorumlulu\u011fundad\u0131r. Bir m\u00fc\u015fterinin profilini &#8220;\u00f6zel&#8221; olarak de\u011fi\u015ftirmesiyle ilgili olarak hizmetin kesintiye u\u011framas\u0131, bu s\u00fcre i\u00e7in herhangi bir \u00f6deme geri \u00f6demesine neden olmayacakt\u0131r.<\/li>\n\n\n\n<li>Hizmetimizi sat\u0131n ald\u0131ktan sonra, ne sat\u0131n ald\u0131\u011f\u0131n\u0131z\u0131 a\u00e7\u0131k\u00e7a anlad\u0131\u011f\u0131n\u0131z\u0131 ve kabul etti\u011finizi ve \u00f6deme i\u015flemcisi arac\u0131l\u0131\u011f\u0131yla hileli bir itirazda bulunmayaca\u011f\u0131n\u0131z\u0131 kabul edersiniz.<\/li>\n\n\n\n<li>Hizmetimizin tamam\u0131n\u0131 veya bir k\u0131sm\u0131n\u0131 ya da i\u00e7eri\u011finin herhangi birini herhangi bir zamanda bildirimde bulunmaks\u0131z\u0131n ve herhangi bir y\u00fck\u00fcml\u00fcl\u00fck alt\u0131na girmeksizin de\u011fi\u015ftirme, ask\u0131ya alma veya geri \u00e7ekme hakk\u0131m\u0131z\u0131 sakl\u0131 tutar\u0131z.<\/li>\n\n\n\n<li>\u015eartlar\u0131n de\u011fi\u015fip de\u011fi\u015fmedi\u011fini kontrol etmek tamamen sizin sorumlulu\u011funuzdad\u0131r.<\/li>\n<\/ol>\n","protected":false},"excerpt":{"rendered":"<p>\u015eartlar ve Ko\u015fullar FreewaySocial.com \u00dcr\u00fcnlerimizi ve hizmetlerimizi (&#8220;Hizmetler&#8221;) kulland\u0131\u011f\u0131n\u0131z i\u00e7in te\u015fekk\u00fcr ederiz. Hizmetler Huge Upward LTD taraf\u0131ndan sa\u011flanmaktad\u0131r. Bu web sitesine eri\u015ferek, bu web sitesi Kullan\u0131m H\u00fck\u00fcm ve Ko\u015fullar\u0131na, y\u00fcr\u00fcrl\u00fckteki t\u00fcm yasa ve y\u00f6netmeliklere tabi olmay\u0131 ve y\u00fcr\u00fcrl\u00fckteki yerel yasalara uymaktan sorumlu oldu\u011funuzu kabul etmi\u015f olursunuz. Bu \u015fartlardan herhangi birini kabul etmiyorsan\u0131z, bu siteyi kullanman\u0131z [&hellip;]<\/p>\n","protected":false},"author":1,"featured_media":0,"parent":0,"menu_order":0,"comment_status":"closed","ping_status":"closed","template":"","meta":{"site-sidebar-layout":"default","site-content-layout":"","ast-site-content-layout":"default","site-content-style":"default","site-sidebar-style":"default","ast-global-header-display":"","ast-banner-title-visibility":"","ast-main-header-display":"","ast-hfb-above-header-display":"","ast-hfb-below-header-display":"","ast-hfb-mobile-header-display":"","site-post-title":"","ast-breadcrumbs-content":"","ast-featured-img":"","footer-sml-layout":"","ast-disable-related-posts":"","theme-transparent-header-meta":"","adv-header-id-meta":"","stick-header-meta":"","header-above-stick-meta":"","header-main-stick-meta":"","header-below-stick-meta":"","astra-migrate-meta-layouts":"default","ast-page-background-enabled":"default","ast-page-background-meta":{"desktop":{"background-color":"var(--ast-global-color-4)","background-image":"","background-repeat":"repeat","background-position":"center center","background-size":"auto","background-attachment":"scroll","background-type":"","background-media":"","overlay-type":"","overlay-color":"","overlay-opacity":"","overlay-gradient":""},"tablet":{"background-color":"","background-image":"","background-repeat":"repeat","background-position":"center center","background-size":"auto","background-attachment":"scroll","background-type":"","background-media":"","overlay-type":"","overlay-color":"","overlay-opacity":"","overlay-gradient":""},"mobile":{"background-color":"","background-image":"","background-repeat":"repeat","background-position":"center center","background-size":"auto","background-attachment":"scroll","background-type":"","background-media":"","overlay-type":"","overlay-color":"","overlay-opacity":"","overlay-gradient":""}},"ast-content-background-meta":{"desktop":{"background-color":"var(--ast-global-color-5)","background-image":"","background-repeat":"repeat","background-position":"center center","background-size":"auto","background-attachment":"scroll","background-type":"","background-media":"","overlay-type":"","overlay-color":"","overlay-opacity":"","overlay-gradient":""},"tablet":{"background-color":"var(--ast-global-color-5)","background-image":"","background-repeat":"repeat","background-position":"center center","background-size":"auto","background-attachment":"scroll","background-type":"","background-media":"","overlay-type":"","overlay-color":"","overlay-opacity":"","overlay-gradient":""},"mobile":{"background-color":"var(--ast-global-color-5)","background-image":"","background-repeat":"repeat","background-position":"center center","background-size":"auto","background-attachment":"scroll","background-type":"","background-media":"","overlay-type":"","overlay-color":"","overlay-opacity":"","overlay-gradient":""}},"footnotes":""},"class_list":["post-158759","page","type-page","status-publish","hentry"],"_links":{"self":[{"href":"https:\/\/freewaysocial.com\/tr\/wp-json\/wp\/v2\/pages\/158759","targetHints":{"allow":["GET"]}}],"collection":[{"href":"https:\/\/freewaysocial.com\/tr\/wp-json\/wp\/v2\/pages"}],"about":[{"href":"https:\/\/freewaysocial.com\/tr\/wp-json\/wp\/v2\/types\/page"}],"author":[{"embeddable":true,"href":"https:\/\/freewaysocial.com\/tr\/wp-json\/wp\/v2\/users\/1"}],"replies":[{"embeddable":true,"href":"https:\/\/freewaysocial.com\/tr\/wp-json\/wp\/v2\/comments?post=158759"}],"version-history":[{"count":0,"href":"https:\/\/freewaysocial.com\/tr\/wp-json\/wp\/v2\/pages\/158759\/revisions"}],"wp:attachment":[{"href":"https:\/\/freewaysocial.com\/tr\/wp-json\/wp\/v2\/media?parent=158759"}],"curies":[{"name":"wp","href":"https:\/\/api.w.org\/{rel}","templated":true}]}}