{"id":140057,"date":"2023-01-02T08:32:59","date_gmt":"2023-01-02T07:32:59","guid":{"rendered":"https:\/\/freewaysocial.com\/villkor-och-forutsattningar\/"},"modified":"2025-07-08T09:59:39","modified_gmt":"2025-07-08T08:59:39","slug":"villkor-och-forutsattningar","status":"publish","type":"page","link":"https:\/\/freewaysocial.com\/sv\/villkor-och-forutsattningar\/","title":{"rendered":"Villkor och best\u00e4mmelser"},"content":{"rendered":"\n<p><strong>Villkor FreewaySocial.com<\/strong><\/p>\n\n<p>Tack f\u00f6r att du anv\u00e4nder v\u00e5ra produkter och tj\u00e4nster (&#8221;Tj\u00e4nster&#8221;). Tj\u00e4nsterna tillhandah\u00e5lls av Huge Upward LTD. Genom att g\u00e5 in p\u00e5 den h\u00e4r webbplatsen godk\u00e4nner du att du \u00e4r bunden av webbplatsens anv\u00e4ndarvillkor, alla till\u00e4mpliga lagar och f\u00f6rordningar, och godk\u00e4nner att du \u00e4r ansvarig f\u00f6r att f\u00f6lja alla till\u00e4mpliga lokala lagar. Om du inte godk\u00e4nner n\u00e5got av dessa villkor f\u00e5r du inte anv\u00e4nda eller komma \u00e5t denna webbplats. Materialet p\u00e5 denna webbplats \u00e4r skyddat av till\u00e4mplig upphovsr\u00e4tt och varum\u00e4rkeslagstiftning.<\/p>\n\n<p><strong>Anv\u00e4ndningslicens<\/strong><\/p>\n\n<p>Tillst\u00e5nd ges att tillf\u00e4lligt ladda ner en kopia av materialet (information eller programvara) p\u00e5 FreewaySocials webbplats endast f\u00f6r personlig, icke-kommersiell tillf\u00e4llig visning. Detta \u00e4r ett beviljande av en licens, inte en \u00f6verf\u00f6ring av \u00e4gander\u00e4tt, och enligt denna licens f\u00e5r du inte:<\/p>\n\n<ul class=\"wp-block-list\">\n<li>\u00e4ndra eller kopiera materialet;<\/li>\n\n\n\n<li>anv\u00e4nda materialet i n\u00e5got kommersiellt syfte eller f\u00f6r offentlig visning (kommersiell eller icke-kommersiell);<\/li>\n\n\n\n<li>f\u00f6rs\u00f6ka dekompilera eller bak\u00e5tkompilera n\u00e5gon programvara som finns p\u00e5 FreewaySocials webbplats;<\/li>\n\n\n\n<li>ta bort alla upphovsr\u00e4ttsliga eller andra \u00e4gander\u00e4ttsliga noteringar fr\u00e5n materialet;<\/li>\n\n\n\n<li>\u00f6verf\u00f6ra materialet till en annan person eller &#8221;spegla&#8221; materialet p\u00e5 n\u00e5gon annan server.<\/li>\n<\/ul>\n\n<p>Denna licens ska automatiskt upph\u00f6ra om du bryter mot n\u00e5gon av dessa begr\u00e4nsningar och kan n\u00e4r som helst s\u00e4gas upp av FreewaySocial. N\u00e4r du slutar titta p\u00e5 detta material eller n\u00e4r denna licens upph\u00f6r m\u00e5ste du f\u00f6rst\u00f6ra allt nedladdat material som du har i din \u00e4go, oavsett om det \u00e4r i elektroniskt eller tryckt format.<\/p>\n\n<p><strong>Ansvarsfriskrivning<\/strong><\/p>\n\n<p>Materialet p\u00e5 FreewaySocials webbplats tillhandah\u00e5lls i befintligt skick. FreewaySocial ger inga garantier, uttryckliga eller underf\u00f6rst\u00e5dda, och friskriver sig h\u00e4rmed fr\u00e5n alla andra garantier, inklusive utan begr\u00e4nsning, underf\u00f6rst\u00e5dda garantier eller villkor f\u00f6r s\u00e4ljbarhet, l\u00e4mplighet f\u00f6r ett visst \u00e4ndam\u00e5l eller icke-intr\u00e5ng i immateriella r\u00e4ttigheter eller andra r\u00e4ttighetsintr\u00e5ng. FreewaySocial garanterar inte heller och g\u00f6r inga utf\u00e4stelser om riktigheten, de sannolika resultaten eller tillf\u00f6rlitligheten i anv\u00e4ndningen av materialet p\u00e5 webbplatsen eller p\u00e5 annat s\u00e4tt i samband med s\u00e5dant material eller p\u00e5 webbplatser som \u00e4r l\u00e4nkade till denna webbplats.<\/p>\n\n<p><strong>Begr\u00e4nsningar<\/strong><\/p>\n\n<p>Under inga omst\u00e4ndigheter ska FreewaySocial eller dess leverant\u00f6rer vara ansvariga f\u00f6r eventuella skador (inklusive, utan begr\u00e4nsning, skador f\u00f6r f\u00f6rlust av data eller vinst, eller p\u00e5 grund av avbrott i verksamheten) som uppst\u00e5r till f\u00f6ljd av anv\u00e4ndningen eller of\u00f6rm\u00e5gan att anv\u00e4nda materialet p\u00e5 FreewaySocials webbplats, \u00e4ven om FreewaySocial eller en auktoriserad representant f\u00f6r FreewaySocial har meddelats muntligen eller skriftligen om m\u00f6jligheten till s\u00e5dana skador. Eftersom vissa jurisdiktioner inte till\u00e5ter begr\u00e4nsningar av underf\u00f6rst\u00e5dda garantier eller begr\u00e4nsningar av ansvar f\u00f6r f\u00f6ljdskador eller tillf\u00e4lliga skador kan det h\u00e4nda att dessa begr\u00e4nsningar inte g\u00e4ller f\u00f6r dig.<\/p>\n\n<p><strong>Fakturering<\/strong><\/p>\n\n<p>Betalningar p\u00e5 FreewaySocial behandlas med hj\u00e4lp av en s\u00e4ker metod f\u00f6r att ta emot betalningar med hj\u00e4lp av SSL-kryptering. Genom att k\u00f6pa v\u00e5ra tj\u00e4nster godk\u00e4nner du uttryckligen att du f\u00f6rst\u00e5r och godk\u00e4nner vad du k\u00f6per och att du inte kommer att l\u00e4mna in en bedr\u00e4glig tvist via kredit- eller betalkortinstitutionen. Dessutom har du tillst\u00e5nd att anv\u00e4nda det kredit- eller betalkort eller n\u00e5gon annan betalningsk\u00e4lla som anv\u00e4nds f\u00f6r att g\u00f6ra k\u00f6pet. Vid ett bedr\u00e4gligt f\u00f6rs\u00f6k att l\u00e4mna in en tvist eller en \u00e5terbetalning har vi r\u00e4tt att, om n\u00f6dv\u00e4ndigt, \u00e5terst\u00e4lla alla f\u00f6ljare och gilla-markeringar, avsluta ditt konto och\/eller f\u00f6rbjuda din IP-adress permanent. Anv\u00e4ndare bekr\u00e4ftar att \u00e5terkrav, tvister eller \u00e5terbetalningar av betalningar inte kommer att genomf\u00f6ras innan situationen har diskuterats med v\u00e5rt supportteam.<\/p>\n\n<p><strong>Revideringar och felskrivningar<\/strong><\/p>\n\n<p>Materialet p\u00e5 FreewaySocials webbplats kan inneh\u00e5lla tekniska, typografiska eller fotografiska fel. FreewaySocial garanterar inte att n\u00e5got av materialet p\u00e5 webbplatsen \u00e4r korrekt, fullst\u00e4ndigt eller aktuellt. FreewaySocial kan n\u00e4r som helst och utan f\u00f6rvarning g\u00f6ra \u00e4ndringar i materialet p\u00e5 sin webbplats. FreewaySocial g\u00f6r dock inga \u00e5taganden om att uppdatera materialet.<\/p>\n\n<p><strong>L\u00e4nkar<\/strong><\/p>\n\n<p>FreewaySocial har inte granskat alla webbplatser som \u00e4r l\u00e4nkade till dess webbplats och ansvarar inte f\u00f6r inneh\u00e5llet p\u00e5 s\u00e5dana l\u00e4nkade webbplatser. Inf\u00f6randet av en l\u00e4nk inneb\u00e4r inte att FreewaySocial godk\u00e4nner webbplatsen. Anv\u00e4ndning av s\u00e5dana l\u00e4nkade webbplatser sker p\u00e5 anv\u00e4ndarens egen risk.<\/p>\n\n<p><strong>\u00c4ndringar av anv\u00e4ndningsvillkoren f\u00f6r webbplatsen<\/strong><\/p>\n\n<p>FreewaySocial kan n\u00e4r som helst och utan f\u00f6rvarning \u00e4ndra dessa anv\u00e4ndarvillkor f\u00f6r sin webbplats. Genom att anv\u00e4nda denna webbplats godk\u00e4nner du att vara bunden av den d\u00e5 g\u00e4llande versionen av dessa anv\u00e4ndarvillkor.<\/p>\n\n<p><strong>Till\u00e4mplig lag<\/strong><\/p>\n\n<p>Alla anspr\u00e5k som r\u00f6r FreewaySocials webbplats ska regleras av Storbritanniens lagar utan h\u00e4nsyn till dess lagvalsbest\u00e4mmelser. Allm\u00e4nna villkor g\u00e4ller f\u00f6r anv\u00e4ndning av en webbplats.<\/p>\n\n<p><strong>St\u00f6d<\/strong><\/p>\n\n<p>Vi str\u00e4var efter att ge v\u00e5ra anv\u00e4ndare branschledande support. Om du har n\u00e5gra fr\u00e5gor om f\u00f6rs\u00e4ljning eller teknik kan du skicka ett e-postmeddelande till oss p\u00e5 support@freewaysocial.com.<\/p>\n\n<p><strong>\u00c5terbetalningar<\/strong><\/p>\n\n<p>Kunder som inte \u00e4r helt n\u00f6jda med v\u00e5ra tj\u00e4nster kan beg\u00e4ra full \u00e5terbetalning inom de f\u00f6rsta 30 dagarna efter k\u00f6pet. \u00c5terbetalningar kommer att behandlas av v\u00e5r kundtj\u00e4nst som du kan n\u00e5 p\u00e5 support@freewaysocial.com. \u00c5terbetalningar g\u00e4ller inte f\u00f6r kostnadsfria krediter eller tj\u00e4nster. FreewaySocial f\u00f6rbeh\u00e5ller sig r\u00e4tten att uppfylla kundernas krav och alla \u00e5terbetalningar m\u00e5ste behandlas med vederb\u00f6rlig aktsamhet och i vederb\u00f6rlig ordning.<\/p>\n\n<p><strong>Service<\/strong><\/p>\n\n<ol class=\"wp-block-list\">\n<li>FreewaySocial \u00e4r inte ansluten till Instagram, Facebook, TikTok, YouTube, Twitter, Twitch, Linkedin, Spotify, Soundcloud, Snapchat, Quora, Reddit, Pinterest, Telegram, Clubhouse eller n\u00e5gon av deras tredjepartspartner p\u00e5 n\u00e5got s\u00e4tt.<\/li>\n\n\n\n<li>Det \u00e4r ditt eget ansvar att f\u00f6lja Instagram, Facebook, TikTok, YouTube, Twitter, Twitch, Linkedin, Spotify, Soundcloud, Snapchat, Quora, Reddit, Pinterest, Telegram och\/eller klubbens regler och all lagstiftning som du omfattas av. Du anv\u00e4nder FreewaySocial p\u00e5 egen risk.<\/li>\n\n\n\n<li>Vi \u00e4r inte ansvariga f\u00f6r dina handlingar och deras konsekvenser. Det \u00e4r inte v\u00e5rt fel om ditt Instagram-, Facebook-, TikTok-, YouTube-, Twitter-, Twitch-, Linkedin-, Spotify-, Soundcloud-, Snapchat-, Quora-, Reddit-, Pinterest-, Telegram- eller Clubhouse-konto av n\u00e5gon anledning \u00e4r f\u00f6rbjudet.<\/li>\n\n\n\n<li>Vi beh\u00f6ver ditt Instagram-, Facebook-, TikTok-, YouTube-, Twitter-, Twitch-, Linkedin-, Spotify-, Soundcloud-, Snapchat-, Quora-, Reddit-, Pinterest-, Telegram- och Clubhouse-anv\u00e4ndarnamn f\u00f6r att f\u00e5 den information som kr\u00e4vs f\u00f6r Instagram-, Facebook-, TikTok-, YouTube-, Twitter-, Twitch-, Linkedin-, Spotify-, Soundcloud-, Snapchat-, Quora-, Reddit-, Pinterest-, Telegram- och Clubhouse-API. Vi lagrar, ger bort eller p\u00e5 annat s\u00e4tt distribuerar inte ditt anv\u00e4ndarnamn till tredje part.<\/li>\n\n\n\n<li>Det f\u00f6rv\u00e4ntade antalet f\u00f6ljare, likes och visningar garanteras inte p\u00e5 n\u00e5got s\u00e4tt f\u00f6r dig.<\/li>\n\n\n\n<li>Vi kan inte garantera att tj\u00e4nsterna fungerar kontinuerligt, oavbrutet eller felfritt.<\/li>\n\n\n\n<li>Det \u00e4r kundernas eget ansvar att se till att deras konton \u00e4r inst\u00e4llda p\u00e5 &#8221;offentliga&#8221; n\u00e4r de anv\u00e4nder FreewaySocial-tj\u00e4nsten. Om en kund \u00e4ndrar sin profil till &#8221;privat&#8221; och d\u00e4rmed blir det inte m\u00f6jligt att f\u00e5 n\u00e5gon ers\u00e4ttning f\u00f6r denna tidsperiod.<\/li>\n\n\n\n<li>Du samtycker till att du vid k\u00f6p av v\u00e5r tj\u00e4nst tydligt f\u00f6rst\u00e5r och godk\u00e4nner vad du k\u00f6per och att du inte kommer att l\u00e4mna in en bedr\u00e4glig tvist via betalningsf\u00f6rmedlaren.<\/li>\n\n\n\n<li>Vi f\u00f6rbeh\u00e5ller oss r\u00e4tten att \u00e4ndra, avbryta eller dra tillbaka hela eller delar av v\u00e5r tj\u00e4nst eller dess inneh\u00e5ll n\u00e4r som helst utan f\u00f6rvarning och utan att ta p\u00e5 oss n\u00e5got ansvar.<\/li>\n\n\n\n<li>Det \u00e4r ditt eget ansvar att kontrollera om villkoren har \u00e4ndrats.<\/li>\n<\/ol>\n","protected":false},"excerpt":{"rendered":"<p>Villkor FreewaySocial.com Tack f\u00f6r att du anv\u00e4nder v\u00e5ra produkter och tj\u00e4nster (&#8221;Tj\u00e4nster&#8221;). Tj\u00e4nsterna tillhandah\u00e5lls av Huge Upward LTD. Genom att g\u00e5 in p\u00e5 den h\u00e4r webbplatsen godk\u00e4nner du att du \u00e4r bunden av webbplatsens anv\u00e4ndarvillkor, alla till\u00e4mpliga lagar och f\u00f6rordningar, och godk\u00e4nner att du \u00e4r ansvarig f\u00f6r att f\u00f6lja alla till\u00e4mpliga lokala lagar. Om du [&hellip;]<\/p>\n","protected":false},"author":1,"featured_media":0,"parent":0,"menu_order":0,"comment_status":"closed","ping_status":"closed","template":"","meta":{"site-sidebar-layout":"default","site-content-layout":"","ast-site-content-layout":"default","site-content-style":"default","site-sidebar-style":"default","ast-global-header-display":"","ast-banner-title-visibility":"","ast-main-header-display":"","ast-hfb-above-header-display":"","ast-hfb-below-header-display":"","ast-hfb-mobile-header-display":"","site-post-title":"","ast-breadcrumbs-content":"","ast-featured-img":"","footer-sml-layout":"","ast-disable-related-posts":"","theme-transparent-header-meta":"","adv-header-id-meta":"","stick-header-meta":"","header-above-stick-meta":"","header-main-stick-meta":"","header-below-stick-meta":"","astra-migrate-meta-layouts":"default","ast-page-background-enabled":"default","ast-page-background-meta":{"desktop":{"background-color":"var(--ast-global-color-4)","background-image":"","background-repeat":"repeat","background-position":"center center","background-size":"auto","background-attachment":"scroll","background-type":"","background-media":"","overlay-type":"","overlay-color":"","overlay-opacity":"","overlay-gradient":""},"tablet":{"background-color":"","background-image":"","background-repeat":"repeat","background-position":"center center","background-size":"auto","background-attachment":"scroll","background-type":"","background-media":"","overlay-type":"","overlay-color":"","overlay-opacity":"","overlay-gradient":""},"mobile":{"background-color":"","background-image":"","background-repeat":"repeat","background-position":"center center","background-size":"auto","background-attachment":"scroll","background-type":"","background-media":"","overlay-type":"","overlay-color":"","overlay-opacity":"","overlay-gradient":""}},"ast-content-background-meta":{"desktop":{"background-color":"var(--ast-global-color-5)","background-image":"","background-repeat":"repeat","background-position":"center center","background-size":"auto","background-attachment":"scroll","background-type":"","background-media":"","overlay-type":"","overlay-color":"","overlay-opacity":"","overlay-gradient":""},"tablet":{"background-color":"var(--ast-global-color-5)","background-image":"","background-repeat":"repeat","background-position":"center center","background-size":"auto","background-attachment":"scroll","background-type":"","background-media":"","overlay-type":"","overlay-color":"","overlay-opacity":"","overlay-gradient":""},"mobile":{"background-color":"var(--ast-global-color-5)","background-image":"","background-repeat":"repeat","background-position":"center center","background-size":"auto","background-attachment":"scroll","background-type":"","background-media":"","overlay-type":"","overlay-color":"","overlay-opacity":"","overlay-gradient":""}},"footnotes":""},"class_list":["post-140057","page","type-page","status-publish","hentry"],"_links":{"self":[{"href":"https:\/\/freewaysocial.com\/sv\/wp-json\/wp\/v2\/pages\/140057","targetHints":{"allow":["GET"]}}],"collection":[{"href":"https:\/\/freewaysocial.com\/sv\/wp-json\/wp\/v2\/pages"}],"about":[{"href":"https:\/\/freewaysocial.com\/sv\/wp-json\/wp\/v2\/types\/page"}],"author":[{"embeddable":true,"href":"https:\/\/freewaysocial.com\/sv\/wp-json\/wp\/v2\/users\/1"}],"replies":[{"embeddable":true,"href":"https:\/\/freewaysocial.com\/sv\/wp-json\/wp\/v2\/comments?post=140057"}],"version-history":[{"count":0,"href":"https:\/\/freewaysocial.com\/sv\/wp-json\/wp\/v2\/pages\/140057\/revisions"}],"wp:attachment":[{"href":"https:\/\/freewaysocial.com\/sv\/wp-json\/wp\/v2\/media?parent=140057"}],"curies":[{"name":"wp","href":"https:\/\/api.w.org\/{rel}","templated":true}]}}