{"id":214709,"date":"2023-07-26T15:33:08","date_gmt":"2023-07-26T14:33:08","guid":{"rendered":"https:\/\/freewaysocial.com\/?post_type=product&#038;p=214709"},"modified":"2023-08-15T11:19:54","modified_gmt":"2023-08-15T10:19:54","slug":"instagram-auto-visualizacoes","status":"publish","type":"product","link":"https:\/\/freewaysocial.com\/pt-br\/produto\/instagram-auto-visualizacoes\/","title":{"rendered":"Visualiza\u00e7\u00f5es autom\u00e1ticas do Instagram"},"content":{"rendered":"","protected":false},"excerpt":{"rendered":"<p>Visualiza\u00e7\u00f5es autom\u00e1ticas do Instagram<\/p>\n","protected":false},"featured_media":82640,"comment_status":"closed","ping_status":"closed","template":"","meta":{"site-sidebar-layout":"default","site-content-layout":"default","ast-site-content-layout":"default","site-content-style":"default","site-sidebar-style":"default","ast-global-header-display":"","ast-banner-title-visibility":"","ast-main-header-display":"","ast-hfb-above-header-display":"","ast-hfb-below-header-display":"","ast-hfb-mobile-header-display":"","site-post-title":"","ast-breadcrumbs-content":"","ast-featured-img":"","footer-sml-layout":"","ast-disable-related-posts":"","theme-transparent-header-meta":"default","adv-header-id-meta":"","stick-header-meta":"default","header-above-stick-meta":"","header-main-stick-meta":"","header-below-stick-meta":"","astra-migrate-meta-layouts":"default","ast-page-background-enabled":"default","ast-page-background-meta":{"desktop":{"background-color":"var(--ast-global-color-4)","background-image":"","background-repeat":"repeat","background-position":"center center","background-size":"auto","background-attachment":"scroll","background-type":"","background-media":"","overlay-type":"","overlay-color":"","overlay-opacity":"","overlay-gradient":""},"tablet":{"background-color":"","background-image":"","background-repeat":"repeat","background-position":"center center","background-size":"auto","background-attachment":"scroll","background-type":"","background-media":"","overlay-type":"","overlay-color":"","overlay-opacity":"","overlay-gradient":""},"mobile":{"background-color":"","background-image":"","background-repeat":"repeat","background-position":"center center","background-size":"auto","background-attachment":"scroll","background-type":"","background-media":"","overlay-type":"","overlay-color":"","overlay-opacity":"","overlay-gradient":""}},"ast-content-background-meta":{"desktop":{"background-color":"var(--ast-global-color-5)","background-image":"","background-repeat":"repeat","background-position":"center center","background-size":"auto","background-attachment":"scroll","background-type":"","background-media":"","overlay-type":"","overlay-color":"","overlay-opacity":"","overlay-gradient":""},"tablet":{"background-color":"var(--ast-global-color-5)","background-image":"","background-repeat":"repeat","background-position":"center center","background-size":"auto","background-attachment":"scroll","background-type":"","background-media":"","overlay-type":"","overlay-color":"","overlay-opacity":"","overlay-gradient":""},"mobile":{"background-color":"var(--ast-global-color-5)","background-image":"","background-repeat":"repeat","background-position":"center center","background-size":"auto","background-attachment":"scroll","background-type":"","background-media":"","overlay-type":"","overlay-color":"","overlay-opacity":"","overlay-gradient":""}}},"product_brand":[],"product_cat":[1837,2020,3934],"product_tag":[],"class_list":{"0":"post-214709","1":"product","2":"type-product","3":"status-publish","4":"has-post-thumbnail","6":"product_cat-instagram-pt-br","7":"product_cat-vistas-instagramas","8":"product_cat-instagram-auto-services-pt-br","9":"desktop-align-left","10":"tablet-align-left","11":"mobile-align-left","12":"ast-product-gallery-layout-horizontal-slider","13":"ast-product-gallery-with-no-image","14":"ast-magnify-disabled","15":"ast-product-single-variable","16":"ast-product-tabs-layout-horizontal","18":"first","19":"instock","20":"sale","21":"taxable","22":"shipping-taxable","23":"purchasable","24":"product-type-variable"},"_links":{"self":[{"href":"https:\/\/freewaysocial.com\/pt-br\/wp-json\/wp\/v2\/product\/214709","targetHints":{"allow":["GET"]}}],"collection":[{"href":"https:\/\/freewaysocial.com\/pt-br\/wp-json\/wp\/v2\/product"}],"about":[{"href":"https:\/\/freewaysocial.com\/pt-br\/wp-json\/wp\/v2\/types\/product"}],"replies":[{"embeddable":true,"href":"https:\/\/freewaysocial.com\/pt-br\/wp-json\/wp\/v2\/comments?post=214709"}],"wp:featuredmedia":[{"embeddable":true,"href":"https:\/\/freewaysocial.com\/pt-br\/wp-json\/wp\/v2\/media\/82640"}],"wp:attachment":[{"href":"https:\/\/freewaysocial.com\/pt-br\/wp-json\/wp\/v2\/media?parent=214709"}],"wp:term":[{"taxonomy":"product_brand","embeddable":true,"href":"https:\/\/freewaysocial.com\/pt-br\/wp-json\/wp\/v2\/product_brand?post=214709"},{"taxonomy":"product_cat","embeddable":true,"href":"https:\/\/freewaysocial.com\/pt-br\/wp-json\/wp\/v2\/product_cat?post=214709"},{"taxonomy":"product_tag","embeddable":true,"href":"https:\/\/freewaysocial.com\/pt-br\/wp-json\/wp\/v2\/product_tag?post=214709"}],"curies":[{"name":"wp","href":"https:\/\/api.w.org\/{rel}","templated":true}]}}