{"id":208540,"date":"2023-07-17T10:56:53","date_gmt":"2023-07-17T09:56:53","guid":{"rendered":"https:\/\/freewaysocial.com\/?post_type=product&#038;p=208540"},"modified":"2023-08-15T11:14:06","modified_gmt":"2023-08-15T10:14:06","slug":"instagram-live-views","status":"publish","type":"product","link":"https:\/\/freewaysocial.com\/pt-br\/produto\/instagram-live-views\/","title":{"rendered":"Visualiza\u00e7\u00f5es em direto no Instagram"},"content":{"rendered":"","protected":false},"excerpt":{"rendered":"<p>Visualiza\u00e7\u00f5es em direto no Instagram<\/p>\n","protected":false},"featured_media":82640,"comment_status":"closed","ping_status":"closed","template":"","meta":{"site-sidebar-layout":"default","site-content-layout":"default","ast-site-content-layout":"default","site-content-style":"default","site-sidebar-style":"default","ast-global-header-display":"","ast-banner-title-visibility":"","ast-main-header-display":"","ast-hfb-above-header-display":"","ast-hfb-below-header-display":"","ast-hfb-mobile-header-display":"","site-post-title":"","ast-breadcrumbs-content":"","ast-featured-img":"","footer-sml-layout":"","ast-disable-related-posts":"","theme-transparent-header-meta":"default","adv-header-id-meta":"","stick-header-meta":"default","header-above-stick-meta":"","header-main-stick-meta":"","header-below-stick-meta":"","astra-migrate-meta-layouts":"default","ast-page-background-enabled":"default","ast-page-background-meta":{"desktop":{"background-color":"var(--ast-global-color-4)","background-image":"","background-repeat":"repeat","background-position":"center center","background-size":"auto","background-attachment":"scroll","background-type":"","background-media":"","overlay-type":"","overlay-color":"","overlay-opacity":"","overlay-gradient":""},"tablet":{"background-color":"","background-image":"","background-repeat":"repeat","background-position":"center center","background-size":"auto","background-attachment":"scroll","background-type":"","background-media":"","overlay-type":"","overlay-color":"","overlay-opacity":"","overlay-gradient":""},"mobile":{"background-color":"","background-image":"","background-repeat":"repeat","background-position":"center center","background-size":"auto","background-attachment":"scroll","background-type":"","background-media":"","overlay-type":"","overlay-color":"","overlay-opacity":"","overlay-gradient":""}},"ast-content-background-meta":{"desktop":{"background-color":"var(--ast-global-color-5)","background-image":"","background-repeat":"repeat","background-position":"center center","background-size":"auto","background-attachment":"scroll","background-type":"","background-media":"","overlay-type":"","overlay-color":"","overlay-opacity":"","overlay-gradient":""},"tablet":{"background-color":"var(--ast-global-color-5)","background-image":"","background-repeat":"repeat","background-position":"center center","background-size":"auto","background-attachment":"scroll","background-type":"","background-media":"","overlay-type":"","overlay-color":"","overlay-opacity":"","overlay-gradient":""},"mobile":{"background-color":"var(--ast-global-color-5)","background-image":"","background-repeat":"repeat","background-position":"center center","background-size":"auto","background-attachment":"scroll","background-type":"","background-media":"","overlay-type":"","overlay-color":"","overlay-opacity":"","overlay-gradient":""}}},"product_brand":[],"product_cat":[1837,2020],"product_tag":[],"class_list":{"0":"post-208540","1":"product","2":"type-product","3":"status-publish","4":"has-post-thumbnail","6":"product_cat-instagram-pt-br","7":"product_cat-vistas-instagramas","8":"desktop-align-left","9":"tablet-align-left","10":"mobile-align-left","11":"ast-product-gallery-layout-horizontal-slider","12":"ast-product-gallery-with-no-image","13":"ast-magnify-disabled","14":"ast-product-single-variable","15":"ast-product-tabs-layout-horizontal","17":"first","18":"instock","19":"sale","20":"taxable","21":"shipping-taxable","22":"purchasable","23":"product-type-variable"},"_links":{"self":[{"href":"https:\/\/freewaysocial.com\/pt-br\/wp-json\/wp\/v2\/product\/208540","targetHints":{"allow":["GET"]}}],"collection":[{"href":"https:\/\/freewaysocial.com\/pt-br\/wp-json\/wp\/v2\/product"}],"about":[{"href":"https:\/\/freewaysocial.com\/pt-br\/wp-json\/wp\/v2\/types\/product"}],"replies":[{"embeddable":true,"href":"https:\/\/freewaysocial.com\/pt-br\/wp-json\/wp\/v2\/comments?post=208540"}],"wp:featuredmedia":[{"embeddable":true,"href":"https:\/\/freewaysocial.com\/pt-br\/wp-json\/wp\/v2\/media\/82640"}],"wp:attachment":[{"href":"https:\/\/freewaysocial.com\/pt-br\/wp-json\/wp\/v2\/media?parent=208540"}],"wp:term":[{"taxonomy":"product_brand","embeddable":true,"href":"https:\/\/freewaysocial.com\/pt-br\/wp-json\/wp\/v2\/product_brand?post=208540"},{"taxonomy":"product_cat","embeddable":true,"href":"https:\/\/freewaysocial.com\/pt-br\/wp-json\/wp\/v2\/product_cat?post=208540"},{"taxonomy":"product_tag","embeddable":true,"href":"https:\/\/freewaysocial.com\/pt-br\/wp-json\/wp\/v2\/product_tag?post=208540"}],"curies":[{"name":"wp","href":"https:\/\/api.w.org\/{rel}","templated":true}]}}