{"id":122373,"date":"2022-11-20T15:45:57","date_gmt":"2022-11-20T14:45:57","guid":{"rendered":"https:\/\/freewaysocial.com\/product\/completo-guia-para-o-crescimento-do-programa-em-2022\/"},"modified":"2022-11-20T15:45:57","modified_gmt":"2022-11-20T14:45:57","slug":"completo-guia-para-o-crescimento-do-programa-em-2022","status":"publish","type":"product","link":"https:\/\/freewaysocial.com\/pt-br\/produto\/completo-guia-para-o-crescimento-do-programa-em-2022\/","title":{"rendered":"Curso &#8220;Guia Completo do Crescimento da Instagram em 2022&#8221;."},"content":{"rendered":"<h1><strong>Curso Instagram&nbsp;<\/strong><strong>&#8220;Guia completo para o crescimento da Instagram em 2022&#8221;<\/strong><\/h1>\n<p>&nbsp;<\/p>\n<p>O que est\u00e1 inclu\u00eddo:<\/p>\n<ul class=\"w-pricing-item-features\">\n<li class=\"w-pricing-item-feature\">65 aulas em v\u00eddeo (7,5 horas e meia de v\u00eddeo a pedido)<\/li>\n<li class=\"w-pricing-item-feature\">Acesso vital\u00edcio completo<\/li>\n<li class=\"w-pricing-item-feature\">9 recursos que podem ser descarregados<\/li>\n<li class=\"w-pricing-item-feature\">Acesso no seu computador, telem\u00f3vel e TV<\/li>\n<li class=\"w-pricing-item-feature\">Certificado de conclus\u00e3o<\/li>\n<\/ul>\n","protected":false},"excerpt":{"rendered":"<p>Curso Instagram&nbsp;&#8220;Guia completo para o crescimento da Instagram em 2022&#8221; &nbsp; O que est\u00e1 inclu\u00eddo: 65 aulas em v\u00eddeo (7,5 horas e meia de v\u00eddeo a pedido) Acesso vital\u00edcio completo 9 recursos que podem ser descarregados Acesso no seu computador, telem\u00f3vel e TV Certificado de conclus\u00e3o<\/p>\n","protected":false},"featured_media":90056,"comment_status":"open","ping_status":"closed","template":"","meta":{"site-sidebar-layout":"default","site-content-layout":"","ast-site-content-layout":"default","site-content-style":"default","site-sidebar-style":"default","ast-global-header-display":"","ast-banner-title-visibility":"","ast-main-header-display":"","ast-hfb-above-header-display":"","ast-hfb-below-header-display":"","ast-hfb-mobile-header-display":"","site-post-title":"","ast-breadcrumbs-content":"","ast-featured-img":"","footer-sml-layout":"","ast-disable-related-posts":"","theme-transparent-header-meta":"","adv-header-id-meta":"","stick-header-meta":"","header-above-stick-meta":"","header-main-stick-meta":"","header-below-stick-meta":"","astra-migrate-meta-layouts":"default","ast-page-background-enabled":"default","ast-page-background-meta":{"desktop":{"background-color":"var(--ast-global-color-4)","background-image":"","background-repeat":"repeat","background-position":"center center","background-size":"auto","background-attachment":"scroll","background-type":"","background-media":"","overlay-type":"","overlay-color":"","overlay-opacity":"","overlay-gradient":""},"tablet":{"background-color":"","background-image":"","background-repeat":"repeat","background-position":"center center","background-size":"auto","background-attachment":"scroll","background-type":"","background-media":"","overlay-type":"","overlay-color":"","overlay-opacity":"","overlay-gradient":""},"mobile":{"background-color":"","background-image":"","background-repeat":"repeat","background-position":"center center","background-size":"auto","background-attachment":"scroll","background-type":"","background-media":"","overlay-type":"","overlay-color":"","overlay-opacity":"","overlay-gradient":""}},"ast-content-background-meta":{"desktop":{"background-color":"var(--ast-global-color-5)","background-image":"","background-repeat":"repeat","background-position":"center center","background-size":"auto","background-attachment":"scroll","background-type":"","background-media":"","overlay-type":"","overlay-color":"","overlay-opacity":"","overlay-gradient":""},"tablet":{"background-color":"var(--ast-global-color-5)","background-image":"","background-repeat":"repeat","background-position":"center center","background-size":"auto","background-attachment":"scroll","background-type":"","background-media":"","overlay-type":"","overlay-color":"","overlay-opacity":"","overlay-gradient":""},"mobile":{"background-color":"var(--ast-global-color-5)","background-image":"","background-repeat":"repeat","background-position":"center center","background-size":"auto","background-attachment":"scroll","background-type":"","background-media":"","overlay-type":"","overlay-color":"","overlay-opacity":"","overlay-gradient":""}}},"product_brand":[],"product_cat":[531],"product_tag":[],"class_list":{"0":"post-122373","1":"product","2":"type-product","3":"status-publish","4":"has-post-thumbnail","6":"product_cat-uncategorized-pt-br","7":"desktop-align-left","8":"tablet-align-left","9":"mobile-align-left","10":"ast-product-gallery-layout-horizontal-slider","11":"ast-product-gallery-with-no-image","12":"ast-magnify-disabled","13":"ast-product-tabs-layout-horizontal","15":"first","16":"instock","17":"sale","18":"virtual","19":"sold-individually","20":"taxable","21":"purchasable","22":"product-type-simple"},"_links":{"self":[{"href":"https:\/\/freewaysocial.com\/pt-br\/wp-json\/wp\/v2\/product\/122373","targetHints":{"allow":["GET"]}}],"collection":[{"href":"https:\/\/freewaysocial.com\/pt-br\/wp-json\/wp\/v2\/product"}],"about":[{"href":"https:\/\/freewaysocial.com\/pt-br\/wp-json\/wp\/v2\/types\/product"}],"replies":[{"embeddable":true,"href":"https:\/\/freewaysocial.com\/pt-br\/wp-json\/wp\/v2\/comments?post=122373"}],"wp:featuredmedia":[{"embeddable":true,"href":"https:\/\/freewaysocial.com\/pt-br\/wp-json\/wp\/v2\/media\/90056"}],"wp:attachment":[{"href":"https:\/\/freewaysocial.com\/pt-br\/wp-json\/wp\/v2\/media?parent=122373"}],"wp:term":[{"taxonomy":"product_brand","embeddable":true,"href":"https:\/\/freewaysocial.com\/pt-br\/wp-json\/wp\/v2\/product_brand?post=122373"},{"taxonomy":"product_cat","embeddable":true,"href":"https:\/\/freewaysocial.com\/pt-br\/wp-json\/wp\/v2\/product_cat?post=122373"},{"taxonomy":"product_tag","embeddable":true,"href":"https:\/\/freewaysocial.com\/pt-br\/wp-json\/wp\/v2\/product_tag?post=122373"}],"curies":[{"name":"wp","href":"https:\/\/api.w.org\/{rel}","templated":true}]}}