{"id":99679,"date":"2021-03-16T08:03:56","date_gmt":"2021-03-16T07:03:56","guid":{"rendered":"https:\/\/freewaysocial.com\/freeyoutube-likes\/"},"modified":"2025-07-08T10:03:00","modified_gmt":"2025-07-08T09:03:00","slug":"freeyoutube-likes","status":"publish","type":"page","link":"https:\/\/freewaysocial.com\/pt-br\/freeyoutube-likes\/","title":{"rendered":"O YouTube gratuito gosta"},"content":{"rendered":"<p>[vc_row content_placement=&#8221;middle&#8221; height=&#8221;auto&#8221; color_scheme=&#8221;primary&#8221; bg_type=&#8221;bg_color&#8221; el_id=&#8221;vis\u00e3o geral&#8221;][vc_column width=&#8221;2\/3&#8243; el_class=&#8221;align_center_xs&#8221;][vc_row_inner content_placement=&#8221;middle&#8221;][vc_column_inner][us_separator type=&#8221;invisible&#8221;][vc_column_text]<\/p>\n<h1><strong>Ganhe 50 YouTube gr\u00e1tis Gosta R\u00e1pida e Facilmente!<\/strong><\/h1>\n<h6>1. Deixar uma resenha sobre os servi\u00e7os FreewaySocial;<\/h6>\n<h6>2. Contacte-nos atrav\u00e9s do e-mail <em>support@freewaysocial.com<\/em> e especifique o seu link de v\u00eddeo YouTube;<\/h6>\n<h6>3. Aplicaremos 50 gostos gratuitos ao seu v\u00eddeo YouTube no prazo de 24 horas.<\/h6>\n<p>[\/vc_column_text][\/vc_column_inner][\/vc_row_inner][us_separator type=&#8221;invisible&#8221; size=&#8221;large&#8221;][us_btn text=&#8221;Gosto Gr\u00e1tis&#8221; link=&#8221;&#8221; color=&#8221;secondary&#8221; size=&#8221;&#8221;][us_btn text=&#8221;Comprar mais gostos&#8221; link=&#8221;url:http%3A%2F%2Ffreewaysocial.com%2Fbuy-youtube-likes%2F|||&#8221; color=&#8221;white&#8221; size=&#8221;&#8221; icon=&#8221;shopping cart&#8221;]<\/p>\n<p><em>*S\u00f3 50 gostos gratuitos por pessoa<\/em><\/p>\n<p>[\/vc_column][vc_column width=&#8221;1\/3&#8243;][us_image_slider ids=&#8221;41522&#8243; arrows=&#8221;hide&#8221; autoplay=&#8221;1&#8243; autoplay_period=&#8221;3000&#8243; img_size=&#8221;tnail-masonry&#8221; frame=&#8221;phone6-2&#8243;][\/vc_column][\/vc_row][vc_row el_id=&#8221;caracter\u00edsticas&#8221;][vc_column][vc_column_text]<\/p>\n<h2 style=\"text-align: center;\"><strong>Caracter\u00edsticas principais<\/strong><\/h2>\n<p>[\/vc_column_text][us_separator type=&#8221;invisible&#8221; size=&#8221;large&#8221;][vc_row_inner content_placement=&#8221;middle&#8221;][vc_column_inner width=&#8221;1\/3&#8243;][us_iconbox icon=&#8221;fa-shield&#8221; color=&#8221;secondary&#8221; size=&#8221;60px&#8221; title=&#8221;100% Seguro&#8221; title_tag=&#8221;h6&#8243;]Gostos e opini\u00f5es s\u00e3o reais, \u00e9 por isso que s\u00e3o seguros para o seu canal[\/us_iconbox][us_separator type=&#8221;invisible&#8221; size=&#8221;large&#8221;][us_iconbox icon=&#8221;fa-signal&#8221; color=&#8221;secondary&#8221; size=&#8221;60px&#8221; title=&#8221;Crescimento instant\u00e2neo&#8221; title_tag=&#8221;h5&#8243;]Encoraja outros a subscreverem o seu canal[\/us_iconbox][\/vc_column_inner][vc_column_inner width=&#8221;1\/3&#8243;][us_iconbox icon=&#8221;fa-users&#8221; color=&#8221;secondary&#8221; size=&#8221;60px&#8221; title=&#8221;A mais alta qualidade&#8221; title_tag=&#8221;h5&#8243;]Geramos apenas os gostos e opini\u00f5es da mais alta qualidade[\/us_iconbox][us_separator type=&#8221;invisible&#8221; size=&#8221;large&#8221;][us_iconbox icon=&#8221;fa-rocket&#8221; color=&#8221;secondary&#8221; size=&#8221;60px&#8221; title=&#8221;Entrega r\u00e1pida&#8221; title_tag=&#8221;h5&#8243;]As encomendas s\u00e3o entregues em 1 &#8211; 24 horas[\/us_iconbox][\/vc_column_inner][vc_column_inner width=&#8221;1\/3&#8243;][us_iconbox icon=&#8221;fa-bank&#8221; color=&#8221;secondary&#8221; size=&#8221;60px&#8221; title=&#8221;Vai Ganhar Credibilidade&#8221; title_tag=&#8221;h5&#8243;]A maior contagem de gostos e opini\u00f5es ajuda a ganhar mais credibilidade[\/us_iconbox][us_separator type=&#8221;invisible&#8221; size=&#8221;large&#8221;][us_iconbox icon=&#8221;fa-plus&#8221; color=&#8221;secondary&#8221; size=&#8221;60px&#8221; title=&#8221;B\u00f3nus&#8221; title_tag=&#8221;h5&#8243;]Entregamos sempre mais do que encomendou[\/us_iconbox][\/vc_column_inner][\/vc_row_inner][\/vc_column][\/vc_row][vc_row content_placement=&#8221;middle&#8221; color_scheme=&#8221;alternate&#8221;][vc_column][vc_column_text]<\/p>\n<h2 style=\"text-align: center;\"><strong>Super Simples. Super R\u00e1pido.<\/strong><\/h2>\n<p>[\/vc_column_text][us_separator type=&#8221;invisible&#8221;][vc_row_inner][vc_column_inner width=&#8221;1\/4&#8243;][us_counter target=&#8221;56&#8243; suffix=&#8221;M&#8221; color=&#8221;primary&#8221; title=&#8221;Entrega de assinantes&#8221;][\/vc_column_inner][vc_column_inner width=&#8221;1\/4&#8243;][us_counter target=&#8221;387&#8243; suffix=&#8221;M&#8221; color=&#8221;primary&#8221; title=&#8221;Vistas Entregues&#8221;][\/vc_column_inner][vc_column_inner width=&#8221;1\/4&#8243;][us_counter target=&#8221;99,9&#8243; suffix=&#8221;%&#8221; color=&#8221;primary&#8221; title=&#8221;Clientes Felizes&#8221;][\/vc_column_inner][vc_column_inner width=&#8221;1\/4&#8243;][us_counter target=&#8221;2012&#8243; color=&#8221;primary&#8221; title=&#8221;Desde&#8221;][\/vc_column_inner][\/vc_row_inner][\/vc_column][\/vc_row][vc_row color_scheme=&#8221;secondary&#8221; el_id=&#8221;screenshots&#8221;][vc_column][vc_column_text]<\/p>\n<h2 style=\"text-align: center;\"><strong>Prestamos os melhores servi\u00e7os l\u00e1 fora!<\/strong><\/h2>\n<h5 style=\"text-align: center;\">N\u00e3o se limitem a acreditar na nossa palavra, vejam o que todos os outros dizem!<\/h5>\n<p>[\/vc_column_text][\/vc_column][\/vc_row][vc_row height=&#8221;small&#8221;][vc_column][us_testimonials columns=&#8221;2&#8243; orderby=&#8221;rand&#8221; style=&#8221;1&#8243; text_size=&#8221;1.5em&#8221; items=&#8221;8&#8243;][\/vc_column][\/vc_row][vc_row color_scheme=&#8221;secondary&#8221; el_id=&#8221;descarregar&#8221;][vc_column width=&#8221;1\/2&#8243;][vc_column_text]<\/p>\n<h2 style=\"text-align: center;\"><strong>De que est\u00e1 \u00e0 espera?<\/strong><\/h2>\n<p>[\/vc_column_text][\/vc_column][vc_column width=&#8221;1\/2&#8243;][vc_row_inner][vc_column_inner width=&#8221;1\/2&#8243;][us_btn text=&#8221;Gosto Gr\u00e1tis&#8221; link=&#8221;url:http%3A%2F%2Ftrustpilot.com%2Freview%2Ffreewaysocial.com|||&#8221; size=&#8221;&#8221; align=&#8221;center&#8221;][\/vc_column_inner][vc_column_inner width=&#8221;1\/2&#8243;][us_btn text=&#8221;Comprar mais gostos&#8221; link=&#8221;url:http%3A%2F%2Ffreewaysocial.com%2Fbuy-youtube-likes%2F|||&#8221; color=&#8221;white&#8221; size=&#8221;&#8221; align=&#8221;center&#8221; icon=&#8221;shopping cart&#8221;][\/vc_column_inner][\/vc_row_inner][\/vc_column][\/vc_row]<\/p>\n","protected":false},"excerpt":{"rendered":"<p>[vc_row content_placement=&#8221;middle&#8221; height=&#8221;auto&#8221; color_scheme=&#8221;primary&#8221; bg_type=&#8221;bg_color&#8221; el_id=&#8221;vis\u00e3o geral&#8221;][vc_column width=&#8221;2\/3&#8243; el_class=&#8221;align_center_xs&#8221;][vc_row_inner content_placement=&#8221;middle&#8221;][vc_column_inner][us_separator type=&#8221;invisible&#8221;][vc_column_text] Ganhe 50 YouTube gr\u00e1tis Gosta R\u00e1pida e Facilmente! 1. Deixar uma resenha sobre os servi\u00e7os FreewaySocial; 2. Contacte-nos atrav\u00e9s do e-mail support@freewaysocial.com e especifique o seu link de v\u00eddeo YouTube; 3. Aplicaremos 50 gostos gratuitos ao seu v\u00eddeo YouTube no prazo de 24 horas. [&hellip;]<\/p>\n","protected":false},"author":1,"featured_media":0,"parent":0,"menu_order":0,"comment_status":"closed","ping_status":"closed","template":"","meta":{"site-sidebar-layout":"no-sidebar","site-content-layout":"plain-container","ast-site-content-layout":"default","site-content-style":"default","site-sidebar-style":"default","ast-global-header-display":"","ast-banner-title-visibility":"","ast-main-header-display":"","ast-hfb-above-header-display":"","ast-hfb-below-header-display":"","ast-hfb-mobile-header-display":"","site-post-title":"disabled","ast-breadcrumbs-content":"","ast-featured-img":"disabled","footer-sml-layout":"","ast-disable-related-posts":"","theme-transparent-header-meta":"","adv-header-id-meta":"","stick-header-meta":"","header-above-stick-meta":"","header-main-stick-meta":"","header-below-stick-meta":"","astra-migrate-meta-layouts":"default","ast-page-background-enabled":"default","ast-page-background-meta":{"desktop":{"background-color":"var(--ast-global-color-4)","background-image":"","background-repeat":"repeat","background-position":"center center","background-size":"auto","background-attachment":"scroll","background-type":"","background-media":"","overlay-type":"","overlay-color":"","overlay-opacity":"","overlay-gradient":""},"tablet":{"background-color":"","background-image":"","background-repeat":"repeat","background-position":"center center","background-size":"auto","background-attachment":"scroll","background-type":"","background-media":"","overlay-type":"","overlay-color":"","overlay-opacity":"","overlay-gradient":""},"mobile":{"background-color":"","background-image":"","background-repeat":"repeat","background-position":"center center","background-size":"auto","background-attachment":"scroll","background-type":"","background-media":"","overlay-type":"","overlay-color":"","overlay-opacity":"","overlay-gradient":""}},"ast-content-background-meta":{"desktop":{"background-color":"var(--ast-global-color-5)","background-image":"","background-repeat":"repeat","background-position":"center center","background-size":"auto","background-attachment":"scroll","background-type":"","background-media":"","overlay-type":"","overlay-color":"","overlay-opacity":"","overlay-gradient":""},"tablet":{"background-color":"var(--ast-global-color-5)","background-image":"","background-repeat":"repeat","background-position":"center center","background-size":"auto","background-attachment":"scroll","background-type":"","background-media":"","overlay-type":"","overlay-color":"","overlay-opacity":"","overlay-gradient":""},"mobile":{"background-color":"var(--ast-global-color-5)","background-image":"","background-repeat":"repeat","background-position":"center center","background-size":"auto","background-attachment":"scroll","background-type":"","background-media":"","overlay-type":"","overlay-color":"","overlay-opacity":"","overlay-gradient":""}},"footnotes":""},"class_list":["post-99679","page","type-page","status-publish","hentry"],"_links":{"self":[{"href":"https:\/\/freewaysocial.com\/pt-br\/wp-json\/wp\/v2\/pages\/99679","targetHints":{"allow":["GET"]}}],"collection":[{"href":"https:\/\/freewaysocial.com\/pt-br\/wp-json\/wp\/v2\/pages"}],"about":[{"href":"https:\/\/freewaysocial.com\/pt-br\/wp-json\/wp\/v2\/types\/page"}],"author":[{"embeddable":true,"href":"https:\/\/freewaysocial.com\/pt-br\/wp-json\/wp\/v2\/users\/1"}],"replies":[{"embeddable":true,"href":"https:\/\/freewaysocial.com\/pt-br\/wp-json\/wp\/v2\/comments?post=99679"}],"version-history":[{"count":0,"href":"https:\/\/freewaysocial.com\/pt-br\/wp-json\/wp\/v2\/pages\/99679\/revisions"}],"wp:attachment":[{"href":"https:\/\/freewaysocial.com\/pt-br\/wp-json\/wp\/v2\/media?parent=99679"}],"curies":[{"name":"wp","href":"https:\/\/api.w.org\/{rel}","templated":true}]}}