{"id":99316,"date":"2022-11-29T06:54:43","date_gmt":"2022-11-29T05:54:43","guid":{"rendered":"https:\/\/freewaysocial.com\/politica-de-privacidade\/"},"modified":"2025-07-08T10:00:13","modified_gmt":"2025-07-08T09:00:13","slug":"politica-de-privacidade","status":"publish","type":"page","link":"https:\/\/freewaysocial.com\/pt-br\/politica-de-privacidade\/","title":{"rendered":"Pol\u00edtica de Privacidade"},"content":{"rendered":"\n<h2 class=\"wp-block-heading\">Quem somos n\u00f3s<\/h2>\n\n<p>O endere\u00e7o do nosso s\u00edtio web \u00e9: https:\/\/freewaysocial.com.<\/p>\n\n<h2 class=\"wp-block-heading\">Coment\u00e1rios<\/h2>\n\n<p>Quando os visitantes deixam coment\u00e1rios no site, recolhemos os dados mostrados no formul\u00e1rio de coment\u00e1rios, e tamb\u00e9m o endere\u00e7o IP do visitante e a cadeia de agentes de utilizadores do navegador para ajudar na detec\u00e7\u00e3o de spam.<\/p>\n\n<p>Uma cadeia an\u00f3nima criada a partir do seu endere\u00e7o de correio electr\u00f3nico (tamb\u00e9m chamada hash) pode ser fornecida ao servi\u00e7o Gravatar para ver se a est\u00e1 a utilizar. A pol\u00edtica de privacidade do servi\u00e7o Gravatar est\u00e1 dispon\u00edvel aqui: https:\/\/automattic.com\/privacy\/. Ap\u00f3s aprova\u00e7\u00e3o do seu coment\u00e1rio, a imagem do seu perfil \u00e9 vis\u00edvel ao p\u00fablico no contexto do seu coment\u00e1rio.<\/p>\n\n<h2 class=\"wp-block-heading\">Meios de comunica\u00e7\u00e3o<\/h2>\n\n<p>Se carregar imagens para o s\u00edtio web, deve evitar carregar imagens com dados de localiza\u00e7\u00e3o incorporados (EXIF GPS) inclu\u00eddos. Os visitantes do s\u00edtio web podem descarregar e extrair quaisquer dados de localiza\u00e7\u00e3o a partir de imagens do s\u00edtio web.<\/p>\n\n<h2 class=\"wp-block-heading\">Biscoitos<\/h2>\n\n<p>Se deixar um coment\u00e1rio no nosso site, poder\u00e1 optar por guardar o seu nome, endere\u00e7o de correio electr\u00f3nico e website em cookies. Estes s\u00e3o para sua conveni\u00eancia, para que n\u00e3o tenha de preencher novamente os seus dados quando deixar outro coment\u00e1rio. Estes biscoitos durar\u00e3o um ano.<\/p>\n\n<p>Se visitar a nossa p\u00e1gina de in\u00edcio de sess\u00e3o, iremos definir um cookie tempor\u00e1rio para determinar se o seu navegador aceita cookies. Este cookie n\u00e3o cont\u00e9m dados pessoais e \u00e9 descartado quando fecha o seu navegador.<\/p>\n\n<p>Quando iniciar sess\u00e3o, configuraremos tamb\u00e9m v\u00e1rios cookies para guardar as suas informa\u00e7\u00f5es de in\u00edcio de sess\u00e3o e as suas op\u00e7\u00f5es de exibi\u00e7\u00e3o no ecr\u00e3. Os cookies de in\u00edcio de sess\u00e3o duram dois dias, e os cookies de op\u00e7\u00f5es de ecr\u00e3 duram um ano. Se seleccionar &#8220;Lembrar-me&#8221;, o seu login ir\u00e1 persistir durante duas semanas. Se sair da sua conta, os cookies de in\u00edcio de sess\u00e3o ser\u00e3o removidos.<\/p>\n\n<p>Se editar ou publicar um artigo, um cookie adicional ser\u00e1 guardado no seu navegador. Este cookie n\u00e3o inclui dados pessoais e indica simplesmente a identifica\u00e7\u00e3o postal do artigo que acabou de editar. Expira ao fim de 1 dia.<\/p>\n\n<h2 class=\"wp-block-heading\">Conte\u00fados incorporados de outros websites<\/h2>\n\n<p>Os artigos deste s\u00edtio podem incluir conte\u00fado incorporado (por exemplo, v\u00eddeos, imagens, artigos, etc.). O conte\u00fado incorporado de outros websites comporta-se exactamente da mesma forma como se o visitante tivesse visitado o outro website.<\/p>\n\n<p>Estes websites podem recolher dados sobre si, utilizar cookies, incorporar rastreio adicional de terceiros, e monitorizar a sua interac\u00e7\u00e3o com esse conte\u00fado incorporado, incluindo o rastreio da sua interac\u00e7\u00e3o com o conte\u00fado incorporado, caso tenha uma conta e esteja ligado a esse website.<\/p>\n\n<h2 class=\"wp-block-heading\">Com quem partilhamos os seus dados<\/h2>\n\n<p>Se solicitar uma redefini\u00e7\u00e3o de senha, o seu endere\u00e7o IP ser\u00e1 inclu\u00eddo no e-mail de redefini\u00e7\u00e3o.<\/p>\n\n<h2 class=\"wp-block-heading\">Quanto tempo retemos os seus dados<\/h2>\n\n<p>Se deixar um coment\u00e1rio, o coment\u00e1rio e os seus metadados s\u00e3o retidos indefinidamente. Isto \u00e9 para que possamos reconhecer e aprovar automaticamente quaisquer coment\u00e1rios de seguimento em vez de os mantermos numa fila de modera\u00e7\u00e3o.<\/p>\n\n<p>Para os utilizadores que se registam no nosso website (caso existam), tamb\u00e9m armazenamos as informa\u00e7\u00f5es pessoais que fornecem no seu perfil de utilizador. Todos os utilizadores podem ver, editar, ou apagar as suas informa\u00e7\u00f5es pessoais em qualquer altura (excepto que n\u00e3o podem alterar o seu nome de utilizador). Os administradores do website tamb\u00e9m podem ver e editar essa informa\u00e7\u00e3o.<\/p>\n\n<h2 class=\"wp-block-heading\">Que direitos tem sobre os seus dados<\/h2>\n\n<p>Se tiver uma conta neste site, ou se tiver deixado coment\u00e1rios, pode solicitar a recep\u00e7\u00e3o de um ficheiro exportado dos dados pessoais que temos sobre si, incluindo quaisquer dados que nos tenha fornecido. Pode tamb\u00e9m solicitar que apaguemos quaisquer dados pessoais que tenhamos sobre si. Isto n\u00e3o inclui quaisquer dados que sejamos obrigados a manter para fins administrativos, legais, ou de seguran\u00e7a.<\/p>\n\n<h2 class=\"wp-block-heading\">Para onde enviamos os seus dados<\/h2>\n\n<p>Os coment\u00e1rios dos visitantes podem ser verificados atrav\u00e9s de um servi\u00e7o autom\u00e1tico de detec\u00e7\u00e3o de spam.<\/p>\n","protected":false},"excerpt":{"rendered":"<p>Quem somos n\u00f3s O endere\u00e7o do nosso s\u00edtio web \u00e9: https:\/\/freewaysocial.com. Coment\u00e1rios Quando os visitantes deixam coment\u00e1rios no site, recolhemos os dados mostrados no formul\u00e1rio de coment\u00e1rios, e tamb\u00e9m o endere\u00e7o IP do visitante e a cadeia de agentes de utilizadores do navegador para ajudar na detec\u00e7\u00e3o de spam. Uma cadeia an\u00f3nima criada a partir [&hellip;]<\/p>\n","protected":false},"author":1,"featured_media":0,"parent":0,"menu_order":0,"comment_status":"closed","ping_status":"closed","template":"","meta":{"site-sidebar-layout":"default","site-content-layout":"","ast-site-content-layout":"default","site-content-style":"default","site-sidebar-style":"default","ast-global-header-display":"","ast-banner-title-visibility":"","ast-main-header-display":"","ast-hfb-above-header-display":"","ast-hfb-below-header-display":"","ast-hfb-mobile-header-display":"","site-post-title":"","ast-breadcrumbs-content":"","ast-featured-img":"","footer-sml-layout":"","ast-disable-related-posts":"","theme-transparent-header-meta":"","adv-header-id-meta":"","stick-header-meta":"","header-above-stick-meta":"","header-main-stick-meta":"","header-below-stick-meta":"","astra-migrate-meta-layouts":"default","ast-page-background-enabled":"default","ast-page-background-meta":{"desktop":{"background-color":"var(--ast-global-color-4)","background-image":"","background-repeat":"repeat","background-position":"center center","background-size":"auto","background-attachment":"scroll","background-type":"","background-media":"","overlay-type":"","overlay-color":"","overlay-opacity":"","overlay-gradient":""},"tablet":{"background-color":"","background-image":"","background-repeat":"repeat","background-position":"center center","background-size":"auto","background-attachment":"scroll","background-type":"","background-media":"","overlay-type":"","overlay-color":"","overlay-opacity":"","overlay-gradient":""},"mobile":{"background-color":"","background-image":"","background-repeat":"repeat","background-position":"center center","background-size":"auto","background-attachment":"scroll","background-type":"","background-media":"","overlay-type":"","overlay-color":"","overlay-opacity":"","overlay-gradient":""}},"ast-content-background-meta":{"desktop":{"background-color":"var(--ast-global-color-5)","background-image":"","background-repeat":"repeat","background-position":"center center","background-size":"auto","background-attachment":"scroll","background-type":"","background-media":"","overlay-type":"","overlay-color":"","overlay-opacity":"","overlay-gradient":""},"tablet":{"background-color":"var(--ast-global-color-5)","background-image":"","background-repeat":"repeat","background-position":"center center","background-size":"auto","background-attachment":"scroll","background-type":"","background-media":"","overlay-type":"","overlay-color":"","overlay-opacity":"","overlay-gradient":""},"mobile":{"background-color":"var(--ast-global-color-5)","background-image":"","background-repeat":"repeat","background-position":"center center","background-size":"auto","background-attachment":"scroll","background-type":"","background-media":"","overlay-type":"","overlay-color":"","overlay-opacity":"","overlay-gradient":""}},"footnotes":""},"class_list":["post-99316","page","type-page","status-publish","hentry"],"_links":{"self":[{"href":"https:\/\/freewaysocial.com\/pt-br\/wp-json\/wp\/v2\/pages\/99316","targetHints":{"allow":["GET"]}}],"collection":[{"href":"https:\/\/freewaysocial.com\/pt-br\/wp-json\/wp\/v2\/pages"}],"about":[{"href":"https:\/\/freewaysocial.com\/pt-br\/wp-json\/wp\/v2\/types\/page"}],"author":[{"embeddable":true,"href":"https:\/\/freewaysocial.com\/pt-br\/wp-json\/wp\/v2\/users\/1"}],"replies":[{"embeddable":true,"href":"https:\/\/freewaysocial.com\/pt-br\/wp-json\/wp\/v2\/comments?post=99316"}],"version-history":[{"count":0,"href":"https:\/\/freewaysocial.com\/pt-br\/wp-json\/wp\/v2\/pages\/99316\/revisions"}],"wp:attachment":[{"href":"https:\/\/freewaysocial.com\/pt-br\/wp-json\/wp\/v2\/media?parent=99316"}],"curies":[{"name":"wp","href":"https:\/\/api.w.org\/{rel}","templated":true}]}}