{"id":90377,"date":"2023-01-02T08:32:59","date_gmt":"2023-01-02T07:32:59","guid":{"rendered":"https:\/\/freewaysocial.com\/termos-e-condicoes\/"},"modified":"2025-07-08T09:59:39","modified_gmt":"2025-07-08T08:59:39","slug":"termos-e-condicoes","status":"publish","type":"page","link":"https:\/\/freewaysocial.com\/pt-br\/termos-e-condicoes\/","title":{"rendered":"Termos e Condi\u00e7\u00f5es"},"content":{"rendered":"\n<p><strong>Termos e Condi\u00e7\u00f5es FreewaySocial.com<\/strong><\/p>\n\n<p>Obrigado por utilizar os nossos produtos e servi\u00e7os (&#8220;Servi\u00e7os&#8221;). Os servi\u00e7os s\u00e3o prestados pela Huge Upward LTD. Ao aceder a este website, est\u00e1 a concordar em ficar vinculado a estes Termos e Condi\u00e7\u00f5es de Utiliza\u00e7\u00e3o do website, a todas as leis e regulamentos aplic\u00e1veis, e concorda que \u00e9 respons\u00e1vel pelo cumprimento de quaisquer leis locais aplic\u00e1veis. Se n\u00e3o concordar com algum destes termos, est\u00e1 proibido de utilizar ou aceder a este s\u00edtio. Os materiais contidos neste s\u00edtio s\u00e3o protegidos pela legisla\u00e7\u00e3o aplic\u00e1vel sobre direitos de autor e marcas registadas.<\/p>\n\n<p><strong>Licen\u00e7a de utiliza\u00e7\u00e3o<\/strong><\/p>\n\n<p>\u00c9 concedida autoriza\u00e7\u00e3o para descarregar temporariamente uma c\u00f3pia do material (informa\u00e7\u00e3o ou software) no s\u00edtio web do FreewaySocial apenas para visualiza\u00e7\u00e3o transit\u00f3ria pessoal e n\u00e3o comercial. Isto \u00e9 a concess\u00e3o de uma licen\u00e7a, n\u00e3o uma transfer\u00eancia de t\u00edtulo, e sob esta licen\u00e7a, n\u00e3o poder\u00e1:<\/p>\n\n<ul class=\"wp-block-list\">\n<li>modificar ou copiar os materiais;<\/li>\n\n\n\n<li>utilizar os materiais para qualquer fim comercial, ou para qualquer exposi\u00e7\u00e3o p\u00fablica (comercial ou n\u00e3o comercial);<\/li>\n\n\n\n<li>tentar descompilar ou fazer engenharia inversa de qualquer software contido no s\u00edtio web do FreewaySocial;<\/li>\n\n\n\n<li>remover quaisquer direitos de autor ou outras nota\u00e7\u00f5es de propriedade dos materiais;<\/li>\n\n\n\n<li>ou transferir os materiais para outra pessoa ou &#8220;espelhar&#8221; os materiais em qualquer outro servidor.<\/li>\n<\/ul>\n\n<p>Esta licen\u00e7a cessar\u00e1 automaticamente se violar qualquer uma destas restri\u00e7\u00f5es e pode ser rescindida pela FreewaySocial a qualquer momento. Ao terminar a sua visualiza\u00e7\u00e3o destes materiais ou ao terminar esta licen\u00e7a, dever\u00e1 destruir qualquer material descarregado na sua posse, seja em formato electr\u00f3nico ou impresso.<\/p>\n\n<p><strong>Declara\u00e7\u00e3o de exonera\u00e7\u00e3o de responsabilidade<\/strong><\/p>\n\n<p>Os materiais no s\u00edtio web do FreewaySocial s\u00e3o fornecidos &#8220;tal como est\u00e3o&#8221;. A FreewaySocial n\u00e3o d\u00e1 quaisquer garantias, expressas ou impl\u00edcitas, e por este meio renuncia e nega todas as outras garantias, incluindo sem limita\u00e7\u00e3o, garantias impl\u00edcitas ou condi\u00e7\u00f5es de comercializa\u00e7\u00e3o, adequa\u00e7\u00e3o a um determinado fim, ou n\u00e3o viola\u00e7\u00e3o de propriedade intelectual ou outra viola\u00e7\u00e3o de direitos. Al\u00e9m disso, a FreewaySocial n\u00e3o garante nem faz quaisquer declara\u00e7\u00f5es sobre a exactid\u00e3o, resultados prov\u00e1veis, ou fiabilidade da utiliza\u00e7\u00e3o dos materiais no seu s\u00edtio na Internet ou de qualquer outra forma relacionados com tais materiais ou em quaisquer s\u00edtios ligados a este s\u00edtio.<\/p>\n\n<p><strong>Limita\u00e7\u00f5es<\/strong><\/p>\n\n<p>Em nenhum caso a FreewaySocial ou os seus fornecedores ser\u00e3o respons\u00e1veis por quaisquer danos (incluindo, sem limita\u00e7\u00e3o, danos por perda de dados ou lucros, ou devido a interrup\u00e7\u00e3o de neg\u00f3cios) decorrentes da utiliza\u00e7\u00e3o ou incapacidade de utiliza\u00e7\u00e3o dos materiais no s\u00edtio da Internet da FreewaySocial, mesmo que a FreewaySocial ou um representante autorizado da FreewaySocial tenha sido notificado oralmente ou por escrito da possibilidade de tais danos. Como algumas jurisdi\u00e7\u00f5es n\u00e3o permitem limita\u00e7\u00f5es de garantias impl\u00edcitas, ou limita\u00e7\u00f5es de responsabilidade por danos consequentes ou acidentais, estas limita\u00e7\u00f5es podem n\u00e3o se aplicar ao utilizador.<\/p>\n\n<p><strong>Factura\u00e7\u00e3o<\/strong><\/p>\n\n<p>Os pagamentos no FreewaySocial s\u00e3o processados utilizando um m\u00e9todo seguro de aceita\u00e7\u00e3o de pagamentos atrav\u00e9s da encripta\u00e7\u00e3o SSL. Ao adquirir os nossos servi\u00e7os est\u00e1 a concordar explicitamente que compreende e concorda claramente com o que est\u00e1 a adquirir e n\u00e3o ir\u00e1 apresentar uma disputa fraudulenta atrav\u00e9s de cart\u00e3o de cr\u00e9dito ou institui\u00e7\u00e3o de cart\u00e3o de d\u00e9bito. Al\u00e9m disso, tem autoriza\u00e7\u00e3o para utilizar o cart\u00e3o de cr\u00e9dito ou de d\u00e9bito ou qualquer outra fonte de pagamento utilizada para efectuar a compra. Ap\u00f3s uma tentativa fraudulenta de apresentar uma disputa ou um estorno, temos o direito, se necess\u00e1rio, de repor todos os followers e gostos, encerrar a tua conta e\/ou banir permanentemente o teu endere\u00e7o IP. Os utilizadores reconhecem que os chargebacks, disputas, ou estornos de pagamento n\u00e3o ser\u00e3o efectuados antes de discutirem a situa\u00e7\u00e3o com a nossa equipa de apoio.<\/p>\n\n<p><strong>Revis\u00f5es e Errata<\/strong><\/p>\n\n<p>Os materiais que aparecem no s\u00edtio web do FreewaySocial podem incluir erros t\u00e9cnicos, tipogr\u00e1ficos, ou fotogr\u00e1ficos. A FreewaySocial n\u00e3o garante que qualquer dos materiais do seu s\u00edtio web seja preciso, completo, ou actual. A FreewaySocial pode fazer altera\u00e7\u00f5es aos materiais contidos no seu s\u00edtio web em qualquer altura sem aviso pr\u00e9vio. A FreewaySocial n\u00e3o assume, no entanto, qualquer compromisso de actualizar os materiais.<\/p>\n\n<p><strong>Liga\u00e7\u00f5es<\/strong><\/p>\n\n<p>A FreewaySocial n\u00e3o reviu todos os s\u00edtios ligados ao seu s\u00edtio na Internet e n\u00e3o \u00e9 respons\u00e1vel pelo conte\u00fado de qualquer s\u00edtio ligado. A inclus\u00e3o de qualquer link n\u00e3o implica o endosso do site por parte da FreewaySocial. A utiliza\u00e7\u00e3o de qualquer desses sites ligados \u00e9 feita por conta e risco do utilizador.<\/p>\n\n<p><strong>Modifica\u00e7\u00f5es dos Termos de Utiliza\u00e7\u00e3o do S\u00edtio<\/strong><\/p>\n\n<p>A FreewaySocial pode rever estes termos de utiliza\u00e7\u00e3o do seu s\u00edtio web em qualquer altura sem aviso pr\u00e9vio. Ao utilizar este website, est\u00e1 a concordar em ficar vinculado \u00e0 vers\u00e3o ent\u00e3o em vigor dos presentes Termos e Condi\u00e7\u00f5es de Utiliza\u00e7\u00e3o.<\/p>\n\n<p><strong>Direito aplic\u00e1vel<\/strong><\/p>\n\n<p>Qualquer reivindica\u00e7\u00e3o relacionada com o s\u00edtio web da FreewaySocial ser\u00e1 regida pelas leis do Reino Unido, sem ter em conta o seu conflito de disposi\u00e7\u00f5es legais. Os Termos e Condi\u00e7\u00f5es Gerais s\u00e3o aplic\u00e1veis \u00e0 Utiliza\u00e7\u00e3o de um Web Site.<\/p>\n\n<p><strong>Apoio<\/strong><\/p>\n\n<p>Esfor\u00e7amo-nos por fornecer aos nossos utilizadores um apoio l\u00edder da ind\u00fastria. Para quaisquer quest\u00f5es comerciais ou t\u00e9cnicas, por favor envie-nos um e-mail para support@freewaysocial.com.<\/p>\n\n<p><strong>Reembolsos<\/strong><\/p>\n\n<p>Os clientes que n\u00e3o estejam completamente satisfeitos com os nossos servi\u00e7os podem solicitar um reembolso total dentro dos primeiros 30 dias ap\u00f3s a sua compra. Os reembolsos ser\u00e3o processados atrav\u00e9s dos nossos agentes de apoio ao cliente que podem ser contactados em support@freewaysocial.com. Os reembolsos n\u00e3o s\u00e3o aplic\u00e1veis a cr\u00e9ditos ou servi\u00e7os gratuitos. A FreewaySocial reserva-se o direito de satisfazer a satisfa\u00e7\u00e3o do cliente e todas as restitui\u00e7\u00f5es devem ser processadas com a devida dilig\u00eancia e o devido processo.<\/p>\n\n<p><strong>Servi\u00e7o<\/strong><\/p>\n\n<ol class=\"wp-block-list\">\n<li>A FreewaySocial n\u00e3o est\u00e1 afiliada com Instagram, Facebook, TikTok, YouTube, Twitter, Twitch, Linkedin, Spotify, Soundcloud, Snapchat, Quora, Reddit, Pinterest, Telegram, Clubhouse ou qualquer um dos seus parceiros de terceiros de qualquer forma.<\/li>\n\n\n\n<li>\u00c9 da sua exclusiva responsabilidade cumprir com as regras Instagram, Facebook, TikTok, YouTube, Twitter, Twitch, Linkedin, Spotify, Soundcloud, Snapchat, Quora, Reddit, Pinterest, Telegramas e\/ou Clubhouse e qualquer legisla\u00e7\u00e3o a que esteja sujeito. Utiliza o FreewaySocial por sua pr\u00f3pria conta e risco.<\/li>\n\n\n\n<li>N\u00e3o somos respons\u00e1veis pelos seus actos e pelas suas consequ\u00eancias. N\u00e3o somos culpados se a sua conta Instagram, Facebook, TikTok, YouTube, Twitter, Twitch, Linkedin, Spotify, Soundcloud, Snapchat, Quora, Reddit, Pinterest, Telegram, Clubhouse for banida por qualquer raz\u00e3o.<\/li>\n\n\n\n<li>Exigimos o seu Instagram, Facebook, TikTok, YouTube, Twitter, Twitch, Linkedin, Spotify, Soundcloud, Snapchat, Quora, Reddit, Pinterest, Telegram, Clubhouse username para obter as informa\u00e7\u00f5es necess\u00e1rias para o Instagram, Facebook, TikTok, YouTube, Twitter, Twitch, Linkedin, Spotify, Soundcloud, Snapchat, Quora, Reddit, Pinterest, Telegram, Clubhouse API. N\u00e3o armazenamos, damos, ou de outra forma distribu\u00edmos o seu nome de utilizador a terceiros.<\/li>\n\n\n\n<li>O n\u00famero esperado de followers, gostos e visualiza\u00e7\u00f5es n\u00e3o \u00e9 garantido para ti de forma alguma.<\/li>\n\n\n\n<li>N\u00e3o podemos garantir a operacionalidade cont\u00ednua, ininterrupta ou sem erros dos servi\u00e7os.<\/li>\n\n\n\n<li>\u00c9 da exclusiva responsabilidade dos clientes assegurar que as suas contas sejam &#8220;p\u00fablicas&#8221; durante a utiliza\u00e7\u00e3o do servi\u00e7o FreewaySocial. Qualquer paragem do servi\u00e7o em rela\u00e7\u00e3o a um cliente que altere o seu perfil para &#8220;privado&#8221; n\u00e3o resultar\u00e1 em qualquer reembolso de pagamento durante esse per\u00edodo de tempo.<\/li>\n\n\n\n<li>O cliente concorda que, ao adquirir o nosso servi\u00e7o, compreende e concorda claramente sobre o que est\u00e1 a adquirir e n\u00e3o apresentar\u00e1 uma disputa fraudulenta atrav\u00e9s do processador de pagamento.<\/li>\n\n\n\n<li>Reservamo-nos o direito de modificar, suspender ou retirar a totalidade ou qualquer parte do nosso servi\u00e7o ou qualquer parte do seu conte\u00fado em qualquer altura sem aviso pr\u00e9vio e sem incorrer em qualquer responsabilidade.<\/li>\n\n\n\n<li>\u00c9 da sua exclusiva responsabilidade verificar se os Termos foram alterados.<\/li>\n<\/ol>\n","protected":false},"excerpt":{"rendered":"<p>Termos e Condi\u00e7\u00f5es FreewaySocial.com Obrigado por utilizar os nossos produtos e servi\u00e7os (&#8220;Servi\u00e7os&#8221;). Os servi\u00e7os s\u00e3o prestados pela Huge Upward LTD. Ao aceder a este website, est\u00e1 a concordar em ficar vinculado a estes Termos e Condi\u00e7\u00f5es de Utiliza\u00e7\u00e3o do website, a todas as leis e regulamentos aplic\u00e1veis, e concorda que \u00e9 respons\u00e1vel pelo cumprimento [&hellip;]<\/p>\n","protected":false},"author":1,"featured_media":0,"parent":0,"menu_order":0,"comment_status":"closed","ping_status":"closed","template":"","meta":{"site-sidebar-layout":"default","site-content-layout":"","ast-site-content-layout":"default","site-content-style":"default","site-sidebar-style":"default","ast-global-header-display":"","ast-banner-title-visibility":"","ast-main-header-display":"","ast-hfb-above-header-display":"","ast-hfb-below-header-display":"","ast-hfb-mobile-header-display":"","site-post-title":"","ast-breadcrumbs-content":"","ast-featured-img":"","footer-sml-layout":"","ast-disable-related-posts":"","theme-transparent-header-meta":"","adv-header-id-meta":"","stick-header-meta":"","header-above-stick-meta":"","header-main-stick-meta":"","header-below-stick-meta":"","astra-migrate-meta-layouts":"default","ast-page-background-enabled":"default","ast-page-background-meta":{"desktop":{"background-color":"var(--ast-global-color-4)","background-image":"","background-repeat":"repeat","background-position":"center center","background-size":"auto","background-attachment":"scroll","background-type":"","background-media":"","overlay-type":"","overlay-color":"","overlay-opacity":"","overlay-gradient":""},"tablet":{"background-color":"","background-image":"","background-repeat":"repeat","background-position":"center center","background-size":"auto","background-attachment":"scroll","background-type":"","background-media":"","overlay-type":"","overlay-color":"","overlay-opacity":"","overlay-gradient":""},"mobile":{"background-color":"","background-image":"","background-repeat":"repeat","background-position":"center center","background-size":"auto","background-attachment":"scroll","background-type":"","background-media":"","overlay-type":"","overlay-color":"","overlay-opacity":"","overlay-gradient":""}},"ast-content-background-meta":{"desktop":{"background-color":"var(--ast-global-color-5)","background-image":"","background-repeat":"repeat","background-position":"center center","background-size":"auto","background-attachment":"scroll","background-type":"","background-media":"","overlay-type":"","overlay-color":"","overlay-opacity":"","overlay-gradient":""},"tablet":{"background-color":"var(--ast-global-color-5)","background-image":"","background-repeat":"repeat","background-position":"center center","background-size":"auto","background-attachment":"scroll","background-type":"","background-media":"","overlay-type":"","overlay-color":"","overlay-opacity":"","overlay-gradient":""},"mobile":{"background-color":"var(--ast-global-color-5)","background-image":"","background-repeat":"repeat","background-position":"center center","background-size":"auto","background-attachment":"scroll","background-type":"","background-media":"","overlay-type":"","overlay-color":"","overlay-opacity":"","overlay-gradient":""}},"footnotes":""},"class_list":["post-90377","page","type-page","status-publish","hentry"],"_links":{"self":[{"href":"https:\/\/freewaysocial.com\/pt-br\/wp-json\/wp\/v2\/pages\/90377","targetHints":{"allow":["GET"]}}],"collection":[{"href":"https:\/\/freewaysocial.com\/pt-br\/wp-json\/wp\/v2\/pages"}],"about":[{"href":"https:\/\/freewaysocial.com\/pt-br\/wp-json\/wp\/v2\/types\/page"}],"author":[{"embeddable":true,"href":"https:\/\/freewaysocial.com\/pt-br\/wp-json\/wp\/v2\/users\/1"}],"replies":[{"embeddable":true,"href":"https:\/\/freewaysocial.com\/pt-br\/wp-json\/wp\/v2\/comments?post=90377"}],"version-history":[{"count":0,"href":"https:\/\/freewaysocial.com\/pt-br\/wp-json\/wp\/v2\/pages\/90377\/revisions"}],"wp:attachment":[{"href":"https:\/\/freewaysocial.com\/pt-br\/wp-json\/wp\/v2\/media?parent=90377"}],"curies":[{"name":"wp","href":"https:\/\/api.w.org\/{rel}","templated":true}]}}