{"id":158775,"date":"2022-11-29T06:54:43","date_gmt":"2022-11-29T05:54:43","guid":{"rendered":"https:\/\/freewaysocial.com\/polityka-prywatnosci\/"},"modified":"2025-07-08T10:00:13","modified_gmt":"2025-07-08T09:00:13","slug":"polityka-prywatnosci","status":"publish","type":"page","link":"https:\/\/freewaysocial.com\/pl\/polityka-prywatnosci\/","title":{"rendered":"Polityka prywatno\u015bci"},"content":{"rendered":"\n<h2 class=\"wp-block-heading\">Kim jeste\u015bmy<\/h2>\n\n<p>Adres naszej strony internetowej to: https:\/\/freewaysocial.com.<\/p>\n\n<h2 class=\"wp-block-heading\">Komentarze<\/h2>\n\n<p>Kiedy odwiedzaj\u0105cy zostawiaj\u0105 komentarze na stronie, zbieramy dane podane w formularzu komentarza, a tak\u017ce adres IP odwiedzaj\u0105cego oraz ci\u0105g agent\u00f3w u\u017cytkownika przegl\u0105darki, aby u\u0142atwi\u0107 wykrywanie spamu.<\/p>\n\n<p>Zanonimizowany ci\u0105g utworzony z Twojego adresu e-mail (zwany r\u00f3wnie\u017c hashem) mo\u017ce zosta\u0107 przekazany do serwisu Gravatar, aby sprawdzi\u0107, czy go u\u017cywasz. Polityka prywatno\u015bci serwisu Gravatar jest dost\u0119pna tutaj: https:\/\/automattic.com\/privacy\/. Po zatwierdzeniu Twojego komentarza Twoje zdj\u0119cie profilowe jest widoczne publicznie w kontek\u015bcie Twojego komentarza.<\/p>\n\n<h2 class=\"wp-block-heading\">Media<\/h2>\n\n<p>Je\u015bli wysy\u0142asz zdj\u0119cia na stron\u0119 internetow\u0105, powiniene\u015b unika\u0107 wysy\u0142ania zdj\u0119\u0107 z osadzonymi danymi o lokalizacji (EXIF GPS). Osoby odwiedzaj\u0105ce stron\u0119 internetow\u0105 mog\u0105 pobra\u0107 i wyodr\u0119bni\u0107 dowolne dane dotycz\u0105ce lokalizacji z obraz\u00f3w umieszczonych na stronie.<\/p>\n\n<h2 class=\"wp-block-heading\">Pliki cookie<\/h2>\n\n<p>Je\u015bli zostawisz komentarz na naszej stronie, mo\u017cesz wyrazi\u0107 zgod\u0119 na zapisanie w plikach cookie swojego imienia, adresu e-mail i strony internetowej. S\u0105 one przeznaczone dla Twojej wygody, aby\u015b nie musia\u0142 ponownie wpisywa\u0107 swoich danych, gdy b\u0119dziesz zostawia\u0142 kolejny komentarz. Te ciasteczka wystarcz\u0105 na rok.<\/p>\n\n<p>Je\u015bli odwiedzisz nasz\u0105 stron\u0119 logowania, ustawimy tymczasowy plik cookie, aby sprawdzi\u0107, czy Twoja przegl\u0105darka akceptuje pliki cookie. Ten plik cookie nie zawiera \u017cadnych danych osobowych i jest usuwany po zamkni\u0119ciu przegl\u0105darki.<\/p>\n\n<p>Kiedy si\u0119 zalogujesz, ustawimy r\u00f3wnie\u017c kilka plik\u00f3w cookie, aby zapisa\u0107 informacje o Twoim logowaniu i wyborze sposobu wy\u015bwietlania ekranu. Pliki cookie logowania zachowuj\u0105 trwa\u0142o\u015b\u0107 przez dwa dni, a pliki cookie opcji ekranu przez rok. Je\u015bli wybierzesz opcj\u0119 &#8222;Zapami\u0119taj mnie&#8221;, tw\u00f3j login b\u0119dzie utrzymywany przez dwa tygodnie. Je\u015bli wylogujesz si\u0119 ze swojego konta, pliki cookie logowania zostan\u0105 usuni\u0119te.<\/p>\n\n<p>Je\u015bli edytujesz lub publikujesz artyku\u0142, w Twojej przegl\u0105darce zostanie zapisany dodatkowy plik cookie. Ten plik cookie nie zawiera \u017cadnych danych osobowych i po prostu wskazuje identyfikator postu artyku\u0142u, kt\u00f3ry w\u0142a\u015bnie edytowa\u0142e\u015b. Wygasa po 1 dniu.<\/p>\n\n<h2 class=\"wp-block-heading\">Osadzona zawarto\u015b\u0107 z innych stron internetowych<\/h2>\n\n<p>Artyku\u0142y na tej stronie mog\u0105 zawiera\u0107 tre\u015bci osadzone (np. filmy, obrazy, artyku\u0142y itp.). Osadzona zawarto\u015b\u0107 z innych stron internetowych zachowuje si\u0119 dok\u0142adnie tak samo, jakby odwiedzaj\u0105cy odwiedzi\u0142 inn\u0105 stron\u0119.<\/p>\n\n<p>Te strony internetowe mog\u0105 zbiera\u0107 dane o Tobie, u\u017cywa\u0107 plik\u00f3w cookie, osadza\u0107 dodatkowe elementy \u015bledz\u0105ce nale\u017c\u0105ce do os\u00f3b trzecich oraz monitorowa\u0107 Twoj\u0105 interakcj\u0119 z t\u0105 osadzon\u0105 tre\u015bci\u0105, w tym \u015bledzi\u0107 Twoj\u0105 interakcj\u0119 z osadzon\u0105 tre\u015bci\u0105, je\u015bli masz konto i jeste\u015b zalogowany na danej stronie internetowej.<\/p>\n\n<h2 class=\"wp-block-heading\">Komu udost\u0119pniamy Twoje dane<\/h2>\n\n<p>Je\u015bli poprosisz o zresetowanie has\u0142a, Tw\u00f3j adres IP zostanie do\u0142\u0105czony do wiadomo\u015bci e-mail o zresetowaniu.<\/p>\n\n<h2 class=\"wp-block-heading\">Jak d\u0142ugo przechowujemy Twoje dane<\/h2>\n\n<p>Je\u015bli zostawisz komentarz, komentarz i jego metadane s\u0105 przechowywane przez czas nieokre\u015blony. Dzi\u0119ki temu b\u0119dziemy mogli automatycznie rozpoznawa\u0107 i zatwierdza\u0107 kolejne komentarze, zamiast zatrzymywa\u0107 je w kolejce do moderacji.<\/p>\n\n<p>W przypadku u\u017cytkownik\u00f3w, kt\u00f3rzy zarejestruj\u0105 si\u0119 na naszej stronie (je\u015bli tacy s\u0105), przechowujemy r\u00f3wnie\u017c dane osobowe podane przez nich w profilu u\u017cytkownika. Wszyscy u\u017cytkownicy mog\u0105 w ka\u017cdej chwili zobaczy\u0107, edytowa\u0107 lub usun\u0105\u0107 swoje dane osobowe (z wyj\u0105tkiem braku mo\u017cliwo\u015bci zmiany nazwy u\u017cytkownika). Administratorzy witryn mog\u0105 r\u00f3wnie\u017c zobaczy\u0107 i edytowa\u0107 te informacje.<\/p>\n\n<h2 class=\"wp-block-heading\">Jakie masz prawa w stosunku do swoich danych<\/h2>\n\n<p>Je\u015bli masz konto na tej stronie lub zostawi\u0142e\u015b komentarz, mo\u017cesz poprosi\u0107 o przes\u0142anie wyeksportowanego pliku z danymi osobowymi, kt\u00f3re posiadamy na Tw\u00f3j temat, w tym z danymi, kt\u00f3re nam przekaza\u0142e\u015b. Mo\u017cesz r\u00f3wnie\u017c poprosi\u0107 o usuni\u0119cie wszelkich danych osobowych, kt\u00f3re posiadamy na Tw\u00f3j temat. Nie obejmuje to danych, kt\u00f3re jeste\u015bmy zobowi\u0105zani przechowywa\u0107 ze wzgl\u0119d\u00f3w administracyjnych, prawnych lub bezpiecze\u0144stwa.<\/p>\n\n<h2 class=\"wp-block-heading\">Gdzie wysy\u0142amy Twoje dane<\/h2>\n\n<p>Komentarze odwiedzaj\u0105cych mog\u0105 by\u0107 sprawdzane za pomoc\u0105 automatycznej us\u0142ugi wykrywania spamu.<\/p>\n","protected":false},"excerpt":{"rendered":"<p>Kim jeste\u015bmy Adres naszej strony internetowej to: https:\/\/freewaysocial.com. Komentarze Kiedy odwiedzaj\u0105cy zostawiaj\u0105 komentarze na stronie, zbieramy dane podane w formularzu komentarza, a tak\u017ce adres IP odwiedzaj\u0105cego oraz ci\u0105g agent\u00f3w u\u017cytkownika przegl\u0105darki, aby u\u0142atwi\u0107 wykrywanie spamu. Zanonimizowany ci\u0105g utworzony z Twojego adresu e-mail (zwany r\u00f3wnie\u017c hashem) mo\u017ce zosta\u0107 przekazany do serwisu Gravatar, aby sprawdzi\u0107, czy go [&hellip;]<\/p>\n","protected":false},"author":1,"featured_media":0,"parent":0,"menu_order":0,"comment_status":"closed","ping_status":"closed","template":"","meta":{"site-sidebar-layout":"default","site-content-layout":"","ast-site-content-layout":"default","site-content-style":"default","site-sidebar-style":"default","ast-global-header-display":"","ast-banner-title-visibility":"","ast-main-header-display":"","ast-hfb-above-header-display":"","ast-hfb-below-header-display":"","ast-hfb-mobile-header-display":"","site-post-title":"","ast-breadcrumbs-content":"","ast-featured-img":"","footer-sml-layout":"","ast-disable-related-posts":"","theme-transparent-header-meta":"","adv-header-id-meta":"","stick-header-meta":"","header-above-stick-meta":"","header-main-stick-meta":"","header-below-stick-meta":"","astra-migrate-meta-layouts":"default","ast-page-background-enabled":"default","ast-page-background-meta":{"desktop":{"background-color":"var(--ast-global-color-4)","background-image":"","background-repeat":"repeat","background-position":"center center","background-size":"auto","background-attachment":"scroll","background-type":"","background-media":"","overlay-type":"","overlay-color":"","overlay-opacity":"","overlay-gradient":""},"tablet":{"background-color":"","background-image":"","background-repeat":"repeat","background-position":"center center","background-size":"auto","background-attachment":"scroll","background-type":"","background-media":"","overlay-type":"","overlay-color":"","overlay-opacity":"","overlay-gradient":""},"mobile":{"background-color":"","background-image":"","background-repeat":"repeat","background-position":"center center","background-size":"auto","background-attachment":"scroll","background-type":"","background-media":"","overlay-type":"","overlay-color":"","overlay-opacity":"","overlay-gradient":""}},"ast-content-background-meta":{"desktop":{"background-color":"var(--ast-global-color-5)","background-image":"","background-repeat":"repeat","background-position":"center center","background-size":"auto","background-attachment":"scroll","background-type":"","background-media":"","overlay-type":"","overlay-color":"","overlay-opacity":"","overlay-gradient":""},"tablet":{"background-color":"var(--ast-global-color-5)","background-image":"","background-repeat":"repeat","background-position":"center center","background-size":"auto","background-attachment":"scroll","background-type":"","background-media":"","overlay-type":"","overlay-color":"","overlay-opacity":"","overlay-gradient":""},"mobile":{"background-color":"var(--ast-global-color-5)","background-image":"","background-repeat":"repeat","background-position":"center center","background-size":"auto","background-attachment":"scroll","background-type":"","background-media":"","overlay-type":"","overlay-color":"","overlay-opacity":"","overlay-gradient":""}},"footnotes":""},"class_list":["post-158775","page","type-page","status-publish","hentry"],"_links":{"self":[{"href":"https:\/\/freewaysocial.com\/pl\/wp-json\/wp\/v2\/pages\/158775","targetHints":{"allow":["GET"]}}],"collection":[{"href":"https:\/\/freewaysocial.com\/pl\/wp-json\/wp\/v2\/pages"}],"about":[{"href":"https:\/\/freewaysocial.com\/pl\/wp-json\/wp\/v2\/types\/page"}],"author":[{"embeddable":true,"href":"https:\/\/freewaysocial.com\/pl\/wp-json\/wp\/v2\/users\/1"}],"replies":[{"embeddable":true,"href":"https:\/\/freewaysocial.com\/pl\/wp-json\/wp\/v2\/comments?post=158775"}],"version-history":[{"count":0,"href":"https:\/\/freewaysocial.com\/pl\/wp-json\/wp\/v2\/pages\/158775\/revisions"}],"wp:attachment":[{"href":"https:\/\/freewaysocial.com\/pl\/wp-json\/wp\/v2\/media?parent=158775"}],"curies":[{"name":"wp","href":"https:\/\/api.w.org\/{rel}","templated":true}]}}