{"id":158740,"date":"2023-01-02T08:32:59","date_gmt":"2023-01-02T07:32:59","guid":{"rendered":"https:\/\/freewaysocial.com\/zasady-i-warunki\/"},"modified":"2025-07-08T09:59:39","modified_gmt":"2025-07-08T08:59:39","slug":"zasady-i-warunki","status":"publish","type":"page","link":"https:\/\/freewaysocial.com\/pl\/zasady-i-warunki\/","title":{"rendered":"Warunki i zasady"},"content":{"rendered":"\n<p><strong>Regulamin FreewaySocial.com<\/strong><\/p>\n\n<p>Dzi\u0119kujemy za korzystanie z naszych produkt\u00f3w i us\u0142ug (&#8222;Us\u0142ugi&#8221;). Us\u0142ugi s\u0105 \u015bwiadczone przez Huge Upward LTD. Wchodz\u0105c na t\u0119 stron\u0119 internetow\u0105, zgadzasz si\u0119 na przestrzeganie Warunk\u00f3w korzystania z tej strony, wszystkich obowi\u0105zuj\u0105cych praw i przepis\u00f3w oraz zgadzasz si\u0119, \u017ce jeste\u015b odpowiedzialny za przestrzeganie wszelkich obowi\u0105zuj\u0105cych praw lokalnych. Je\u015bli nie zgadzasz si\u0119 z kt\u00f3rymkolwiek z tych warunk\u00f3w, nie mo\u017cesz korzysta\u0107 z tej witryny ani uzyskiwa\u0107 do niej dost\u0119pu. Materia\u0142y zawarte na tej stronie internetowej s\u0105 chronione przez odpowiednie prawa autorskie i prawa dotycz\u0105ce znak\u00f3w towarowych.<\/p>\n\n<p><strong>Licencja na u\u017cytkowanie<\/strong><\/p>\n\n<p>Zezwala si\u0119 na tymczasowe pobieranie jednej kopii materia\u0142\u00f3w (informacji lub oprogramowania) ze strony internetowej FreewaySocial wy\u0142\u0105cznie do u\u017cytku osobistego, niekomercyjnego i przej\u015bciowego. Jest to udzielenie licencji, a nie przeniesienie tytu\u0142u w\u0142asno\u015bci, i zgodnie z t\u0105 licencj\u0105 nie mo\u017cesz:<\/p>\n\n<ul class=\"wp-block-list\">\n<li>modyfikowa\u0107 lub kopiowa\u0107 materia\u0142y;<\/li>\n\n\n\n<li>wykorzystywa\u0107 materia\u0142\u00f3w do jakichkolwiek cel\u00f3w komercyjnych lub do publicznego prezentowania (komercyjnego lub niekomercyjnego);<\/li>\n\n\n\n<li>pr\u00f3bowa\u0107 dekompilowa\u0107 lub odtwarza\u0107 oprogramowanie zawarte na stronie internetowej FreewaySocial;<\/li>\n\n\n\n<li>usuwa\u0107 z materia\u0142\u00f3w wszelkich oznacze\u0144 dotycz\u0105cych praw autorskich lub innych praw w\u0142asno\u015bci;<\/li>\n\n\n\n<li>ani nie przekazywa\u0107 materia\u0142\u00f3w innym osobom, ani nie tworzy\u0107 kopii lustrzanych tych materia\u0142\u00f3w na \u017cadnym innym serwerze.<\/li>\n<\/ul>\n\n<p>Niniejsza licencja wygasa automatycznie, je\u015bli naruszysz kt\u00f3rekolwiek z tych ogranicze\u0144 i mo\u017ce zosta\u0107 wypowiedziana przez FreewaySocial w dowolnym momencie. Po zako\u0144czeniu przegl\u0105dania tych materia\u0142\u00f3w lub po wyga\u015bni\u0119ciu niniejszej licencji musisz zniszczy\u0107 wszelkie pobrane materia\u0142y b\u0119d\u0105ce w twoim posiadaniu, zar\u00f3wno w formie elektronicznej, jak i drukowanej.<\/p>\n\n<p><strong>Zrzeczenie si\u0119 odpowiedzialno\u015bci<\/strong><\/p>\n\n<p>Materia\u0142y na stronie internetowej FreewaySocial s\u0105 dostarczane &#8222;tak jak jest&#8221;. FreewaySocial nie udziela \u017cadnych gwarancji, wyra\u017conych lub domniemanych, i niniejszym wy\u0142\u0105cza i neguje wszelkie inne gwarancje, w tym bez ogranicze\u0144, domniemane gwarancje lub warunki przydatno\u015bci handlowej, przydatno\u015bci do okre\u015blonego celu lub nienaruszania w\u0142asno\u015bci intelektualnej lub innych narusze\u0144 praw. Ponadto, FreewaySocial nie gwarantuje ani nie sk\u0142ada \u017cadnych o\u015bwiadcze\u0144 dotycz\u0105cych dok\u0142adno\u015bci, prawdopodobnych wynik\u00f3w lub wiarygodno\u015bci korzystania z materia\u0142\u00f3w na stronie internetowej lub w inny spos\u00f3b odnosz\u0105cych si\u0119 do takich materia\u0142\u00f3w lub stron powi\u0105zanych z t\u0105 stron\u0105.<\/p>\n\n<p><strong>Ograniczenia<\/strong><\/p>\n\n<p>W \u017cadnym wypadku FreewaySocial ani jego dostawcy nie b\u0119d\u0105 odpowiedzialni za jakiekolwiek szkody (w tym, bez ogranicze\u0144, za szkody zwi\u0105zane z utrat\u0105 danych lub zysk\u00f3w, lub z powodu przerwania dzia\u0142alno\u015bci) wynikaj\u0105ce z u\u017cycia lub niemo\u017cno\u015bci u\u017cycia materia\u0142\u00f3w na stronie internetowej FreewaySocial, nawet je\u015bli FreewaySocial lub autoryzowany przedstawiciel FreewaySocial zosta\u0142 powiadomiony ustnie lub pisemnie o mo\u017cliwo\u015bci wyst\u0105pienia takich szk\u00f3d. Poniewa\u017c niekt\u00f3re jurysdykcje nie dopuszczaj\u0105 ograniczenia gwarancji dorozumianych lub ograniczenia odpowiedzialno\u015bci za szkody wynikowe lub przypadkowe, ograniczenia te mog\u0105 nie mie\u0107 zastosowania w twoim przypadku.<\/p>\n\n<p><strong>Billing<\/strong><\/p>\n\n<p>P\u0142atno\u015bci na FreewaySocial s\u0105 przetwarzane przy u\u017cyciu bezpiecznej metody akceptacji p\u0142atno\u015bci z wykorzystaniem szyfrowania SSL. Kupuj\u0105c nasze us\u0142ugi, wyra\u017anie potwierdzasz, \u017ce rozumiesz i zgadzasz si\u0119 na to, co kupujesz i nie b\u0119dziesz zg\u0142asza\u0142 nieuczciwych spor\u00f3w za po\u015brednictwem instytucji obs\u0142uguj\u0105cej karty kredytowe lub debetowe. Ponadto posiadasz upowa\u017cnienie do korzystania z karty kredytowej, debetowej lub innego \u017ar\u00f3d\u0142a p\u0142atno\u015bci u\u017cytego do dokonania zakupu. W przypadku nieuczciwej pr\u00f3by wniesienia sporu lub obci\u0105\u017cenia zwrotnego mamy prawo, je\u015bli to konieczne, zresetowa\u0107 wszystkie osoby \u015bledz\u0105ce i lubi\u0105ce, zlikwidowa\u0107 Twoje konto i\/lub trwale zablokowa\u0107 Tw\u00f3j adres IP. U\u017cytkownicy przyjmuj\u0105 do wiadomo\u015bci, \u017ce obci\u0105\u017cenie zwrotne, spory lub cofni\u0119cie p\u0142atno\u015bci nie b\u0119d\u0105 realizowane przed om\u00f3wieniem sytuacji z naszym zespo\u0142em pomocy technicznej.<\/p>\n\n<p><strong>Poprawki i errata<\/strong><\/p>\n\n<p>Materia\u0142y znajduj\u0105ce si\u0119 na stronie internetowej FreewaySocial mog\u0105 zawiera\u0107 b\u0142\u0119dy techniczne, typograficzne lub fotograficzne. FreewaySocial nie gwarantuje, \u017ce jakiekolwiek materia\u0142y na stronie internetowej s\u0105 dok\u0142adne, kompletne lub aktualne. FreewaySocial mo\u017ce dokonywa\u0107 zmian w materia\u0142ach zawartych na swojej stronie internetowej w dowolnym momencie bez uprzedzenia. FreewaySocial nie podejmuje jednak \u017cadnych zobowi\u0105za\u0144 dotycz\u0105cych aktualizacji materia\u0142\u00f3w.<\/p>\n\n<p><strong>Linki<\/strong><\/p>\n\n<p>FreewaySocial nie przejrza\u0142 wszystkich stron po\u0142\u0105czonych z jego stron\u0105 internetow\u0105 i nie jest odpowiedzialny za zawarto\u015b\u0107 ka\u017cdej takiej strony. Umieszczenie jakiegokolwiek linku nie oznacza, \u017ce FreewaySocial popiera dan\u0105 stron\u0119. U\u017cytkownik korzysta z takich stron na w\u0142asne ryzyko.<\/p>\n\n<p><strong>Modyfikacje warunk\u00f3w korzystania z witryny<\/strong><\/p>\n\n<p>FreewaySocial mo\u017ce zmieni\u0107 te warunki u\u017cytkowania swojej strony internetowej w dowolnym momencie bez powiadomienia. Korzystaj\u0105c z tej strony internetowej, zgadzasz si\u0119 na przestrzeganie aktualnej wersji Warunk\u00f3w U\u017cytkowania.<\/p>\n\n<p><strong>Prawo w\u0142a\u015bciwe<\/strong><\/p>\n\n<p>Wszelkie roszczenia zwi\u0105zane ze stron\u0105 internetow\u0105 FreewaySocial s\u0105 regulowane przez prawo Wielkiej Brytanii bez wzgl\u0119du na jego konflikt z prawem. Og\u00f3lne warunki maj\u0105 zastosowanie do korzystania z witryny internetowej.<\/p>\n\n<p><strong>Wsparcie<\/strong><\/p>\n\n<p>Staramy si\u0119 zapewni\u0107 naszym u\u017cytkownikom najlepsz\u0105 w bran\u017cy pomoc techniczn\u0105. Wszelkie pytania dotycz\u0105ce sprzeda\u017cy lub kwestii technicznych prosimy kierowa\u0107 na adres support@freewaysocial.com.<\/p>\n\n<p><strong>Refundacje<\/strong><\/p>\n\n<p>Klienci, kt\u00f3rzy nie s\u0105 w pe\u0142ni zadowoleni z naszych us\u0142ug, mog\u0105 za\u017c\u0105da\u0107 pe\u0142nego zwrotu pieni\u0119dzy w ci\u0105gu pierwszych 30 dni od daty zakupu. Zwroty b\u0119d\u0105 realizowane przez naszych agent\u00f3w obs\u0142ugi klienta, kt\u00f3rych mo\u017cna znale\u017a\u0107 pod adresem support@freewaysocial.com. Zwroty nie dotycz\u0105 darmowych kredyt\u00f3w lub us\u0142ug. FreewaySocial zastrzega sobie prawo do spe\u0142nienia wymaga\u0144 klienta, a wszystkie zwroty musz\u0105 by\u0107 realizowane z nale\u017cyt\u0105 staranno\u015bci\u0105 i w odpowiednim procesie.<\/p>\n\n<p><strong>Serwis<\/strong><\/p>\n\n<ol class=\"wp-block-list\">\n<li>FreewaySocial nie jest w \u017caden spos\u00f3b powi\u0105zany z Instagramem, Facebookiem, TikTokiem, YouTube, Twitterem, Twitchem, Linkedin, Spotify, Soundcloud, Snapchatem, Quor\u0105, Redditem, Pinterestem, Telegramem, Clubhouse ani \u017cadnymi ich partnerami.<\/li>\n\n\n\n<li>Na Tobie spoczywa wy\u0142\u0105czna odpowiedzialno\u015b\u0107 za przestrzeganie zasad Instagrama, Facebooka, TikTok, YouTube, Twittera, Twitcha, Linkedin, Spotify, Soundcloud, Snapchata, Quory, Reddita, Pinteresta, Telegrama i\/lub zasad Clubhouse oraz wszelkich przepis\u00f3w, kt\u00f3rym podlegasz. Korzystasz z FreewaySocial na w\u0142asne ryzyko.<\/li>\n\n\n\n<li>Nie jeste\u015bmy odpowiedzialni za Twoje dzia\u0142ania i ich konsekwencje. Nie ponosimy winy, je\u015bli Twoje konto na Instagramie, Facebooku, TikTok, YouTube, Twitterze, Twitchu, Linkedin, Spotify, Soundcloud, Snapchat, Quora, Reddit, Pinterest, Telegram, Clubhouse zostanie zablokowane z jakiegokolwiek powodu.<\/li>\n\n\n\n<li>Wymagamy Twojej nazwy u\u017cytkownika w serwisie Instagram, Facebook, TikTok, YouTube, Twitter, Twitch, Linkedin, Spotify, Soundcloud, Snapchat, Quora, Reddit, Pinterest, Telegram, Clubhouse, aby uzyska\u0107 wymagane informacje dla API Instagram, Facebook, TikTok, YouTube, Twitter, Twitch, Linkedin, Spotify, Soundcloud, Snapchat, Quora, Reddit, Pinterest, Telegram, Clubhouse. Nie przechowujemy, nie przekazujemy ani w \u017caden inny spos\u00f3b nie rozpowszechniamy Twojej nazwy u\u017cytkownika osobom trzecim.<\/li>\n\n\n\n<li>Oczekiwana liczba zwolennik\u00f3w, polubie\u0144 i wy\u015bwietle\u0144 nie jest w \u017caden spos\u00f3b gwarantowana.<\/li>\n\n\n\n<li>Nie mo\u017cemy zagwarantowa\u0107 ci\u0105g\u0142ego, nieprzerwanego i wolnego od b\u0142\u0119d\u00f3w dzia\u0142ania us\u0142ug.<\/li>\n\n\n\n<li>Wy\u0142\u0105czn\u0105 odpowiedzialno\u015bci\u0105 klient\u00f3w jest upewnienie si\u0119, \u017ce ich konta s\u0105 ustawione jako &#8222;publiczne&#8221; podczas korzystania z us\u0142ugi FreewaySocial. Jakakolwiek przerwa w dzia\u0142aniu serwisu zwi\u0105zana ze zmian\u0105 profilu klienta na &#8222;prywatny&#8221; nie spowoduje zwrotu p\u0142atno\u015bci za ten okres.<\/li>\n\n\n\n<li>Zgadzasz si\u0119, \u017ce po zakupie naszych us\u0142ug rozumiesz i zgadzasz si\u0119 na to, co kupujesz i nie b\u0119dziesz zg\u0142asza\u0142 nieuczciwych spor\u00f3w za po\u015brednictwem procesora p\u0142atno\u015bci.<\/li>\n\n\n\n<li>Zastrzegamy sobie prawo do modyfikowania, zawieszania lub wycofywania ca\u0142o\u015bci lub cz\u0119\u015bci naszego serwisu lub jakiejkolwiek jego zawarto\u015bci w dowolnym momencie bez powiadomienia i bez ponoszenia jakiejkolwiek odpowiedzialno\u015bci.<\/li>\n\n\n\n<li>Wy\u0142\u0105cznie Ty jeste\u015b odpowiedzialny za sprawdzenie, czy Warunki uleg\u0142y zmianie.<\/li>\n<\/ol>\n","protected":false},"excerpt":{"rendered":"<p>Regulamin FreewaySocial.com Dzi\u0119kujemy za korzystanie z naszych produkt\u00f3w i us\u0142ug (&#8222;Us\u0142ugi&#8221;). Us\u0142ugi s\u0105 \u015bwiadczone przez Huge Upward LTD. Wchodz\u0105c na t\u0119 stron\u0119 internetow\u0105, zgadzasz si\u0119 na przestrzeganie Warunk\u00f3w korzystania z tej strony, wszystkich obowi\u0105zuj\u0105cych praw i przepis\u00f3w oraz zgadzasz si\u0119, \u017ce jeste\u015b odpowiedzialny za przestrzeganie wszelkich obowi\u0105zuj\u0105cych praw lokalnych. Je\u015bli nie zgadzasz si\u0119 z kt\u00f3rymkolwiek [&hellip;]<\/p>\n","protected":false},"author":1,"featured_media":0,"parent":0,"menu_order":0,"comment_status":"closed","ping_status":"closed","template":"","meta":{"site-sidebar-layout":"default","site-content-layout":"","ast-site-content-layout":"default","site-content-style":"default","site-sidebar-style":"default","ast-global-header-display":"","ast-banner-title-visibility":"","ast-main-header-display":"","ast-hfb-above-header-display":"","ast-hfb-below-header-display":"","ast-hfb-mobile-header-display":"","site-post-title":"","ast-breadcrumbs-content":"","ast-featured-img":"","footer-sml-layout":"","ast-disable-related-posts":"","theme-transparent-header-meta":"","adv-header-id-meta":"","stick-header-meta":"","header-above-stick-meta":"","header-main-stick-meta":"","header-below-stick-meta":"","astra-migrate-meta-layouts":"default","ast-page-background-enabled":"default","ast-page-background-meta":{"desktop":{"background-color":"var(--ast-global-color-4)","background-image":"","background-repeat":"repeat","background-position":"center center","background-size":"auto","background-attachment":"scroll","background-type":"","background-media":"","overlay-type":"","overlay-color":"","overlay-opacity":"","overlay-gradient":""},"tablet":{"background-color":"","background-image":"","background-repeat":"repeat","background-position":"center center","background-size":"auto","background-attachment":"scroll","background-type":"","background-media":"","overlay-type":"","overlay-color":"","overlay-opacity":"","overlay-gradient":""},"mobile":{"background-color":"","background-image":"","background-repeat":"repeat","background-position":"center center","background-size":"auto","background-attachment":"scroll","background-type":"","background-media":"","overlay-type":"","overlay-color":"","overlay-opacity":"","overlay-gradient":""}},"ast-content-background-meta":{"desktop":{"background-color":"var(--ast-global-color-5)","background-image":"","background-repeat":"repeat","background-position":"center center","background-size":"auto","background-attachment":"scroll","background-type":"","background-media":"","overlay-type":"","overlay-color":"","overlay-opacity":"","overlay-gradient":""},"tablet":{"background-color":"var(--ast-global-color-5)","background-image":"","background-repeat":"repeat","background-position":"center center","background-size":"auto","background-attachment":"scroll","background-type":"","background-media":"","overlay-type":"","overlay-color":"","overlay-opacity":"","overlay-gradient":""},"mobile":{"background-color":"var(--ast-global-color-5)","background-image":"","background-repeat":"repeat","background-position":"center center","background-size":"auto","background-attachment":"scroll","background-type":"","background-media":"","overlay-type":"","overlay-color":"","overlay-opacity":"","overlay-gradient":""}},"footnotes":""},"class_list":["post-158740","page","type-page","status-publish","hentry"],"_links":{"self":[{"href":"https:\/\/freewaysocial.com\/pl\/wp-json\/wp\/v2\/pages\/158740","targetHints":{"allow":["GET"]}}],"collection":[{"href":"https:\/\/freewaysocial.com\/pl\/wp-json\/wp\/v2\/pages"}],"about":[{"href":"https:\/\/freewaysocial.com\/pl\/wp-json\/wp\/v2\/types\/page"}],"author":[{"embeddable":true,"href":"https:\/\/freewaysocial.com\/pl\/wp-json\/wp\/v2\/users\/1"}],"replies":[{"embeddable":true,"href":"https:\/\/freewaysocial.com\/pl\/wp-json\/wp\/v2\/comments?post=158740"}],"version-history":[{"count":0,"href":"https:\/\/freewaysocial.com\/pl\/wp-json\/wp\/v2\/pages\/158740\/revisions"}],"wp:attachment":[{"href":"https:\/\/freewaysocial.com\/pl\/wp-json\/wp\/v2\/media?parent=158740"}],"curies":[{"name":"wp","href":"https:\/\/api.w.org\/{rel}","templated":true}]}}