{"id":90362,"date":"2023-01-02T08:32:59","date_gmt":"2023-01-02T07:32:59","guid":{"rendered":"https:\/\/freewaysocial.com\/termini-e-condizioni\/"},"modified":"2025-07-08T09:59:57","modified_gmt":"2025-07-08T08:59:57","slug":"termini-e-condizioni","status":"publish","type":"page","link":"https:\/\/freewaysocial.com\/it\/termini-e-condizioni\/","title":{"rendered":"Termini e condizioni"},"content":{"rendered":"\n<p><strong>Termini e condizioni di FreewaySocial.com<\/strong><\/p>\n\n<p>Grazie per aver utilizzato i nostri prodotti e servizi (&#8220;Servizi&#8221;). I Servizi sono forniti da Huge Upward LTD. Accedendo a questo sito web, l&#8217;utente accetta di essere vincolato dai presenti Termini e Condizioni d&#8217;uso del sito web, da tutte le leggi e i regolamenti applicabili e accetta di essere responsabile del rispetto di tutte le leggi locali applicabili. Se non sei d&#8217;accordo con uno qualsiasi di questi termini, ti \u00e8 vietato utilizzare o accedere a questo sito. I materiali contenuti in questo sito web sono protetti dalle leggi vigenti in materia di copyright e marchi di fabbrica.<\/p>\n\n<p><strong>Licenza d&#8217;uso<\/strong><\/p>\n\n<p>Il permesso di scaricare temporaneamente una copia dei materiali (informazioni o software) presenti sul sito web di FreewaySocial \u00e8 concesso solo per uso personale e non commerciale. Questa \u00e8 la concessione di una licenza, non un trasferimento di propriet\u00e0, e in base a questa licenza, non puoi:<\/p>\n\n<ul class=\"wp-block-list\">\n<li>modificare o copiare i materiali;<\/li>\n\n\n\n<li>utilizzare i materiali per qualsiasi scopo commerciale o per qualsiasi esposizione pubblica (commerciale o non commerciale);<\/li>\n\n\n\n<li>tentare di decompilare o decodificare qualsiasi software contenuto nel sito web di FreewaySocial;<\/li>\n\n\n\n<li>rimuovere qualsiasi nota di copyright o di altri diritti di propriet\u00e0 dai materiali;<\/li>\n\n\n\n<li>o trasferire i materiali a un&#8217;altra persona o &#8220;rispecchiare&#8221; i materiali su qualsiasi altro server.<\/li>\n<\/ul>\n\n<p>Questa licenza terminer\u00e0 automaticamente se l&#8217;utente viola una qualsiasi di queste restrizioni e potr\u00e0 essere revocata da FreewaySocial in qualsiasi momento. Al termine della visione di questi materiali o al termine della presente licenza, l&#8217;utente dovr\u00e0 distruggere tutti i materiali scaricati in suo possesso, sia in formato elettronico che cartaceo.<\/p>\n\n<p><strong>Esclusione di responsabilit\u00e0<\/strong><\/p>\n\n<p>I materiali presenti sul sito web di FreewaySocial sono forniti &#8220;cos\u00ec come sono&#8221;. FreewaySocial non fornisce alcuna garanzia, espressa o implicita, e con la presente esclude e nega tutte le altre garanzie, incluse, senza limitazioni, garanzie implicite o condizioni di commerciabilit\u00e0, idoneit\u00e0 per uno scopo particolare, o non violazione della propriet\u00e0 intellettuale o altre violazioni dei diritti. Inoltre, FreewaySocial non garantisce n\u00e9 rilascia alcuna dichiarazione in merito all&#8217;accuratezza, ai risultati probabili o all&#8217;affidabilit\u00e0 dell&#8217;uso dei materiali presenti sul suo sito Internet o altrimenti relativi a tali materiali o a qualsiasi sito collegato a questo sito.<\/p>\n\n<p><strong>Limitazioni<\/strong><\/p>\n\n<p>In nessun caso FreewaySocial o i suoi fornitori saranno responsabili per eventuali danni (inclusi, senza limitazioni, danni per perdita di dati o profitti, o a causa di interruzione dell&#8217;attivit\u00e0) derivanti dall&#8217;utilizzo o dall&#8217;impossibilit\u00e0 di utilizzare i materiali presenti sul sito Internet di FreewaySocial, anche nel caso in cui FreewaySocial o un rappresentante autorizzato di FreewaySocial sia stato informato oralmente o per iscritto della possibilit\u00e0 di tali danni. Poich\u00e9 alcune giurisdizioni non consentono limitazioni di garanzie implicite o limitazioni di responsabilit\u00e0 per danni conseguenti o accidentali, tali limitazioni potrebbero non essere applicabili all&#8217;utente.<\/p>\n\n<p><strong>Fatturazione<\/strong><\/p>\n\n<p>I pagamenti su FreewaySocial vengono elaborati con un metodo sicuro di accettazione dei pagamenti, utilizzando la crittografia SSL. Acquistando i nostri servizi dichiari esplicitamente di aver compreso e accettato ci\u00f2 che stai acquistando e di non presentare una contestazione fraudolenta tramite l&#8217;istituto della carta di credito o della carta di debito. Inoltre, l&#8217;utente \u00e8 autorizzato a utilizzare la carta di credito, la carta di debito o qualsiasi altra fonte di pagamento utilizzata per effettuare l&#8217;acquisto. In caso di tentativo fraudolento di presentare una controversia o un chargeback, ci riserviamo il diritto, se necessario, di azzerare tutti i follower e i like, di chiudere il tuo account e\/o di bannare permanentemente il tuo indirizzo IP. Gli utenti sono consapevoli che non verranno effettuati chargeback, dispute o storni di pagamento prima di aver discusso la situazione con il nostro team di assistenza.<\/p>\n\n<p><strong>Revisioni ed errori<\/strong><\/p>\n\n<p>I materiali presenti sul sito web di FreewaySocial potrebbero contenere errori tecnici, tipografici o fotografici. FreewaySocial non garantisce che i materiali presenti sul suo sito web siano accurati, completi o aggiornati. FreewaySocial pu\u00f2 apportare modifiche ai materiali contenuti nel suo sito web in qualsiasi momento e senza preavviso. FreewaySocial non si impegna tuttavia ad aggiornare i materiali.<\/p>\n\n<p><strong>Collegamenti<\/strong><\/p>\n\n<p>FreewaySocial non ha esaminato tutti i siti collegati al suo sito Internet e non \u00e8 responsabile dei contenuti di tali siti. L&#8217;inclusione di qualsiasi link non implica l&#8217;approvazione del sito da parte di FreewaySocial. L&#8217;utilizzo di tali siti web collegati \u00e8 a rischio e pericolo dell&#8217;utente.<\/p>\n\n<p><strong>Modifiche alle condizioni d&#8217;uso del sito<\/strong><\/p>\n\n<p>FreewaySocial pu\u00f2 rivedere le condizioni d&#8217;uso del proprio sito web in qualsiasi momento e senza preavviso. Utilizzando questo sito web, l&#8217;utente accetta di essere vincolato dalla versione pi\u00f9 recente di questi Termini e Condizioni d&#8217;uso.<\/p>\n\n<p><strong>Legge applicabile<\/strong><\/p>\n\n<p>Qualsiasi reclamo relativo al sito web di FreewaySocial sar\u00e0 regolato dalle leggi del Regno Unito senza tener conto dei conflitti di legge. I Termini e le Condizioni Generali sono applicabili all&#8217;utilizzo di un Sito Web.<\/p>\n\n<p><strong>Supporto<\/strong><\/p>\n\n<p>Ci impegniamo a fornire ai nostri utenti un&#8217;assistenza leader nel settore. Per qualsiasi domanda di carattere commerciale o tecnico, inviaci un&#8217;e-mail a support@freewaysocial.com.<\/p>\n\n<p><strong>Rimborsi<\/strong><\/p>\n\n<p>I clienti che non sono completamente soddisfatti dei nostri servizi possono richiedere un rimborso completo entro i primi 30 giorni dall&#8217;acquisto. I rimborsi saranno gestiti dagli agenti del nostro servizio di assistenza clienti che possono essere contattati all&#8217;indirizzo support@freewaysocial.com. I rimborsi non sono applicabili ai crediti o ai servizi gratuiti. FreewaySocial si riserva il diritto di soddisfare la soddisfazione del cliente e tutti i rimborsi devono essere elaborati con la dovuta diligenza e il giusto processo.<\/p>\n\n<p><strong>Assistenza<\/strong><\/p>\n\n<ol class=\"wp-block-list\">\n<li>FreewaySocial non \u00e8 in alcun modo affiliato a Instagram, Facebook, TikTok, YouTube, Twitter, Twitch, Linkedin, Spotify, Soundcloud, Snapchat, Quora, Reddit, Pinterest, Telegram, Clubhouse o qualsiasi altro partner di terze parti.<\/li>\n\n\n\n<li>\u00c8 tua esclusiva responsabilit\u00e0 rispettare le regole di Instagram, Facebook, TikTok, YouTube, Twitter, Twitch, Linkedin, Spotify, Soundcloud, Snapchat, Quora, Reddit, Pinterest, Telegram e\/o della Clubhouse e qualsiasi legislazione a cui sei soggetto. Utilizzi FreewaySocial a tuo rischio e pericolo.<\/li>\n\n\n\n<li>Non siamo responsabili delle tue azioni e delle loro conseguenze. Non siamo responsabili se il tuo account Instagram, Facebook, TikTok, YouTube, Twitter, Twitch, Linkedin, Spotify, Soundcloud, Snapchat, Quora, Reddit, Pinterest, Telegram, Clubhouse viene bannato per qualsiasi motivo.<\/li>\n\n\n\n<li>Richiediamo il tuo nome utente Instagram, Facebook, TikTok, YouTube, Twitter, Twitch, Linkedin, Spotify, Soundcloud, Snapchat, Quora, Reddit, Pinterest, Telegram, Clubhouse per ottenere le informazioni necessarie per l&#8217;API Instagram, Facebook, TikTok, YouTube, Twitter, Twitch, Linkedin, Spotify, Soundcloud, Snapchat, Quora, Reddit, Pinterest, Telegram, Clubhouse. Non memorizziamo, cediamo o distribuiamo in altro modo il tuo nome utente a terzi.<\/li>\n\n\n\n<li>Il numero previsto di follower, like e visualizzazioni non \u00e8 garantito in alcun modo.<\/li>\n\n\n\n<li>Non possiamo garantire l&#8217;operativit\u00e0 continua, ininterrotta o priva di errori dei servizi.<\/li>\n\n\n\n<li>\u00c8 responsabilit\u00e0 esclusiva dei clienti assicurarsi che i loro account siano impostati come &#8220;pubblici&#8221; durante l&#8217;utilizzo del servizio FreewaySocial. Eventuali tempi di inattivit\u00e0 del servizio in relazione al cambiamento del profilo del cliente in &#8220;privato&#8221; non comporteranno alcun rimborso per quel periodo di tempo.<\/li>\n\n\n\n<li>L&#8217;utente accetta che, acquistando il nostro servizio, comprenda e accetti chiaramente ci\u00f2 che sta acquistando e non presenter\u00e0 una controversia fraudolenta tramite il processore di pagamento.<\/li>\n\n\n\n<li>Ci riserviamo il diritto di modificare, sospendere o ritirare l&#8217;intero servizio o parte di esso o qualsiasi suo contenuto in qualsiasi momento senza preavviso e senza incorrere in alcuna responsabilit\u00e0.<\/li>\n\n\n\n<li>\u00c8 tua esclusiva responsabilit\u00e0 verificare se i Termini sono stati modificati.<\/li>\n<\/ol>\n","protected":false},"excerpt":{"rendered":"<p>Termini e condizioni di FreewaySocial.com Grazie per aver utilizzato i nostri prodotti e servizi (&#8220;Servizi&#8221;). I Servizi sono forniti da Huge Upward LTD. Accedendo a questo sito web, l&#8217;utente accetta di essere vincolato dai presenti Termini e Condizioni d&#8217;uso del sito web, da tutte le leggi e i regolamenti applicabili e accetta di essere responsabile [&hellip;]<\/p>\n","protected":false},"author":1,"featured_media":0,"parent":0,"menu_order":0,"comment_status":"closed","ping_status":"closed","template":"","meta":{"site-sidebar-layout":"default","site-content-layout":"","ast-site-content-layout":"default","site-content-style":"default","site-sidebar-style":"default","ast-global-header-display":"","ast-banner-title-visibility":"","ast-main-header-display":"","ast-hfb-above-header-display":"","ast-hfb-below-header-display":"","ast-hfb-mobile-header-display":"","site-post-title":"","ast-breadcrumbs-content":"","ast-featured-img":"","footer-sml-layout":"","ast-disable-related-posts":"","theme-transparent-header-meta":"","adv-header-id-meta":"","stick-header-meta":"","header-above-stick-meta":"","header-main-stick-meta":"","header-below-stick-meta":"","astra-migrate-meta-layouts":"default","ast-page-background-enabled":"default","ast-page-background-meta":{"desktop":{"background-color":"var(--ast-global-color-4)","background-image":"","background-repeat":"repeat","background-position":"center center","background-size":"auto","background-attachment":"scroll","background-type":"","background-media":"","overlay-type":"","overlay-color":"","overlay-opacity":"","overlay-gradient":""},"tablet":{"background-color":"","background-image":"","background-repeat":"repeat","background-position":"center center","background-size":"auto","background-attachment":"scroll","background-type":"","background-media":"","overlay-type":"","overlay-color":"","overlay-opacity":"","overlay-gradient":""},"mobile":{"background-color":"","background-image":"","background-repeat":"repeat","background-position":"center center","background-size":"auto","background-attachment":"scroll","background-type":"","background-media":"","overlay-type":"","overlay-color":"","overlay-opacity":"","overlay-gradient":""}},"ast-content-background-meta":{"desktop":{"background-color":"var(--ast-global-color-5)","background-image":"","background-repeat":"repeat","background-position":"center center","background-size":"auto","background-attachment":"scroll","background-type":"","background-media":"","overlay-type":"","overlay-color":"","overlay-opacity":"","overlay-gradient":""},"tablet":{"background-color":"var(--ast-global-color-5)","background-image":"","background-repeat":"repeat","background-position":"center center","background-size":"auto","background-attachment":"scroll","background-type":"","background-media":"","overlay-type":"","overlay-color":"","overlay-opacity":"","overlay-gradient":""},"mobile":{"background-color":"var(--ast-global-color-5)","background-image":"","background-repeat":"repeat","background-position":"center center","background-size":"auto","background-attachment":"scroll","background-type":"","background-media":"","overlay-type":"","overlay-color":"","overlay-opacity":"","overlay-gradient":""}},"footnotes":""},"class_list":["post-90362","page","type-page","status-publish","hentry"],"_links":{"self":[{"href":"https:\/\/freewaysocial.com\/it\/wp-json\/wp\/v2\/pages\/90362","targetHints":{"allow":["GET"]}}],"collection":[{"href":"https:\/\/freewaysocial.com\/it\/wp-json\/wp\/v2\/pages"}],"about":[{"href":"https:\/\/freewaysocial.com\/it\/wp-json\/wp\/v2\/types\/page"}],"author":[{"embeddable":true,"href":"https:\/\/freewaysocial.com\/it\/wp-json\/wp\/v2\/users\/1"}],"replies":[{"embeddable":true,"href":"https:\/\/freewaysocial.com\/it\/wp-json\/wp\/v2\/comments?post=90362"}],"version-history":[{"count":0,"href":"https:\/\/freewaysocial.com\/it\/wp-json\/wp\/v2\/pages\/90362\/revisions"}],"wp:attachment":[{"href":"https:\/\/freewaysocial.com\/it\/wp-json\/wp\/v2\/media?parent=90362"}],"curies":[{"name":"wp","href":"https:\/\/api.w.org\/{rel}","templated":true}]}}