{"id":99340,"date":"2022-11-29T06:54:43","date_gmt":"2022-11-29T05:54:43","guid":{"rendered":"https:\/\/freewaysocial.com\/politique-de-confidentialite\/"},"modified":"2025-07-08T10:00:28","modified_gmt":"2025-07-08T09:00:28","slug":"politique-de-confidentialite","status":"publish","type":"page","link":"https:\/\/freewaysocial.com\/fr\/politique-de-confidentialite\/","title":{"rendered":"Politique de confidentialit\u00e9"},"content":{"rendered":"\n<h2 class=\"wp-block-heading\">Qui nous sommes<\/h2>\n\n<p>L&rsquo;adresse de notre site Internet est : https:\/\/freewaysocial.com.<\/p>\n\n<h2 class=\"wp-block-heading\">Commentaires<\/h2>\n\n<p>Lorsque les visiteurs laissent des commentaires sur le site, nous collectons les donn\u00e9es indiqu\u00e9es dans le formulaire de commentaires, ainsi que l&rsquo;adresse IP et la cha\u00eene d&rsquo;agent utilisateur du navigateur du visiteur pour faciliter la d\u00e9tection des spams.<\/p>\n\n<p>Une cha\u00eene anonyme cr\u00e9\u00e9e \u00e0 partir de ton adresse e-mail (\u00e9galement appel\u00e9e hachage) peut \u00eatre fournie au service Gravatar pour savoir si tu l&rsquo;utilises. La politique de confidentialit\u00e9 du service Gravatar est disponible ici : https:\/\/automattic.com\/privacy\/. Apr\u00e8s l&rsquo;approbation de ton commentaire, ta photo de profil est visible par le public dans le contexte de ton commentaire.<\/p>\n\n<h2 class=\"wp-block-heading\">M\u00e9dias<\/h2>\n\n<p>Si tu t\u00e9l\u00e9charges des images sur le site Web, tu dois \u00e9viter de t\u00e9l\u00e9charger des images contenant des donn\u00e9es de localisation int\u00e9gr\u00e9es (GPS EXIF). Les visiteurs du site Web peuvent t\u00e9l\u00e9charger et extraire n&rsquo;importe quelle donn\u00e9e de localisation \u00e0 partir des images du site Web.<\/p>\n\n<h2 class=\"wp-block-heading\">Cookies<\/h2>\n\n<p>Si tu laisses un commentaire sur notre site, tu peux accepter que ton nom, ton adresse e-mail et ton site Web soient enregistr\u00e9s dans des cookies. Elles sont destin\u00e9es \u00e0 te faciliter la t\u00e2che pour que tu n&rsquo;aies pas \u00e0 remplir \u00e0 nouveau tes coordonn\u00e9es lorsque tu laisses un autre commentaire. Ces biscuits se conservent pendant un an.<\/p>\n\n<p>Si tu visites notre page de connexion, nous installerons un cookie temporaire pour d\u00e9terminer si ton navigateur accepte les cookies. Ce cookie ne contient aucune donn\u00e9e personnelle et est \u00e9limin\u00e9 lorsque tu fermes ton navigateur.<\/p>\n\n<p>Lorsque tu te connectes, nous configurons \u00e9galement plusieurs cookies pour enregistrer tes informations de connexion et tes choix d&rsquo;affichage d&rsquo;\u00e9cran. Les cookies de connexion durent deux jours, et les cookies d&rsquo;options d&rsquo;\u00e9cran durent un an. Si tu s\u00e9lectionnes \u00ab\u00a0Se souvenir de moi\u00a0\u00bb, ta connexion persistera pendant deux semaines. Si tu te d\u00e9connectes de ton compte, les cookies de connexion seront supprim\u00e9s.<\/p>\n\n<p>Si tu modifies ou publies un article, un cookie suppl\u00e9mentaire sera enregistr\u00e9 dans ton navigateur. Ce cookie ne comprend aucune donn\u00e9e personnelle et indique simplement l&rsquo;ID de poste de l&rsquo;article que tu viens de modifier. Il expire apr\u00e8s 1 jour.<\/p>\n\n<h2 class=\"wp-block-heading\">Contenu int\u00e9gr\u00e9 d&rsquo;autres sites Web<\/h2>\n\n<p>Les articles de ce site peuvent inclure du contenu int\u00e9gr\u00e9 (par exemple des vid\u00e9os, des images, des articles, etc.). Le contenu int\u00e9gr\u00e9 d&rsquo;autres sites Web se comporte exactement de la m\u00eame mani\u00e8re que si le visiteur avait visit\u00e9 l&rsquo;autre site Web.<\/p>\n\n<p>Ces sites Web peuvent collecter des donn\u00e9es sur toi, utiliser des cookies, int\u00e9grer un suivi suppl\u00e9mentaire par des tiers et surveiller ton interaction avec ce contenu int\u00e9gr\u00e9, notamment en suivant ton interaction avec le contenu int\u00e9gr\u00e9 si tu as un compte et que tu es connect\u00e9 \u00e0 ce site Web.<\/p>\n\n<h2 class=\"wp-block-heading\">Avec qui nous partageons tes donn\u00e9es<\/h2>\n\n<p>Si tu demandes une r\u00e9initialisation du mot de passe, ton adresse IP sera incluse dans le courriel de r\u00e9initialisation.<\/p>\n\n<h2 class=\"wp-block-heading\">Combien de temps nous conservons tes donn\u00e9es.<\/h2>\n\n<p>Si tu laisses un commentaire, le commentaire et ses m\u00e9tadonn\u00e9es sont conserv\u00e9s ind\u00e9finiment. Cela nous permet de reconna\u00eetre et d&rsquo;approuver automatiquement les commentaires de suivi au lieu de les garder dans une file d&rsquo;attente de mod\u00e9ration.<\/p>\n\n<p>Pour les utilisateurs qui s&rsquo;inscrivent sur notre site Web (le cas \u00e9ch\u00e9ant), nous stockons \u00e9galement les informations personnelles qu&rsquo;ils fournissent dans leur profil utilisateur. Tous les utilisateurs peuvent voir, modifier ou supprimer leurs informations personnelles \u00e0 tout moment (sauf qu&rsquo;ils ne peuvent pas changer leur nom d&rsquo;utilisateur). Les administrateurs du site Web peuvent \u00e9galement voir et modifier ces informations.<\/p>\n\n<h2 class=\"wp-block-heading\">Quels sont les droits que tu as sur tes donn\u00e9es.<\/h2>\n\n<p>Si tu as un compte sur ce site, ou si tu as laiss\u00e9 des commentaires, tu peux demander \u00e0 recevoir un fichier export\u00e9 des donn\u00e9es personnelles que nous d\u00e9tenons \u00e0 ton sujet, y compris les donn\u00e9es que tu nous as fournies. Tu peux aussi demander que nous effacions toutes les donn\u00e9es personnelles que nous d\u00e9tenons \u00e0 ton sujet. Cela n&rsquo;inclut pas les donn\u00e9es que nous sommes oblig\u00e9s de conserver \u00e0 des fins administratives, juridiques ou de s\u00e9curit\u00e9.<\/p>\n\n<h2 class=\"wp-block-heading\">O\u00f9 nous envoyons tes donn\u00e9es<\/h2>\n\n<p>Les commentaires des visiteurs peuvent \u00eatre v\u00e9rifi\u00e9s par un service automatis\u00e9 de d\u00e9tection des spams.<\/p>\n","protected":false},"excerpt":{"rendered":"<p>Qui nous sommes L&rsquo;adresse de notre site Internet est : https:\/\/freewaysocial.com. Commentaires Lorsque les visiteurs laissent des commentaires sur le site, nous collectons les donn\u00e9es indiqu\u00e9es dans le formulaire de commentaires, ainsi que l&rsquo;adresse IP et la cha\u00eene d&rsquo;agent utilisateur du navigateur du visiteur pour faciliter la d\u00e9tection des spams. Une cha\u00eene anonyme cr\u00e9\u00e9e \u00e0 [&hellip;]<\/p>\n","protected":false},"author":1,"featured_media":0,"parent":0,"menu_order":0,"comment_status":"closed","ping_status":"closed","template":"","meta":{"site-sidebar-layout":"default","site-content-layout":"","ast-site-content-layout":"default","site-content-style":"default","site-sidebar-style":"default","ast-global-header-display":"","ast-banner-title-visibility":"","ast-main-header-display":"","ast-hfb-above-header-display":"","ast-hfb-below-header-display":"","ast-hfb-mobile-header-display":"","site-post-title":"","ast-breadcrumbs-content":"","ast-featured-img":"","footer-sml-layout":"","ast-disable-related-posts":"","theme-transparent-header-meta":"","adv-header-id-meta":"","stick-header-meta":"","header-above-stick-meta":"","header-main-stick-meta":"","header-below-stick-meta":"","astra-migrate-meta-layouts":"default","ast-page-background-enabled":"default","ast-page-background-meta":{"desktop":{"background-color":"var(--ast-global-color-4)","background-image":"","background-repeat":"repeat","background-position":"center center","background-size":"auto","background-attachment":"scroll","background-type":"","background-media":"","overlay-type":"","overlay-color":"","overlay-opacity":"","overlay-gradient":""},"tablet":{"background-color":"","background-image":"","background-repeat":"repeat","background-position":"center center","background-size":"auto","background-attachment":"scroll","background-type":"","background-media":"","overlay-type":"","overlay-color":"","overlay-opacity":"","overlay-gradient":""},"mobile":{"background-color":"","background-image":"","background-repeat":"repeat","background-position":"center center","background-size":"auto","background-attachment":"scroll","background-type":"","background-media":"","overlay-type":"","overlay-color":"","overlay-opacity":"","overlay-gradient":""}},"ast-content-background-meta":{"desktop":{"background-color":"var(--ast-global-color-5)","background-image":"","background-repeat":"repeat","background-position":"center center","background-size":"auto","background-attachment":"scroll","background-type":"","background-media":"","overlay-type":"","overlay-color":"","overlay-opacity":"","overlay-gradient":""},"tablet":{"background-color":"var(--ast-global-color-5)","background-image":"","background-repeat":"repeat","background-position":"center center","background-size":"auto","background-attachment":"scroll","background-type":"","background-media":"","overlay-type":"","overlay-color":"","overlay-opacity":"","overlay-gradient":""},"mobile":{"background-color":"var(--ast-global-color-5)","background-image":"","background-repeat":"repeat","background-position":"center center","background-size":"auto","background-attachment":"scroll","background-type":"","background-media":"","overlay-type":"","overlay-color":"","overlay-opacity":"","overlay-gradient":""}},"footnotes":""},"class_list":["post-99340","page","type-page","status-publish","hentry"],"_links":{"self":[{"href":"https:\/\/freewaysocial.com\/fr\/wp-json\/wp\/v2\/pages\/99340","targetHints":{"allow":["GET"]}}],"collection":[{"href":"https:\/\/freewaysocial.com\/fr\/wp-json\/wp\/v2\/pages"}],"about":[{"href":"https:\/\/freewaysocial.com\/fr\/wp-json\/wp\/v2\/types\/page"}],"author":[{"embeddable":true,"href":"https:\/\/freewaysocial.com\/fr\/wp-json\/wp\/v2\/users\/1"}],"replies":[{"embeddable":true,"href":"https:\/\/freewaysocial.com\/fr\/wp-json\/wp\/v2\/comments?post=99340"}],"version-history":[{"count":0,"href":"https:\/\/freewaysocial.com\/fr\/wp-json\/wp\/v2\/pages\/99340\/revisions"}],"wp:attachment":[{"href":"https:\/\/freewaysocial.com\/fr\/wp-json\/wp\/v2\/media?parent=99340"}],"curies":[{"name":"wp","href":"https:\/\/api.w.org\/{rel}","templated":true}]}}