{"id":90274,"date":"2023-01-02T08:32:59","date_gmt":"2023-01-02T07:32:59","guid":{"rendered":"https:\/\/freewaysocial.com\/conditions-generales\/"},"modified":"2025-07-08T09:59:57","modified_gmt":"2025-07-08T08:59:57","slug":"conditions-generales-dutilisation","status":"publish","type":"page","link":"https:\/\/freewaysocial.com\/fr\/conditions-generales-dutilisation\/","title":{"rendered":"Conditions g\u00e9n\u00e9rales"},"content":{"rendered":"\n<p><strong>Conditions g\u00e9n\u00e9rales de vente FreewaySocial.com<\/strong><\/p>\n\n<p>Merci d&rsquo;utiliser nos produits et services (\u00ab\u00a0Services\u00a0\u00bb). Les Services sont fournis par Huge Upward LTD. En acc\u00e9dant \u00e0 ce site Web, tu acceptes d&rsquo;\u00eatre li\u00e9 par les pr\u00e9sentes Conditions d&rsquo;utilisation du site Web, toutes les lois et r\u00e9glementations applicables, et tu acceptes d&rsquo;\u00eatre responsable du respect de toutes les lois locales applicables. Si tu n&rsquo;es pas d&rsquo;accord avec l&rsquo;une de ces conditions, il t&rsquo;est interdit d&rsquo;utiliser ou d&rsquo;acc\u00e9der \u00e0 ce site. Les documents contenus dans ce site Web sont prot\u00e9g\u00e9s par la loi applicable sur les droits d&rsquo;auteur et les marques.<\/p>\n\n<p><strong>Licence d&rsquo;utilisation<\/strong><\/p>\n\n<p>L&rsquo;autorisation est accord\u00e9e de t\u00e9l\u00e9charger temporairement une copie du mat\u00e9riel (informations ou logiciels) du site Web de FreewaySocial pour une visualisation transitoire personnelle et non commerciale uniquement. Il s&rsquo;agit de l&rsquo;octroi d&rsquo;une licence, et non d&rsquo;un transfert de titre, et sous cette licence, tu ne peux pas :<\/p>\n\n<ul class=\"wp-block-list\">\n<li>modifier ou copier les mat\u00e9riaux ;<\/li>\n\n\n\n<li>utiliser les mat\u00e9riaux \u00e0 des fins commerciales ou pour tout affichage public (commercial ou non commercial) ;<\/li>\n\n\n\n<li>tenter de d\u00e9compiler ou d&rsquo;effectuer une r\u00e9troconception de tout logiciel contenu sur le site Web de FreewaySocial ;<\/li>\n\n\n\n<li>supprimer tout droit d&rsquo;auteur ou toute autre mention de propri\u00e9t\u00e9 des mat\u00e9riaux ;<\/li>\n\n\n\n<li>ou de transf\u00e9rer le mat\u00e9riel \u00e0 une autre personne ou d&rsquo;en faire un \u00ab\u00a0miroir\u00a0\u00bb sur un autre serveur.<\/li>\n<\/ul>\n\n<p>Cette licence prendra automatiquement fin si tu violes l&rsquo;une de ces restrictions et peut \u00eatre r\u00e9sili\u00e9e par FreewaySocial \u00e0 tout moment. Lorsque tu ne consultes plus ces documents ou que la pr\u00e9sente licence prend fin, tu dois d\u00e9truire tous les documents t\u00e9l\u00e9charg\u00e9s en ta possession, que ce soit sous forme \u00e9lectronique ou imprim\u00e9e.<\/p>\n\n<p><strong>Avis de non-responsabilit\u00e9<\/strong><\/p>\n\n<p>Les documents du site Web de FreewaySocial sont fournis \u00ab\u00a0en l&rsquo;\u00e9tat\u00a0\u00bb. FreewaySocial ne donne aucune garantie, expresse ou implicite, et rejette et nie par la pr\u00e9sente toute autre garantie, y compris, sans limitation, les garanties ou conditions implicites de qualit\u00e9 marchande, d&rsquo;ad\u00e9quation \u00e0 un usage particulier, ou de non-violation de la propri\u00e9t\u00e9 intellectuelle ou de toute autre violation des droits. En outre, FreewaySocial ne garantit pas et ne fait aucune d\u00e9claration concernant l&rsquo;exactitude, les r\u00e9sultats probables ou la fiabilit\u00e9 de l&rsquo;utilisation des mat\u00e9riaux sur son site Internet ou autrement li\u00e9s \u00e0 ces mat\u00e9riaux ou \u00e0 tout site li\u00e9 \u00e0 ce site.<\/p>\n\n<p><strong>Limitations<\/strong><\/p>\n\n<p>En aucun cas, FreewaySocial ou ses fournisseurs ne seront tenus responsables des dommages (y compris, sans limitation, les dommages pour la perte de donn\u00e9es ou de b\u00e9n\u00e9fices, ou en raison d&rsquo;une interruption d&rsquo;activit\u00e9,) r\u00e9sultant de l&rsquo;utilisation ou de l&rsquo;incapacit\u00e9 \u00e0 utiliser le mat\u00e9riel sur le site Internet de FreewaySocial, m\u00eame si FreewaySocial ou un repr\u00e9sentant autoris\u00e9 de FreewaySocial a \u00e9t\u00e9 inform\u00e9 oralement ou par \u00e9crit de la possibilit\u00e9 de tels dommages. \u00c9tant donn\u00e9 que certaines juridictions n&rsquo;autorisent pas les limitations des garanties implicites ou les limitations de responsabilit\u00e9 pour les dommages cons\u00e9cutifs ou accidentels, ces limitations peuvent ne pas s&rsquo;appliquer \u00e0 toi.<\/p>\n\n<p><strong>Facturation<\/strong><\/p>\n\n<p>Les paiements sur FreewaySocial sont trait\u00e9s par une m\u00e9thode s\u00e9curis\u00e9e d&rsquo;acceptation des paiements en utilisant le cryptage SSL. En achetant nos services, tu acceptes explicitement de comprendre et d&rsquo;accepter ce que tu ach\u00e8tes et tu ne d\u00e9poseras pas de litige frauduleux via l&rsquo;institution de la carte de cr\u00e9dit ou de d\u00e9bit. En outre, tu as l&rsquo;autorisation d&rsquo;utiliser la carte de cr\u00e9dit ou de d\u00e9bit ou toute autre source de paiement utilis\u00e9e pour effectuer l&rsquo;achat. En cas de tentative frauduleuse de litige ou de r\u00e9trofacturation, nous avons le droit, si n\u00e9cessaire, de r\u00e9initialiser tous les followers et likes, de r\u00e9silier ton compte et\/ou d&rsquo;interdire d\u00e9finitivement ton adresse IP. Les utilisateurs reconnaissent que les r\u00e9trofacturations, les litiges ou les annulations de paiement ne seront pas effectu\u00e9s avant de discuter de la situation avec notre \u00e9quipe d&rsquo;assistance.<\/p>\n\n<p><strong>R\u00e9visions et Errata<\/strong><\/p>\n\n<p>Le mat\u00e9riel figurant sur le site Web de FreewaySocial peut contenir des erreurs techniques, typographiques ou photographiques. FreewaySocial ne garantit pas que les \u00e9l\u00e9ments de son site Web sont exacts, complets ou actuels. FreewaySocial peut apporter des modifications aux documents contenus sur son site Web \u00e0 tout moment sans pr\u00e9avis. FreewaySocial ne s&rsquo;engage toutefois pas \u00e0 mettre \u00e0 jour le mat\u00e9riel.<\/p>\n\n<p><strong>Liens<\/strong><\/p>\n\n<p>FreewaySocial n&rsquo;a pas examin\u00e9 tous les sites li\u00e9s \u00e0 son site Internet et n&rsquo;est pas responsable du contenu de ces sites. L&rsquo;inclusion d&rsquo;un lien n&rsquo;implique pas l&rsquo;approbation du site par FreewaySocial. L&rsquo;utilisation d&rsquo;un tel site Web li\u00e9 est aux risques et p\u00e9rils de l&rsquo;utilisateur.<\/p>\n\n<p><strong>Modifications des conditions d&rsquo;utilisation du site<\/strong><\/p>\n\n<p>FreewaySocial peut r\u00e9viser les conditions d&rsquo;utilisation de son site Web \u00e0 tout moment sans pr\u00e9avis. En utilisant ce site Web, tu acceptes d&rsquo;\u00eatre li\u00e9 par la version alors en vigueur de ces conditions d&rsquo;utilisation.<\/p>\n\n<p><strong>Loi applicable<\/strong><\/p>\n\n<p>Toute r\u00e9clamation relative au site Web de FreewaySocial sera r\u00e9gie par les lois du Royaume-Uni, sans tenir compte de son conflit de dispositions l\u00e9gales. Les conditions g\u00e9n\u00e9rales sont applicables \u00e0 l&rsquo;utilisation d&rsquo;un site Web.<\/p>\n\n<p><strong>Soutien<\/strong><\/p>\n\n<p>Nous nous effor\u00e7ons de fournir \u00e0 nos utilisateurs une assistance de premier ordre. Pour toute question commerciale ou technique, envoie-nous un courriel \u00e0 support@freewaysocial.com.<\/p>\n\n<p><strong>Remboursements<\/strong><\/p>\n\n<p>Les clients qui ne sont pas enti\u00e8rement satisfaits de nos services peuvent demander un remboursement complet dans les 30 premiers jours de leur achat. Les remboursements seront trait\u00e9s par nos agents du service client\u00e8le qui peuvent \u00eatre joints \u00e0 l&rsquo;adresse support@freewaysocial.com. Les remboursements ne sont pas applicables aux cr\u00e9dits ou services gratuits. FreewaySocial se r\u00e9serve le droit de satisfaire les clients et tous les remboursements doivent \u00eatre trait\u00e9s avec toute la diligence requise.<\/p>\n\n<p><strong>Service<\/strong><\/p>\n\n<ol class=\"wp-block-list\">\n<li>FreewaySocial n&rsquo;est en aucun cas affili\u00e9 \u00e0 Instagram, Facebook, TikTok, YouTube, Twitter, Twitch, Linkedin, Spotify, Soundcloud, Snapchat, Quora, Reddit, Pinterest, Telegram, Clubhouse ou \u00e0 l&rsquo;un de leurs partenaires tiers.<\/li>\n\n\n\n<li>Il est de ta seule responsabilit\u00e9 de te conformer aux r\u00e8gles d&rsquo;Instagram, Facebook, TikTok, YouTube, Twitter, Twitch, Linkedin, Spotify, Soundcloud, Snapchat, Quora, Reddit, Pinterest, Telegram et\/ou Clubhouse et \u00e0 toute l\u00e9gislation \u00e0 laquelle tu es soumis. Tu utilises FreewaySocial \u00e0 tes propres risques.<\/li>\n\n\n\n<li>Nous ne sommes pas responsables de tes actions et de leurs cons\u00e9quences. Nous ne sommes pas responsables si ton compte Instagram, Facebook, TikTok, YouTube, Twitter, Twitch, Linkedin, Spotify, Soundcloud, Snapchat, Quora, Reddit, Pinterest, Telegram, Clubhouse est interdit pour une raison quelconque.<\/li>\n\n\n\n<li>Nous avons besoin de ton nom d&rsquo;utilisateur Instagram, Facebook, TikTok, YouTube, Twitter, Twitch, Linkedin, Spotify, Soundcloud, Snapchat, Quora, Reddit, Pinterest, Telegram, Clubhouse pour obtenir les informations requises pour l&rsquo;API Instagram, Facebook, TikTok, YouTube, Twitter, Twitch, Linkedin, Spotify, Soundcloud, Snapchat, Quora, Reddit, Pinterest, Telegram, Clubhouse. Nous ne stockons pas, ne donnons pas et ne distribuons pas ton nom d&rsquo;utilisateur \u00e0 des tiers.<\/li>\n\n\n\n<li>Le nombre attendu de followers, de likes et de vues n&rsquo;est en aucun cas garanti pour toi.<\/li>\n\n\n\n<li>Nous ne pouvons pas garantir le fonctionnement continu, ininterrompu ou sans erreur des services.<\/li>\n\n\n\n<li>Il est de la seule responsabilit\u00e9 des clients de s&rsquo;assurer que leurs comptes sont r\u00e9gl\u00e9s sur \u00ab\u00a0public\u00a0\u00bb pendant leur utilisation du service FreewaySocial. Toute interruption de service li\u00e9e au fait qu&rsquo;un client a chang\u00e9 son profil en \u00ab\u00a0priv\u00e9\u00a0\u00bb ne donnera lieu \u00e0 aucun remboursement de paiement pour cette p\u00e9riode.<\/li>\n\n\n\n<li>Tu acceptes qu&rsquo;en achetant notre service, tu comprends et acceptes clairement ce que tu ach\u00e8tes et que tu ne d\u00e9poses pas de litige frauduleux via le processeur de paiement.<\/li>\n\n\n\n<li>Nous nous r\u00e9servons le droit de modifier, suspendre ou retirer tout ou partie de notre service ou de son contenu \u00e0 tout moment sans pr\u00e9avis et sans encourir de responsabilit\u00e9.<\/li>\n\n\n\n<li>Il est de ta seule responsabilit\u00e9 de v\u00e9rifier si les Conditions ont chang\u00e9.<\/li>\n<\/ol>\n","protected":false},"excerpt":{"rendered":"<p>Conditions g\u00e9n\u00e9rales de vente FreewaySocial.com Merci d&rsquo;utiliser nos produits et services (\u00ab\u00a0Services\u00a0\u00bb). Les Services sont fournis par Huge Upward LTD. En acc\u00e9dant \u00e0 ce site Web, tu acceptes d&rsquo;\u00eatre li\u00e9 par les pr\u00e9sentes Conditions d&rsquo;utilisation du site Web, toutes les lois et r\u00e9glementations applicables, et tu acceptes d&rsquo;\u00eatre responsable du respect de toutes les lois [&hellip;]<\/p>\n","protected":false},"author":1,"featured_media":0,"parent":0,"menu_order":0,"comment_status":"closed","ping_status":"closed","template":"","meta":{"site-sidebar-layout":"default","site-content-layout":"","ast-site-content-layout":"default","site-content-style":"default","site-sidebar-style":"default","ast-global-header-display":"","ast-banner-title-visibility":"","ast-main-header-display":"","ast-hfb-above-header-display":"","ast-hfb-below-header-display":"","ast-hfb-mobile-header-display":"","site-post-title":"","ast-breadcrumbs-content":"","ast-featured-img":"","footer-sml-layout":"","ast-disable-related-posts":"","theme-transparent-header-meta":"","adv-header-id-meta":"","stick-header-meta":"","header-above-stick-meta":"","header-main-stick-meta":"","header-below-stick-meta":"","astra-migrate-meta-layouts":"default","ast-page-background-enabled":"default","ast-page-background-meta":{"desktop":{"background-color":"var(--ast-global-color-4)","background-image":"","background-repeat":"repeat","background-position":"center center","background-size":"auto","background-attachment":"scroll","background-type":"","background-media":"","overlay-type":"","overlay-color":"","overlay-opacity":"","overlay-gradient":""},"tablet":{"background-color":"","background-image":"","background-repeat":"repeat","background-position":"center center","background-size":"auto","background-attachment":"scroll","background-type":"","background-media":"","overlay-type":"","overlay-color":"","overlay-opacity":"","overlay-gradient":""},"mobile":{"background-color":"","background-image":"","background-repeat":"repeat","background-position":"center center","background-size":"auto","background-attachment":"scroll","background-type":"","background-media":"","overlay-type":"","overlay-color":"","overlay-opacity":"","overlay-gradient":""}},"ast-content-background-meta":{"desktop":{"background-color":"var(--ast-global-color-5)","background-image":"","background-repeat":"repeat","background-position":"center center","background-size":"auto","background-attachment":"scroll","background-type":"","background-media":"","overlay-type":"","overlay-color":"","overlay-opacity":"","overlay-gradient":""},"tablet":{"background-color":"var(--ast-global-color-5)","background-image":"","background-repeat":"repeat","background-position":"center center","background-size":"auto","background-attachment":"scroll","background-type":"","background-media":"","overlay-type":"","overlay-color":"","overlay-opacity":"","overlay-gradient":""},"mobile":{"background-color":"var(--ast-global-color-5)","background-image":"","background-repeat":"repeat","background-position":"center center","background-size":"auto","background-attachment":"scroll","background-type":"","background-media":"","overlay-type":"","overlay-color":"","overlay-opacity":"","overlay-gradient":""}},"footnotes":""},"class_list":["post-90274","page","type-page","status-publish","hentry"],"_links":{"self":[{"href":"https:\/\/freewaysocial.com\/fr\/wp-json\/wp\/v2\/pages\/90274","targetHints":{"allow":["GET"]}}],"collection":[{"href":"https:\/\/freewaysocial.com\/fr\/wp-json\/wp\/v2\/pages"}],"about":[{"href":"https:\/\/freewaysocial.com\/fr\/wp-json\/wp\/v2\/types\/page"}],"author":[{"embeddable":true,"href":"https:\/\/freewaysocial.com\/fr\/wp-json\/wp\/v2\/users\/1"}],"replies":[{"embeddable":true,"href":"https:\/\/freewaysocial.com\/fr\/wp-json\/wp\/v2\/comments?post=90274"}],"version-history":[{"count":0,"href":"https:\/\/freewaysocial.com\/fr\/wp-json\/wp\/v2\/pages\/90274\/revisions"}],"wp:attachment":[{"href":"https:\/\/freewaysocial.com\/fr\/wp-json\/wp\/v2\/media?parent=90274"}],"curies":[{"name":"wp","href":"https:\/\/api.w.org\/{rel}","templated":true}]}}