{"id":82334,"date":"2022-11-20T15:45:57","date_gmt":"2022-11-20T15:45:57","guid":{"rendered":"https:\/\/freewaysocial.com\/product\/curso-guia-completa-para-el-crecimiento-de-instagram-en-2022\/"},"modified":"2022-11-20T15:45:57","modified_gmt":"2022-11-20T15:45:57","slug":"guia-completa-para-el-crecimiento-de-instagram-en-2022","status":"publish","type":"product","link":"https:\/\/freewaysocial.com\/es\/producto\/guia-completa-para-el-crecimiento-de-instagram-en-2022\/","title":{"rendered":"\u00abCurso \u00abGu\u00eda completa para el crecimiento de Instagram en 2022"},"content":{"rendered":"<h1><strong>Curso de Instagram&nbsp;<\/strong><strong>\u00abGu\u00eda completa para el crecimiento de Instagram en 2022\u00bb<\/strong><\/h1>\n<p>&nbsp;<\/p>\n<p>Qu\u00e9 incluye:<\/p>\n<ul class=\"w-pricing-item-features\">\n<li class=\"w-pricing-item-feature\">65 lecciones en v\u00eddeo (7,5 horas de v\u00eddeo a la carta)<\/li>\n<li class=\"w-pricing-item-feature\">Acceso completo de por vida<\/li>\n<li class=\"w-pricing-item-feature\">9 recursos descargables<\/li>\n<li class=\"w-pricing-item-feature\">Accede desde tu ordenador, m\u00f3vil y TV<\/li>\n<li class=\"w-pricing-item-feature\">Certificado de aprovechamiento<\/li>\n<\/ul>\n","protected":false},"excerpt":{"rendered":"<p>Curso de Instagram&nbsp;\u00abGu\u00eda completa para el crecimiento de Instagram en 2022\u00bb &nbsp; Qu\u00e9 incluye: 65 lecciones en v\u00eddeo (7,5 horas de v\u00eddeo a la carta) Acceso completo de por vida 9 recursos descargables Accede desde tu ordenador, m\u00f3vil y TV Certificado de aprovechamiento<\/p>\n","protected":false},"featured_media":74090,"comment_status":"open","ping_status":"closed","template":"","meta":{"site-sidebar-layout":"default","site-content-layout":"","ast-site-content-layout":"default","site-content-style":"default","site-sidebar-style":"default","ast-global-header-display":"","ast-banner-title-visibility":"","ast-main-header-display":"","ast-hfb-above-header-display":"","ast-hfb-below-header-display":"","ast-hfb-mobile-header-display":"","site-post-title":"","ast-breadcrumbs-content":"","ast-featured-img":"","footer-sml-layout":"","ast-disable-related-posts":"","theme-transparent-header-meta":"","adv-header-id-meta":"","stick-header-meta":"","header-above-stick-meta":"","header-main-stick-meta":"","header-below-stick-meta":"","astra-migrate-meta-layouts":"default","ast-page-background-enabled":"default","ast-page-background-meta":{"desktop":{"background-color":"var(--ast-global-color-4)","background-image":"","background-repeat":"repeat","background-position":"center center","background-size":"auto","background-attachment":"scroll","background-type":"","background-media":"","overlay-type":"","overlay-color":"","overlay-opacity":"","overlay-gradient":""},"tablet":{"background-color":"","background-image":"","background-repeat":"repeat","background-position":"center center","background-size":"auto","background-attachment":"scroll","background-type":"","background-media":"","overlay-type":"","overlay-color":"","overlay-opacity":"","overlay-gradient":""},"mobile":{"background-color":"","background-image":"","background-repeat":"repeat","background-position":"center center","background-size":"auto","background-attachment":"scroll","background-type":"","background-media":"","overlay-type":"","overlay-color":"","overlay-opacity":"","overlay-gradient":""}},"ast-content-background-meta":{"desktop":{"background-color":"var(--ast-global-color-5)","background-image":"","background-repeat":"repeat","background-position":"center center","background-size":"auto","background-attachment":"scroll","background-type":"","background-media":"","overlay-type":"","overlay-color":"","overlay-opacity":"","overlay-gradient":""},"tablet":{"background-color":"var(--ast-global-color-5)","background-image":"","background-repeat":"repeat","background-position":"center center","background-size":"auto","background-attachment":"scroll","background-type":"","background-media":"","overlay-type":"","overlay-color":"","overlay-opacity":"","overlay-gradient":""},"mobile":{"background-color":"var(--ast-global-color-5)","background-image":"","background-repeat":"repeat","background-position":"center center","background-size":"auto","background-attachment":"scroll","background-type":"","background-media":"","overlay-type":"","overlay-color":"","overlay-opacity":"","overlay-gradient":""}}},"product_brand":[],"product_cat":[440],"product_tag":[],"class_list":{"0":"post-82334","1":"product","2":"type-product","3":"status-publish","4":"has-post-thumbnail","6":"product_cat-sin-categoria","7":"desktop-align-left","8":"tablet-align-left","9":"mobile-align-left","10":"ast-product-gallery-layout-horizontal-slider","11":"ast-product-gallery-with-no-image","12":"ast-magnify-disabled","13":"ast-product-tabs-layout-horizontal","15":"first","16":"instock","17":"sale","18":"virtual","19":"sold-individually","20":"taxable","21":"purchasable","22":"product-type-simple"},"_links":{"self":[{"href":"https:\/\/freewaysocial.com\/es\/wp-json\/wp\/v2\/product\/82334","targetHints":{"allow":["GET"]}}],"collection":[{"href":"https:\/\/freewaysocial.com\/es\/wp-json\/wp\/v2\/product"}],"about":[{"href":"https:\/\/freewaysocial.com\/es\/wp-json\/wp\/v2\/types\/product"}],"replies":[{"embeddable":true,"href":"https:\/\/freewaysocial.com\/es\/wp-json\/wp\/v2\/comments?post=82334"}],"wp:featuredmedia":[{"embeddable":true,"href":"https:\/\/freewaysocial.com\/es\/wp-json\/wp\/v2\/media\/74090"}],"wp:attachment":[{"href":"https:\/\/freewaysocial.com\/es\/wp-json\/wp\/v2\/media?parent=82334"}],"wp:term":[{"taxonomy":"product_brand","embeddable":true,"href":"https:\/\/freewaysocial.com\/es\/wp-json\/wp\/v2\/product_brand?post=82334"},{"taxonomy":"product_cat","embeddable":true,"href":"https:\/\/freewaysocial.com\/es\/wp-json\/wp\/v2\/product_cat?post=82334"},{"taxonomy":"product_tag","embeddable":true,"href":"https:\/\/freewaysocial.com\/es\/wp-json\/wp\/v2\/product_tag?post=82334"}],"curies":[{"name":"wp","href":"https:\/\/api.w.org\/{rel}","templated":true}]}}