{"id":90278,"date":"2023-01-02T08:32:59","date_gmt":"2023-01-02T07:32:59","guid":{"rendered":"https:\/\/freewaysocial.com\/terminos-y-condiciones\/"},"modified":"2025-07-08T09:59:57","modified_gmt":"2025-07-08T08:59:57","slug":"terminos-y-condiciones","status":"publish","type":"page","link":"https:\/\/freewaysocial.com\/es\/terminos-y-condiciones\/","title":{"rendered":"T\u00e9rminos y condiciones"},"content":{"rendered":"\n<p><strong>T\u00e9rminos y condiciones FreewaySocial.com<\/strong><\/p>\n\n<p>Gracias por utilizar nuestros productos y servicios (\u00abServicios\u00bb). Los Servicios son prestados por Huge Upward LTD. Al acceder a este sitio web, aceptas quedar vinculado por estas Condiciones de uso del sitio web, por todas las leyes y reglamentos aplicables, y aceptas que eres responsable del cumplimiento de cualquier ley local aplicable. Si no est\u00e1s de acuerdo con alguno de estos t\u00e9rminos, se te proh\u00edbe utilizar o acceder a este sitio. Los materiales contenidos en este sitio web est\u00e1n protegidos por la legislaci\u00f3n aplicable sobre derechos de autor y marcas registradas.<\/p>\n\n<p><strong>Licencia de uso<\/strong><\/p>\n\n<p>Se concede permiso para descargar temporalmente una copia de los materiales (informaci\u00f3n o software) del sitio web de FreewaySocial s\u00f3lo para su visualizaci\u00f3n transitoria personal y no comercial. Esto es la concesi\u00f3n de una licencia, no una transferencia de titularidad, y bajo esta licencia, no puedes:<\/p>\n\n<ul class=\"wp-block-list\">\n<li>modificar o copiar los materiales;<\/li>\n\n\n\n<li>utilizar los materiales para cualquier fin comercial, o para cualquier exhibici\u00f3n p\u00fablica (comercial o no comercial);<\/li>\n\n\n\n<li>intentar descompilar o realizar ingenier\u00eda inversa de cualquier software contenido en el sitio web de FreewaySocial;<\/li>\n\n\n\n<li>eliminar de los materiales cualquier menci\u00f3n de derechos de autor u otros derechos de propiedad;<\/li>\n\n\n\n<li>o transferir los materiales a otra persona o \u00abreflejar\u00bb los materiales en cualquier otro servidor.<\/li>\n<\/ul>\n\n<p>Esta licencia terminar\u00e1 autom\u00e1ticamente si violas cualquiera de estas restricciones y puede ser terminada por FreewaySocial en cualquier momento. Cuando dejes de ver estos materiales o cuando finalice esta licencia, deber\u00e1s destruir cualquier material descargado que est\u00e9 en tu posesi\u00f3n, ya sea en formato electr\u00f3nico o impreso.<\/p>\n\n<p><strong>Descargo de responsabilidad<\/strong><\/p>\n\n<p>Los materiales del sitio web de FreewaySocial se proporcionan \u00abtal cual\u00bb. FreewaySocial no ofrece garant\u00edas, expresas o impl\u00edcitas, y por la presente renuncia y niega cualquier otra garant\u00eda, incluidas, sin limitaci\u00f3n, las garant\u00edas o condiciones impl\u00edcitas de comerciabilidad, adecuaci\u00f3n para un fin determinado o no infracci\u00f3n de la propiedad intelectual u otra violaci\u00f3n de los derechos. Adem\u00e1s, FreewaySocial no garantiza ni hace ninguna declaraci\u00f3n relativa a la exactitud, los resultados probables o la fiabilidad del uso de los materiales en su sitio web de Internet o de otro tipo relativa a dichos materiales o en cualquier sitio vinculado a este sitio.<\/p>\n\n<p><strong>Limitaciones<\/strong><\/p>\n\n<p>En ning\u00fan caso FreewaySocial o sus proveedores ser\u00e1n responsables de ning\u00fan da\u00f1o (incluyendo, sin limitaci\u00f3n, da\u00f1os por p\u00e9rdida de datos o beneficios, o debido a la interrupci\u00f3n del negocio) que surja del uso o la imposibilidad de usar los materiales del sitio de Internet de FreewaySocial, incluso si FreewaySocial o un representante autorizado de FreewaySocial ha sido notificado oralmente o por escrito de la posibilidad de tales da\u00f1os. Debido a que algunas jurisdicciones no permiten limitaciones en las garant\u00edas impl\u00edcitas, o limitaciones de responsabilidad por da\u00f1os consecuenciales o incidentales, estas limitaciones pueden no ser aplicables en tu caso.<\/p>\n\n<p><strong>Facturaci\u00f3n<\/strong><\/p>\n\n<p>Los pagos en FreewaySocial se procesan utilizando un m\u00e9todo seguro de aceptaci\u00f3n de pagos mediante encriptaci\u00f3n SSL. Al comprar nuestros servicios est\u00e1s aceptando expl\u00edcitamente que entiendes y aceptas claramente lo que est\u00e1s comprando y que no presentar\u00e1s una disputa fraudulenta a trav\u00e9s de la entidad emisora de la tarjeta de cr\u00e9dito o d\u00e9bito. Adem\u00e1s, tienes autorizaci\u00f3n para utilizar la tarjeta de cr\u00e9dito o d\u00e9bito o cualquier otra fuente de pago utilizada para realizar la compra. Tras un intento fraudulento de presentar una disputa o devoluci\u00f3n de cargo, tenemos derecho, si es necesario, a restablecer todos los seguidores y \u00abme gusta\u00bb, cancelar tu cuenta y\/o bloquear permanentemente tu direcci\u00f3n IP. Los usuarios reconocen que las devoluciones de cargo, las disputas o las anulaciones de pago no se llevar\u00e1n a cabo antes de discutir la situaci\u00f3n con nuestro equipo de soporte.<\/p>\n\n<p><strong>Revisiones y erratas<\/strong><\/p>\n\n<p>Los materiales que aparecen en el sitio web de FreewaySocial podr\u00edan incluir errores t\u00e9cnicos, tipogr\u00e1ficos o fotogr\u00e1ficos. FreewaySocial no garantiza que ninguno de los materiales de su sitio web sea preciso, completo o actual. FreewaySocial puede realizar cambios en los materiales contenidos en su sitio web en cualquier momento y sin previo aviso. Sin embargo, FreewaySocial no se compromete a actualizar los materiales.<\/p>\n\n<p><strong>Enlaces<\/strong><\/p>\n\n<p>FreewaySocial no ha revisado todos los sitios vinculados a su sitio web de Internet y no es responsable de los contenidos de dichos sitios vinculados. La inclusi\u00f3n de cualquier enlace no implica la aprobaci\u00f3n del sitio por parte de FreewaySocial. El uso de cualquiera de estos sitios web enlazados es por cuenta y riesgo del usuario.<\/p>\n\n<p><strong>Modificaciones de las condiciones de uso del sitio<\/strong><\/p>\n\n<p>FreewaySocial puede revisar estas condiciones de uso de su sitio web en cualquier momento y sin previo aviso. Al utilizar este sitio web, aceptas regirte por la versi\u00f3n vigente en ese momento de estas Condiciones de uso.<\/p>\n\n<p><strong>Ley aplicable<\/strong><\/p>\n\n<p>Cualquier reclamaci\u00f3n relativa al sitio web de FreewaySocial se regir\u00e1 por las leyes del Reino Unido, sin tener en cuenta su conflicto de disposiciones legales. Las Condiciones Generales son aplicables al Uso de un Sitio Web.<\/p>\n\n<p><strong>Ayuda<\/strong><\/p>\n\n<p>Nos esforzamos por ofrecer a nuestros usuarios una asistencia l\u00edder en el sector. Para cualquier consulta comercial o t\u00e9cnica, env\u00edanos un correo electr\u00f3nico a support@freewaysocial.com.<\/p>\n\n<p><strong>Devoluciones<\/strong><\/p>\n\n<p>Los clientes que no est\u00e9n completamente satisfechos con nuestros servicios pueden solicitar un reembolso completo en los primeros 30 d\u00edas de su compra. Las devoluciones se tramitar\u00e1n a trav\u00e9s de nuestros agentes de atenci\u00f3n al cliente, con los que puedes ponerte en contacto en support@freewaysocial.com. Los reembolsos no son aplicables a los cr\u00e9ditos o servicios gratuitos. FreewaySocial se reserva el derecho de cumplir con la satisfacci\u00f3n del cliente y todos los reembolsos deben ser procesados con la debida diligencia y el debido proceso.<\/p>\n\n<p><strong>Servicio<\/strong><\/p>\n\n<ol class=\"wp-block-list\">\n<li>FreewaySocial no est\u00e1 afiliado a Instagram, Facebook, TikTok, YouTube, Twitter, Twitch, Linkedin, Spotify, Soundcloud, Snapchat, Quora, Reddit, Pinterest, Telegram, Clubhouse ni a ninguno de sus socios terceros de ninguna manera.<\/li>\n\n\n\n<li>Es de tu exclusiva responsabilidad cumplir las normas de Instagram, Facebook, TikTok, YouTube, Twitter, Twitch, Linkedin, Spotify, Soundcloud, Snapchat, Quora, Reddit, Pinterest, Telegram y\/o Clubhouse y cualquier legislaci\u00f3n a la que est\u00e9s sujeto. Utilizas FreewaySocial bajo tu propia responsabilidad.<\/li>\n\n\n\n<li>No somos responsables de tus actos ni de sus consecuencias. No somos culpables si tu cuenta de Instagram, Facebook, TikTok, YouTube, Twitter, Twitch, Linkedin, Spotify, Soundcloud, Snapchat, Quora, Reddit, Pinterest, Telegram, Clubhouse es bloqueada por cualquier motivo.<\/li>\n\n\n\n<li>Necesitamos tu nombre de usuario de Instagram, Facebook, TikTok, YouTube, Twitter, Twitch, Linkedin, Spotify, Soundcloud, Snapchat, Quora, Reddit, Pinterest, Telegram, Clubhouse para obtener la informaci\u00f3n necesaria para la API de Instagram, Facebook, TikTok, YouTube, Twitter, Twitch, Linkedin, Spotify, Soundcloud, Snapchat, Quora, Reddit, Pinterest, Telegram, Clubhouse. No almacenamos, regalamos ni distribuimos de ning\u00fan otro modo tu nombre de usuario a terceros.<\/li>\n\n\n\n<li>El n\u00famero esperado de seguidores, me gusta y visitas no se te garantiza de ninguna manera.<\/li>\n\n\n\n<li>No podemos garantizar el funcionamiento continuo, ininterrumpido o sin errores de los servicios.<\/li>\n\n\n\n<li>Es responsabilidad exclusiva de los clientes asegurarse de que sus cuentas est\u00e1n configuradas como \u00abp\u00fablicas\u00bb durante su uso del servicio FreewaySocial. Cualquier tiempo de inactividad del servicio en relaci\u00f3n con un cliente que cambie su perfil a \u00abprivado\u00bb no dar\u00e1 lugar a ning\u00fan reembolso de pago por ese periodo de tiempo.<\/li>\n\n\n\n<li>Aceptas que, al comprar nuestro servicio, entiendes y aceptas claramente lo que est\u00e1s comprando y no presentar\u00e1s una disputa fraudulenta a trav\u00e9s del procesador de pagos.<\/li>\n\n\n\n<li>Nos reservamos el derecho a modificar, suspender o retirar la totalidad o parte de nuestro servicio o cualquiera de sus contenidos en cualquier momento sin previo aviso y sin incurrir en responsabilidad alguna.<\/li>\n\n\n\n<li>Es tu exclusiva responsabilidad comprobar si las Condiciones han cambiado.<\/li>\n<\/ol>\n","protected":false},"excerpt":{"rendered":"<p>T\u00e9rminos y condiciones FreewaySocial.com Gracias por utilizar nuestros productos y servicios (\u00abServicios\u00bb). Los Servicios son prestados por Huge Upward LTD. Al acceder a este sitio web, aceptas quedar vinculado por estas Condiciones de uso del sitio web, por todas las leyes y reglamentos aplicables, y aceptas que eres responsable del cumplimiento de cualquier ley local [&hellip;]<\/p>\n","protected":false},"author":1,"featured_media":0,"parent":0,"menu_order":0,"comment_status":"closed","ping_status":"closed","template":"","meta":{"site-sidebar-layout":"default","site-content-layout":"","ast-site-content-layout":"default","site-content-style":"default","site-sidebar-style":"default","ast-global-header-display":"","ast-banner-title-visibility":"","ast-main-header-display":"","ast-hfb-above-header-display":"","ast-hfb-below-header-display":"","ast-hfb-mobile-header-display":"","site-post-title":"","ast-breadcrumbs-content":"","ast-featured-img":"","footer-sml-layout":"","ast-disable-related-posts":"","theme-transparent-header-meta":"","adv-header-id-meta":"","stick-header-meta":"","header-above-stick-meta":"","header-main-stick-meta":"","header-below-stick-meta":"","astra-migrate-meta-layouts":"default","ast-page-background-enabled":"default","ast-page-background-meta":{"desktop":{"background-color":"var(--ast-global-color-4)","background-image":"","background-repeat":"repeat","background-position":"center center","background-size":"auto","background-attachment":"scroll","background-type":"","background-media":"","overlay-type":"","overlay-color":"","overlay-opacity":"","overlay-gradient":""},"tablet":{"background-color":"","background-image":"","background-repeat":"repeat","background-position":"center center","background-size":"auto","background-attachment":"scroll","background-type":"","background-media":"","overlay-type":"","overlay-color":"","overlay-opacity":"","overlay-gradient":""},"mobile":{"background-color":"","background-image":"","background-repeat":"repeat","background-position":"center center","background-size":"auto","background-attachment":"scroll","background-type":"","background-media":"","overlay-type":"","overlay-color":"","overlay-opacity":"","overlay-gradient":""}},"ast-content-background-meta":{"desktop":{"background-color":"var(--ast-global-color-5)","background-image":"","background-repeat":"repeat","background-position":"center center","background-size":"auto","background-attachment":"scroll","background-type":"","background-media":"","overlay-type":"","overlay-color":"","overlay-opacity":"","overlay-gradient":""},"tablet":{"background-color":"var(--ast-global-color-5)","background-image":"","background-repeat":"repeat","background-position":"center center","background-size":"auto","background-attachment":"scroll","background-type":"","background-media":"","overlay-type":"","overlay-color":"","overlay-opacity":"","overlay-gradient":""},"mobile":{"background-color":"var(--ast-global-color-5)","background-image":"","background-repeat":"repeat","background-position":"center center","background-size":"auto","background-attachment":"scroll","background-type":"","background-media":"","overlay-type":"","overlay-color":"","overlay-opacity":"","overlay-gradient":""}},"footnotes":""},"class_list":["post-90278","page","type-page","status-publish","hentry"],"_links":{"self":[{"href":"https:\/\/freewaysocial.com\/es\/wp-json\/wp\/v2\/pages\/90278","targetHints":{"allow":["GET"]}}],"collection":[{"href":"https:\/\/freewaysocial.com\/es\/wp-json\/wp\/v2\/pages"}],"about":[{"href":"https:\/\/freewaysocial.com\/es\/wp-json\/wp\/v2\/types\/page"}],"author":[{"embeddable":true,"href":"https:\/\/freewaysocial.com\/es\/wp-json\/wp\/v2\/users\/1"}],"replies":[{"embeddable":true,"href":"https:\/\/freewaysocial.com\/es\/wp-json\/wp\/v2\/comments?post=90278"}],"version-history":[{"count":0,"href":"https:\/\/freewaysocial.com\/es\/wp-json\/wp\/v2\/pages\/90278\/revisions"}],"wp:attachment":[{"href":"https:\/\/freewaysocial.com\/es\/wp-json\/wp\/v2\/media?parent=90278"}],"curies":[{"name":"wp","href":"https:\/\/api.w.org\/{rel}","templated":true}]}}