{"id":90276,"date":"2023-01-02T08:32:59","date_gmt":"2023-01-02T07:32:59","guid":{"rendered":"https:\/\/freewaysocial.com\/bedingungen-und-konditionen\/"},"modified":"2025-07-08T10:00:13","modified_gmt":"2025-07-08T09:00:13","slug":"bedingungen-und-konditionen","status":"publish","type":"page","link":"https:\/\/freewaysocial.com\/de\/bedingungen-und-konditionen\/","title":{"rendered":"Bedingungen und Konditionen"},"content":{"rendered":"\n<p><strong>Allgemeine Gesch\u00e4ftsbedingungen FreewaySocial.com<\/strong><\/p>\n\n<p>Vielen Dank f\u00fcr die Nutzung unserer Produkte und Dienstleistungen (&#8222;Dienstleistungen&#8220;). Die Dienstleistungen werden von der Huge Upward LTD erbracht. Indem du auf diese Website zugreifst, erkl\u00e4rst du dich mit diesen Nutzungsbedingungen, allen geltenden Gesetzen und Vorschriften einverstanden und erkl\u00e4rst dich damit einverstanden, dass du f\u00fcr die Einhaltung aller geltenden lokalen Gesetze verantwortlich bist. Wenn du mit einer dieser Bedingungen nicht einverstanden bist, darfst du diese Website nicht nutzen oder darauf zugreifen. Die auf dieser Website enthaltenen Materialien sind durch das geltende Urheber- und Markenrecht gesch\u00fctzt.<\/p>\n\n<p><strong>Lizenz verwenden<\/strong><\/p>\n\n<p>Es wird die Erlaubnis erteilt, eine Kopie der Materialien (Informationen oder Software) auf der Website von FreewaySocial vor\u00fcbergehend nur f\u00fcr den pers\u00f6nlichen, nicht-kommerziellen Gebrauch herunterzuladen. Dies ist die Gew\u00e4hrung einer Lizenz, keine \u00dcbertragung des Eigentumsrechts, und unter dieser Lizenz darfst du nicht:<\/p>\n\n<ul class=\"wp-block-list\">\n<li>die Materialien zu ver\u00e4ndern oder zu kopieren;<\/li>\n\n\n\n<li>die Materialien f\u00fcr kommerzielle Zwecke oder f\u00fcr eine \u00f6ffentliche Darstellung (kommerziell oder nicht kommerziell) zu nutzen;<\/li>\n\n\n\n<li>zu versuchen, die auf der Website von FreewaySocial enthaltene Software zu dekompilieren oder zur\u00fcckzuentwickeln;<\/li>\n\n\n\n<li>Urheberrechts- oder andere Eigentumsvermerke aus den Materialien zu entfernen;<\/li>\n\n\n\n<li>oder die Materialien an eine andere Person weitergeben oder die Materialien auf einem anderen Server &#8222;spiegeln&#8220;.<\/li>\n<\/ul>\n\n<p>Diese Lizenz erlischt automatisch, wenn du gegen eine dieser Einschr\u00e4nkungen verst\u00f6\u00dft, und kann von FreewaySocial jederzeit gek\u00fcndigt werden. Wenn du diese Materialien nicht mehr ansiehst oder wenn diese Lizenz endet, musst du alle heruntergeladenen Materialien, die sich in deinem Besitz befinden, egal ob in elektronischer oder gedruckter Form, vernichten.<\/p>\n\n<p><strong>Haftungsausschluss<\/strong><\/p>\n\n<p>Die Materialien auf der Website von FreewaySocial werden &#8222;wie besehen&#8220; bereitgestellt. FreewaySocial gibt keine ausdr\u00fccklichen oder stillschweigenden Garantien und lehnt hiermit alle anderen Garantien ab, einschlie\u00dflich, aber nicht beschr\u00e4nkt auf, stillschweigende Garantien oder Bedingungen f\u00fcr die Marktg\u00e4ngigkeit, die Eignung f\u00fcr einen bestimmten Zweck oder die Nichtverletzung von geistigem Eigentum oder anderen Rechtsverletzungen. Dar\u00fcber hinaus \u00fcbernimmt FreewaySocial keine Gew\u00e4hr f\u00fcr die Richtigkeit, die wahrscheinlichen Ergebnisse oder die Zuverl\u00e4ssigkeit der Nutzung der Materialien auf seiner Website oder in Bezug auf solche Materialien oder auf anderen mit dieser Website verlinkten Websites.<\/p>\n\n<p><strong>Einschr\u00e4nkungen<\/strong><\/p>\n\n<p>In keinem Fall haften FreewaySocial oder seine Zulieferer f\u00fcr Sch\u00e4den (einschlie\u00dflich, aber nicht beschr\u00e4nkt auf Sch\u00e4den durch Daten- oder Gewinnverluste oder Gesch\u00e4ftsunterbrechungen), die durch die Nutzung oder Unm\u00f6glichkeit der Nutzung der Materialien auf der FreewaySocial-Internetseite entstehen, selbst wenn FreewaySocial oder ein autorisierter Vertreter von FreewaySocial m\u00fcndlich oder schriftlich \u00fcber die M\u00f6glichkeit solcher Sch\u00e4den informiert wurde. Da einige Gerichtsbarkeiten keine Beschr\u00e4nkungen von stillschweigenden Garantien oder Haftungsbeschr\u00e4nkungen f\u00fcr Folgesch\u00e4den oder zuf\u00e4llige Sch\u00e4den zulassen, gelten diese Beschr\u00e4nkungen m\u00f6glicherweise nicht f\u00fcr dich.<\/p>\n\n<p><strong>Abrechnung<\/strong><\/p>\n\n<p>Zahlungen auf FreewaySocial werden \u00fcber eine sichere Methode der Zahlungsannahme mit SSL-Verschl\u00fcsselung abgewickelt. Indem du unsere Dienstleistungen kaufst, erkl\u00e4rst du dich ausdr\u00fccklich damit einverstanden, was du kaufst, und dass du keine betr\u00fcgerische Anfechtung \u00fcber ein Kredit- oder Debitkarteninstitut einreichen wirst. Au\u00dferdem bist du berechtigt, die f\u00fcr den Kauf verwendete Kredit- oder Debitkarte oder eine andere Zahlungsquelle zu verwenden. Bei einem betr\u00fcgerischen Versuch, eine Anfechtung oder R\u00fcckbuchung einzureichen, haben wir das Recht, falls n\u00f6tig, alle Follower und Likes zur\u00fcckzusetzen, dein Konto zu schlie\u00dfen und\/oder deine IP-Adresse dauerhaft zu sperren. Die Nutzer\/innen erkennen an, dass R\u00fcckbuchungen, Streitigkeiten oder Zahlungsr\u00fcckbuchungen nicht durchgef\u00fchrt werden, bevor sie die Situation mit unserem Support-Team besprochen haben.<\/p>\n\n<p><strong>\u00dcberarbeitungen und Errata<\/strong><\/p>\n\n<p>Die Materialien auf der Website von FreewaySocial k\u00f6nnen technische, typografische oder fotografische Fehler enthalten. FreewaySocial \u00fcbernimmt keine Gew\u00e4hr f\u00fcr die Richtigkeit, Vollst\u00e4ndigkeit und Aktualit\u00e4t der Inhalte auf seiner Website. FreewaySocial kann jederzeit und ohne Vorank\u00fcndigung \u00c4nderungen an den auf seiner Website enthaltenen Materialien vornehmen. FreewaySocial geht jedoch keine Verpflichtung ein, die Materialien zu aktualisieren.<\/p>\n\n<p><strong>Links<\/strong><\/p>\n\n<p>FreewaySocial hat nicht alle Websites \u00fcberpr\u00fcft, die mit seiner Website verlinkt sind, und ist nicht verantwortlich f\u00fcr den Inhalt dieser verlinkten Websites. Die Aufnahme eines Links bedeutet nicht, dass FreewaySocial die Website bef\u00fcrwortet. Die Nutzung einer solchen verlinkten Website erfolgt auf eigenes Risiko des Nutzers.<\/p>\n\n<p><strong>\u00c4nderungen der Website-Nutzungsbedingungen<\/strong><\/p>\n\n<p>FreewaySocial kann diese Nutzungsbedingungen f\u00fcr seine Website jederzeit und ohne Vorank\u00fcndigung \u00fcberarbeiten. Durch die Nutzung dieser Website erkl\u00e4rst du dich mit der jeweils aktuellen Version dieser Nutzungsbedingungen einverstanden.<\/p>\n\n<p><strong>Geltendes Recht<\/strong><\/p>\n\n<p>Jegliche Anspr\u00fcche in Bezug auf die Website von FreewaySocial unterliegen den Gesetzen des Vereinigten K\u00f6nigreichs, ungeachtet der Bestimmungen des Kollisionsrechts. Die Allgemeinen Gesch\u00e4ftsbedingungen gelten f\u00fcr die Nutzung einer Website.<\/p>\n\n<p><strong>Unterst\u00fctze<\/strong><\/p>\n\n<p>Wir bem\u00fchen uns, unseren Nutzern einen branchenf\u00fchrenden Support zu bieten. Wenn du Fragen zum Verkauf oder zur Technik hast, schreibe uns bitte eine E-Mail an support@freewaysocial.com.<\/p>\n\n<p><strong>Erstattungen<\/strong><\/p>\n\n<p>Kunden, die mit unseren Dienstleistungen nicht vollst\u00e4ndig zufrieden sind, k\u00f6nnen innerhalb der ersten 30 Tage nach dem Kauf eine vollst\u00e4ndige R\u00fcckerstattung beantragen. R\u00fcckerstattungen werden \u00fcber unsere Kundenbetreuer abgewickelt, die du unter support@freewaysocial.com erreichen kannst. Erstattungen gelten nicht f\u00fcr kostenlose Gutschriften oder Dienstleistungen. FreewaySocial beh\u00e4lt sich das Recht vor, die Kundenzufriedenheit zu erf\u00fcllen, und alle Erstattungen m\u00fcssen mit der gebotenen Sorgfalt und in einem ordnungsgem\u00e4\u00dfen Verfahren abgewickelt werden.<\/p>\n\n<p><strong>Service<\/strong><\/p>\n\n<ol class=\"wp-block-list\">\n<li>FreewaySocial ist in keiner Weise mit Instagram, Facebook, TikTok, YouTube, Twitter, Twitch, Linkedin, Spotify, Soundcloud, Snapchat, Quora, Reddit, Pinterest, Telegram, Clubhouse oder einem ihrer Drittpartner verbunden.<\/li>\n\n\n\n<li>Es liegt in deiner alleinigen Verantwortung, die Regeln von Instagram, Facebook, TikTok, YouTube, Twitter, Twitch, Linkedin, Spotify, Soundcloud, Snapchat, Quora, Reddit, Pinterest, Telegram und\/oder Clubhouse sowie alle Gesetze, denen du unterliegst, einzuhalten. Du nutzt FreewaySocial auf eigenes Risiko.<\/li>\n\n\n\n<li>Wir sind nicht verantwortlich f\u00fcr deine Handlungen und deren Folgen. Wir sind nicht schuld daran, wenn dein Instagram-, Facebook-, TikTok-, YouTube-, Twitter-, Twitch-, Linkedin-, Spotify-, Soundcloud-, Snapchat-, Quora-, Reddit-, Pinterest-, Telegram- oder Clubhouse-Konto aus irgendeinem Grund gesperrt wird.<\/li>\n\n\n\n<li>Wir ben\u00f6tigen deinen Instagram-, Facebook-, TikTok-, YouTube-, Twitter-, Twitch-, Linkedin-, Spotify-, Soundcloud-, Snapchat-, Quora-, Reddit-, Pinterest-, Telegram- und Clubhouse-Benutzernamen, um die erforderlichen Informationen f\u00fcr die Instagram-, Facebook-, TikTok-, YouTube-, Twitter-, Twitch-, Linkedin-, Spotify-, Soundcloud-, Snapchat-, Quora-, Reddit-, Pinterest-, Telegram- und Clubhouse-API zu erhalten. Wir speichern deinen Benutzernamen nicht, geben ihn nicht weiter und geben ihn auch nicht an Dritte weiter.<\/li>\n\n\n\n<li>Die erwartete Anzahl von Followern, Likes und Views wird dir in keiner Weise garantiert.<\/li>\n\n\n\n<li>Wir k\u00f6nnen keine Garantie f\u00fcr die kontinuierliche, ununterbrochene oder fehlerfreie Funktionsf\u00e4higkeit der Dienste \u00fcbernehmen.<\/li>\n\n\n\n<li>Es liegt in der alleinigen Verantwortung der Kunden, sicherzustellen, dass ihre Konten w\u00e4hrend der Nutzung des FreewaySocial-Dienstes auf &#8222;\u00f6ffentlich&#8220; eingestellt sind. Wenn ein Kunde sein Profil auf &#8222;privat&#8220; umstellt, werden die Kosten f\u00fcr diesen Zeitraum nicht erstattet.<\/li>\n\n\n\n<li>Du erkl\u00e4rst dich damit einverstanden, dass du beim Kauf unseres Dienstes klar verstehst und zustimmst, was du kaufst, und dass du keine betr\u00fcgerische Anfechtung \u00fcber den Zahlungsabwickler einreichen wirst.<\/li>\n\n\n\n<li>Wir behalten uns das Recht vor, unseren Dienst oder einen Teil davon jederzeit ohne Vorank\u00fcndigung und ohne jegliche Haftung zu \u00e4ndern, auszusetzen oder zur\u00fcckzuziehen.<\/li>\n\n\n\n<li>Es liegt in deiner alleinigen Verantwortung zu pr\u00fcfen, ob sich die Bedingungen ge\u00e4ndert haben.<\/li>\n<\/ol>\n","protected":false},"excerpt":{"rendered":"<p>Allgemeine Gesch\u00e4ftsbedingungen FreewaySocial.com Vielen Dank f\u00fcr die Nutzung unserer Produkte und Dienstleistungen (&#8222;Dienstleistungen&#8220;). Die Dienstleistungen werden von der Huge Upward LTD erbracht. Indem du auf diese Website zugreifst, erkl\u00e4rst du dich mit diesen Nutzungsbedingungen, allen geltenden Gesetzen und Vorschriften einverstanden und erkl\u00e4rst dich damit einverstanden, dass du f\u00fcr die Einhaltung aller geltenden lokalen Gesetze verantwortlich [&hellip;]<\/p>\n","protected":false},"author":1,"featured_media":0,"parent":0,"menu_order":0,"comment_status":"closed","ping_status":"closed","template":"","meta":{"site-sidebar-layout":"default","site-content-layout":"","ast-site-content-layout":"default","site-content-style":"default","site-sidebar-style":"default","ast-global-header-display":"","ast-banner-title-visibility":"","ast-main-header-display":"","ast-hfb-above-header-display":"","ast-hfb-below-header-display":"","ast-hfb-mobile-header-display":"","site-post-title":"","ast-breadcrumbs-content":"","ast-featured-img":"","footer-sml-layout":"","ast-disable-related-posts":"","theme-transparent-header-meta":"","adv-header-id-meta":"","stick-header-meta":"","header-above-stick-meta":"","header-main-stick-meta":"","header-below-stick-meta":"","astra-migrate-meta-layouts":"default","ast-page-background-enabled":"default","ast-page-background-meta":{"desktop":{"background-color":"var(--ast-global-color-4)","background-image":"","background-repeat":"repeat","background-position":"center center","background-size":"auto","background-attachment":"scroll","background-type":"","background-media":"","overlay-type":"","overlay-color":"","overlay-opacity":"","overlay-gradient":""},"tablet":{"background-color":"","background-image":"","background-repeat":"repeat","background-position":"center center","background-size":"auto","background-attachment":"scroll","background-type":"","background-media":"","overlay-type":"","overlay-color":"","overlay-opacity":"","overlay-gradient":""},"mobile":{"background-color":"","background-image":"","background-repeat":"repeat","background-position":"center center","background-size":"auto","background-attachment":"scroll","background-type":"","background-media":"","overlay-type":"","overlay-color":"","overlay-opacity":"","overlay-gradient":""}},"ast-content-background-meta":{"desktop":{"background-color":"var(--ast-global-color-5)","background-image":"","background-repeat":"repeat","background-position":"center center","background-size":"auto","background-attachment":"scroll","background-type":"","background-media":"","overlay-type":"","overlay-color":"","overlay-opacity":"","overlay-gradient":""},"tablet":{"background-color":"var(--ast-global-color-5)","background-image":"","background-repeat":"repeat","background-position":"center center","background-size":"auto","background-attachment":"scroll","background-type":"","background-media":"","overlay-type":"","overlay-color":"","overlay-opacity":"","overlay-gradient":""},"mobile":{"background-color":"var(--ast-global-color-5)","background-image":"","background-repeat":"repeat","background-position":"center center","background-size":"auto","background-attachment":"scroll","background-type":"","background-media":"","overlay-type":"","overlay-color":"","overlay-opacity":"","overlay-gradient":""}},"footnotes":""},"class_list":["post-90276","page","type-page","status-publish","hentry"],"_links":{"self":[{"href":"https:\/\/freewaysocial.com\/de\/wp-json\/wp\/v2\/pages\/90276","targetHints":{"allow":["GET"]}}],"collection":[{"href":"https:\/\/freewaysocial.com\/de\/wp-json\/wp\/v2\/pages"}],"about":[{"href":"https:\/\/freewaysocial.com\/de\/wp-json\/wp\/v2\/types\/page"}],"author":[{"embeddable":true,"href":"https:\/\/freewaysocial.com\/de\/wp-json\/wp\/v2\/users\/1"}],"replies":[{"embeddable":true,"href":"https:\/\/freewaysocial.com\/de\/wp-json\/wp\/v2\/comments?post=90276"}],"version-history":[{"count":0,"href":"https:\/\/freewaysocial.com\/de\/wp-json\/wp\/v2\/pages\/90276\/revisions"}],"wp:attachment":[{"href":"https:\/\/freewaysocial.com\/de\/wp-json\/wp\/v2\/media?parent=90276"}],"curies":[{"name":"wp","href":"https:\/\/api.w.org\/{rel}","templated":true}]}}